{"id":73,"date":"2025-02-01T09:23:39","date_gmt":"2025-02-01T08:23:39","guid":{"rendered":"https:\/\/reindersweb.de\/?page_id=73"},"modified":"2025-02-01T09:23:39","modified_gmt":"2025-02-01T08:23:39","slug":"defragmentieren-einer-hdd","status":"publish","type":"page","link":"https:\/\/www.reindersweb.de\/?page_id=73","title":{"rendered":"Defragmentieren einer HDD"},"content":{"rendered":"<p>&#8230; Am Beispiel von Windows 10<\/p>\n<p>Gleich zu Anfang sei einmal gesagt, dass es sich bei diesem Artikel um das Defragmentieren bzw. die automatische Optimierung von Festplatten unter MS Windows 10 handelt. Bei Linux n\u00e4mlich ist die Defragmentierung nicht notwendig, da die Dateisysteme &#8222;ext3&#8220; und vor allem &#8222;ext4&#8220; Logiken enhalten, die eine Dateifragmentierung vermeiden.<\/p>\n<p>Eine Dateifragmentierung unter Windows geschieht beim Schreiben und L\u00f6schen auf der Festplatte. Schon beim normalen Bootvorgang eines Windows-PC werden Daten auf der Festplatte (SSD oder HDD) in alle &#8222;Winde&#8220; verstreut. Man stelle sich eine Datei wie einen Schneeball vor, der beim wiederauftreffen auf die Festplatte in kleine Teile zerplittert und wahllos auf der &#8222;Oberfl\u00e4che&#8220; verteilt wird. Durch die Fragmentierung der Daten wird der Zugriff verlangsamt, weil Windows zu lange nach deren einzelnen Teilen (Fragmenten) suchen muss. Um diesen &#8222;Schneeball&#8220; wieder zu einem St\u00fcck zusammen zu f\u00fcgen, ben\u00f6tigen wir unter Windows 10 die Optimierungsfunktion f\u00fcr HDD&#8217;s.<\/p>\n<p>Das sah fr\u00fcher in etwa so aus:<br \/>\n<a href=\"images\/fragmentierung.png\" data-lightbox=\"optimieren\" data-title=\"Windows 10 HDD Optimieren\"><img decoding=\"async\" style=\"border:2px solid #8A0829;\" src=\"..\/images\/fragmentierung.png\" width=\"764\"><\/a><br \/>\nAbb 1.: Datenfragmentierung<\/p>\n<p>Seit Windows 7 k\u00fcmmert sich das Betriebssystem selbst um das Defragmentieren, bzw. Optimieren der Festplatte. Auf SSD-Festplatten (wenn diese erkannt werden) deaktiviert Windows das Defragmentieren. SSD-Fesplatten besitzen keine mechanischen Teile. Die Zeitverz\u00f6gerung durch eventuelle Kopfbewegungen beim Zugriff fallen weg. Der Zugriff durch die Datenfragmentierung wird nicht wesentlich langsamer.<\/p>\n<p>Windows 7 und Server 2008 R2 defragmentieren die Festplatte automatisch im Hintergrund. Zu diesem Zweck gibt es bei diesen Betrisbssystem den Dienst &#8222;defragsvc&#8220;. Zust\u00e4tzlich eingerichtet ist ein geplanter Task namens &#8222;ScheduledDefrag&#8220;, der das Defragmentieren der Fesplatte \u00fcbernimmt.<\/p>\n<p>Unter Windows 10 kann man dem Betriebssystem \u00fcber die Optimieren-Funktion des jeweiligen Laufwerks (HDD) eine sogenannte Optimierung zuweisen bzw. einrichten.<br \/>\n<a href=\"images\/win10_optimieren_hdd.png\" data-lightbox=\"optimieren\" data-title=\"Windows 10 HDD Optimieren\"><img decoding=\"async\" style=\"border:2px solid #8A0829;\" src=\"..\/images\/win10_optimieren_hdd.png\" width=\"600\"><\/a><br \/>\nAbb 2.: Windows 10 Optimieren einer HDD oder Partition<\/p>\n<p>Wie hier in der Abbildung zu sehen ist, kann man f\u00fcr alle vorhandenen Partitionen einer HDD die sogenannte Optimierung einrichten, die fortan selbstst\u00e4ndig daf\u00fcr Sorge tr\u00e4gt, dass die vorhandenen Daten auf den jeweiligen Partitionen so optimiert werden, dass eine &#8222;manuelle&#8220; Defragmentierung \u00fcber Defragmentierungsprogramme g\u00e4nzlich entf\u00e4llt.<\/p>\n<p>Um dies einzurichten, geht man wie folgt vor:<\/p>\n<p>\n1. \u00d6ffnen Sie den Explorer und klicken Sie auf &#8222;Dieser PC&#8220;<br \/>\n2. Klicken Sie auf die entsprechende HDD oder Partition und \u00f6ffnen dann mit der rechten Maustaste das Kontextmen\u00fc<br \/>\n3. Im Kontextmen\u00fc klicken Sie ganz unten auf &#8222;Eigenschaften&#8220;<br \/>\n4. Im folgenden Fenster klicken Sie auf den Karteireiter &#8222;Tools&#8220;<br \/>\n5. Hier klicken SIe nun auf &#8222;Optimieren&#8220;<br \/>\n6. Es \u00f6ffnet sich ein weiteres Fenster, in dem Sie ihre SSD und\/oder HDD aufgelistet bekommen.<br \/>\n7. Dort klicken Sie auf eine HDD oder Partition und es \u00f6ffnet sich wieder ein neues Fenster<br \/>\n8. Hier k\u00f6nnen Sie ihre HDD&#8217;s oder Partitionen analysieren oder auch direkt optimieren lassen.<br \/>\nEbenso k\u00f6nnen Sie dort auf &#8222;Einstellungen \u00e4ndern&#8220; klicken, um die automatische Opimierung nach Zeitplan einzurichten.<br \/>\n9. Sie k\u00f6nnen im nachfolgend erscheinen neuen Fenster einstellen, ob die jeweiligen HDD&#8217;s oder Partionen in einer t\u00e4glichen, w\u00f6chentlichen oder monatlichen<br \/>\nH\u00e4ufigkeit optimiert werden. Ausserdem kann man dort die Aufgabenpriorit\u00e4t erh\u00f6hen, wenn man drei aufeinanderfolgende &#8222;Ausf\u00fchrungen&#8220; verpasst werden.<br \/>\nEbenso kann man dort ausw\u00e4hlen, welche Laufwerke (HDD) bzw. Partionen von diesen Massnahmen betroffen sind. Empfehlung: W\u00e4hlen Sie alle HDD-Partionen aus!<\/p>\n<p>\u00a9 12.10.2021 Ulli Reinders<\/p>\n","protected":false},"excerpt":{"rendered":"<p>&#8230; Am Beispiel von Windows 10 Gleich zu Anfang sei einmal gesagt, dass es sich bei diesem Artikel um das Defragmentieren bzw. die automatische Optimierung von Festplatten unter MS Windows 10 handelt. Bei Linux n\u00e4mlich ist die Defragmentierung nicht notwendig, da die Dateisysteme &#8222;ext3&#8220; und vor allem &#8222;ext4&#8220; Logiken enhalten, die eine Dateifragmentierung vermeiden. Eine Dateifragmentierung unter Windows geschieht beim Schreiben und L\u00f6schen auf der Festplatte. Schon beim normalen Bootvorgang eines Windows-PC werden Daten auf der Festplatte (SSD oder HDD) in alle &#8222;Winde&#8220; verstreut. Man stelle sich eine Datei wie einen Schneeball vor, der beim wiederauftreffen auf die Festplatte in kleine Teile zerplittert und wahllos auf der &#8222;Oberfl\u00e4che&#8220; verteilt wird. Durch die Fragmentierung der Daten wird der Zugriff verlangsamt, weil Windows zu lange nach deren einzelnen Teilen (Fragmenten) suchen muss. Um diesen &#8222;Schneeball&#8220; wieder zu einem St\u00fcck zusammen zu f\u00fcgen, ben\u00f6tigen wir unter Windows 10 die Optimierungsfunktion f\u00fcr HDD&#8217;s. Das sah fr\u00fcher in etwa so aus: Abb 1.: Datenfragmentierung Seit Windows 7 k\u00fcmmert sich das Betriebssystem selbst um das Defragmentieren, bzw. Optimieren der Festplatte. Auf SSD-Festplatten (wenn diese erkannt werden) deaktiviert Windows das Defragmentieren. SSD-Fesplatten besitzen keine mechanischen Teile. Die Zeitverz\u00f6gerung durch eventuelle Kopfbewegungen beim Zugriff fallen weg. Der Zugriff [&hellip;]<\/p>\n","protected":false},"author":1,"featured_media":0,"parent":0,"menu_order":0,"comment_status":"closed","ping_status":"closed","template":"","meta":{"pgc_sgb_lightbox_settings":"","footnotes":""},"class_list":["post-73","page","type-page","status-publish","hentry"],"_links":{"self":[{"href":"https:\/\/www.reindersweb.de\/index.php?rest_route=\/wp\/v2\/pages\/73","targetHints":{"allow":["GET"]}}],"collection":[{"href":"https:\/\/www.reindersweb.de\/index.php?rest_route=\/wp\/v2\/pages"}],"about":[{"href":"https:\/\/www.reindersweb.de\/index.php?rest_route=\/wp\/v2\/types\/page"}],"author":[{"embeddable":true,"href":"https:\/\/www.reindersweb.de\/index.php?rest_route=\/wp\/v2\/users\/1"}],"replies":[{"embeddable":true,"href":"https:\/\/www.reindersweb.de\/index.php?rest_route=%2Fwp%2Fv2%2Fcomments&post=73"}],"version-history":[{"count":0,"href":"https:\/\/www.reindersweb.de\/index.php?rest_route=\/wp\/v2\/pages\/73\/revisions"}],"wp:attachment":[{"href":"https:\/\/www.reindersweb.de\/index.php?rest_route=%2Fwp%2Fv2%2Fmedia&parent=73"}],"curies":[{"name":"wp","href":"https:\/\/api.w.org\/{rel}","templated":true}]}}