{"id":54,"date":"2025-01-26T09:51:33","date_gmt":"2025-01-26T08:51:33","guid":{"rendered":"https:\/\/reindersweb.de\/?page_id=54"},"modified":"2025-01-26T20:18:58","modified_gmt":"2025-01-26T19:18:58","slug":"systemwartung","status":"publish","type":"page","link":"https:\/\/www.reindersweb.de\/?page_id=54","title":{"rendered":"Systemwartung"},"content":{"rendered":"<p><IMG style=\"border:2px solid #ff0000;\" src=\"images\/systemwartung.png\" WIDTH=\"450\" BORDER=\"0\" ALIGN=\"middle\"><BR><br \/>\n<br \/>\n&#10132;&nbsp;<i style=\"letter-spacing:1px;font-variant:small-caps;color:#ff0000;\"><b>S<\/b>oftwarebezogene Systemwartung:<\/i><\/p>\n<p>Immer wieder h\u00f6re oder sehe ich, dass sich jemand einen fertig eingerichteten PC<br \/>\nbei einem Versandhaus bestellt hat oder auch in einem Kaufhaus wie Saturn, oder<br \/>\ndem Media-Markt gekauft hat.<br \/>\nZumeist sind dies Leute, die vom PC und dem richtigen Umgang damit sehr wenig bis<br \/>\ngar keine Ahnung haben. Der Rechner wird angeschafft in dem Sinnen, damit auch<br \/>\neinmal ins Internet gehen zu k\u00f6nnen, oder um sich ganz einfach mal ein wenig mit<br \/>\nden darauf installierten Spielen oder Multimediaprogrammen die Zeit zu vertreiben.<br \/>\nMeist jedoch wird ein PC angeschafft, damit man sich nicht nur \u00fcber sein Smartphone mit den Leuten<br \/>\n\u00fcber die sozialen Medien Verbinden kann. Es gibt vor allem unter dem jungen Volk heutzutage<br \/>\nkaum noch jemanden, dem nichts wichtiger ist.<br \/>\nDie wenigsten PC-Besitzer haben eine Vorstellung davon, dass es f\u00fcr den dauerhaften,<br \/>\nvor allem fehlerfreien Gebrauch des PC ebenso notwendig ist, in regelm\u00e4\u00dfigen Abst\u00e4nden eine<br \/>\nSystemwartung durchzuf\u00fchren. Oft wird der PC einfach nur eingeschaltet und nach<br \/>\nGebrauch einfach wieder abgeschaltet (oft sogar falsch), ohne dar\u00fcber nachzudenken, ob es nicht von<br \/>\nN\u00f6ten ist, nun einmal die Festplatte \u00fcberpr\u00fcfen zu lassen und sie anschlie\u00dfend<br \/>\nzu reorganisieren (Defragmentieren ist ja unter Windows 10 und 11 nun nicht mehr n\u00f6tig,<br \/>\ninsofern man die automatische Optimierung der HDD nicht gerade abgeschaltet wurde).<br \/>\nDoch wer, vom Datum der Anschaffung an gesehen, seinen PC auch in einem oder zwei<br \/>\nJahren, oder auch dar\u00fcber hinaus noch fehlerfrei funktionieren sehen m\u00f6chte, dem w\u00e4re anzuraten, in<br \/>\nregelm&#252;\u00dfigen Abst&#252;nden seine Festplatte automatisch optimieren zu lassen.<br \/>\nAuch eine L\u00f6schung der Internetspuren (Tempor\u00e4re Daten, bzw. Datenm\u00fcll, Cookies, Sitzungsverlauf etc.) ist dringend von N\u00f6ten. Schon alleine deswegen, weil man sonst eventuell bei der Nutzung von Suchmaschinen (wie bspw. Google) Ergebnisse des vorhergenden Suchvorgangs mit angezeigt bekommt, die man dieses Mal eigentlich gar nicht gesucht hat. <\/p>\n<p>Wer sich also einen fertigen PC mit Windows 10 oder 11 anschafft, der sollte gleich nach dem ersten Start des Rechners<br \/>\ndie mitgelieferte Sicherheitssoftware und auch die Optimierung der HDD aktivieren.<br \/>\nEbenso sollte man SOFORT eine Software f\u00fcr die Systemwartung installieren. Eine Software, die sich zur Systemwartung sehr gut eignet, ist hier<br \/>\n&#8222;Glary Utilities&#8220; (<a href=\"https:\/\/www.glarysoft.com\/glary-utilities\/\" target=\"_blank\" onclick=\"if(this.blur) this.blur()\">http:\/\/www.glarysoft.com\/glary-utilities\/<\/A>) &#8211; Diese Software ist kostenlos!<br \/>\n<a href=\"glary_utilities\/screenshots\/glary_oberflaeche.jpg\" data-lbwps-gid=\"glary_oberflaeche.jpg\"><img loading=\"lazy\" decoding=\"async\" style=\"border:2px solid #ff0000;\" src=\"glary_utilities\/screenshots\/glary_oberflaeche.jpg\" width=\"841\" height=\"599\"><\/a><br \/>\nUm die Defragmentierung bzw. Optimierung der HDD einzurichten, empfehle ich, bitte folgenden Artikel zu lesen: <a href=\"defragmentierung.php\" target=\"_blank\" onclick=\"if(this.blur) this.blur()\">Defragmentierung<\/A><\/p>\n<p>Abgesehen vom Pr\u00fcfen und Defragmentieren der Festplatte ist es notwendig (empfohlen<br \/>\nin t\u00e4glichen Abst\u00e4nden &#8211; am besten zu festen, vordefinierten Zeiten) eine \u00dcberpr\u00fcfung<br \/>\nder Systemregistrierung (Registry) durchzuf\u00fchren. Hierzu eignet sich das Tool<br \/>\nRegistry-Cleaner aus dem o.g. &#8222;Glary Utilities&#8220;-Paket. Es gen\u00fcgt aber auch, die 1-Klick-Wartung der Glary Utilities zu nutzen.<\/p>\n<p>\n&#10132;&nbsp;<i style=\"letter-spacing:1px;font-variant:small-caps;color:#ff0000;\"><b>M<\/b>anuelle Systemwartung:<\/i><\/p>\n<p>Au\u00dfer der softwarem\u00e4\u00dfigen Wartung ben\u00f6tigt ein PC ausserdem eine gewisse Menge an<br \/>\nmanueller Pflege. Dazu geh\u00f6rt es unter Anderem, die Bel\u00fcftungswege des PC in regelm\u00e4ssigen Abst\u00e4nden zu reinigen, und somit frei von Staub zu halten, damit eine gute L\u00fcftung des Computers gew&#228;hrleistet wird.<br \/>\n<IMG style=\"border:2px solid #ff0000;\" src=\"images\/gehaeuseluefter.png\" WIDTH=\"450\" BORDER=\"0\" ALIGN=\"middle\"><BR><br \/>\n(Hier ein Geh\u00e4usel\u00fcfter)<br \/>\nDies beugt einer \u00dcberhitzung des Geh\u00e4useinnenraums vor und sorgt zugleich f\u00fcr den<br \/>\nEffekt, das der Rechner weiterhin wie gewohnt schnell ist und schont u.a. auch<br \/>\ndie Festplatte(n).<br \/>\nAber auch der L\u00fcfter Ihrer CPU (Control Panel Unit) sollte in regelm\u00e4ssigen Abst\u00e4nden<br \/>\nauf Staub gepr\u00fcft und gereinigt werden.<br \/>\n<IMG style=\"border:2px solid #ff0000;\" src=\"images\/cpuluefter.jpg\" WIDTH=\"450\" HEIGHT=\"457\" BORDER=\"0\" ALIGN=\"middle\"><BR><br \/>\n(Hier ein CPU-L\u00fcfter)<br \/>\nSollten Sie hierzu mit einem Stausauger zu Werke gehen und ggf. sogar das Geh\u00e4use \u00f6ffnen,<br \/>\nso achten Sie bitte darauf, mit dem Saugstutzen nicht zu nah an die im Rechner befindliche<br \/>\nPlatine (Motherboard) zu kommen. Sie k\u00f6nnten sonst etwas einsaugen, das nicht eingesaugt<br \/>\nwerden soll oder auch eine statische Spannung erzeugen, die Ihr Ger\u00e4t besch&#228;digt.<BR><br \/>\nEs gibt auch Ger\u00e4te (elektrische Staubgebl\u00e4se), mit denen man den Staub aus dem Geh\u00e4use &#8222;blasen&#8220; kann.<br \/>\n<IMG style=\"border:2px solid #ff0000;\" src=\"images\/opolar_air_duster.png\" WIDTH=\"450\" BORDER=\"0\" ALIGN=\"middle\"><BR><br \/>\n(Hier ein Opolar Air Duster)<\/p>\n<p>Staub sammelt sich sehr schnell zu gr\u00f6\u00dferen Kn&#228;ueln und setzt sich an L\u00fcfter, HDD und anderen Teilen fest,<br \/>\nwas auf Dauer dazu f\u00fchren kann, dass sich bspw. Bel\u00fcftungswege zusetzen oder die HDD (Festplatte(n))<br \/>\n\u00fcberhitzen. Vor allem die CPU ist hierbei eines der empfindlichsten Teile. Denn bei \u00dcberhitzung kann<br \/>\ndiese im extremsten Falle auch einmal schmilzen. \u00dcblicherweise sollte es bei \u00dcberhitzung der CPU zur automatischen<br \/>\nAbschaltung des PC f\u00fchren!<br \/>\nIch m\u00f6chte Ihnen daher dringend ans Herz legen, diese Tipps zu beherzigen, damit sie lange Freude<br \/>\nan Ihrem PC haben, und ihn nicht in wenigen Monaten zu einem der kleinen oder gro\u00dfen Computerh\u00e4ndler (oder irgendwelchen kleinen Scharlatanen, die Ihnen nur das Geld aus der Tasche ziehen wollen), zur Reparatur bringen zu m\u00fcssen.<\/p>\n<p>&copy; 07.02.2010 Ulli Reinders<br \/>\naktualisiert: 18.09.2022 Ulli Reinders<\/p>\n","protected":false},"excerpt":{"rendered":"<p>&#10132;&nbsp;Softwarebezogene Systemwartung: Immer wieder h\u00f6re oder sehe ich, dass sich jemand einen fertig eingerichteten PC bei einem Versandhaus bestellt hat oder auch in einem Kaufhaus wie Saturn, oder dem Media-Markt gekauft hat. Zumeist sind dies Leute, die vom PC und dem richtigen Umgang damit sehr wenig bis gar keine Ahnung haben. Der Rechner wird angeschafft in dem Sinnen, damit auch einmal ins Internet gehen zu k\u00f6nnen, oder um sich ganz einfach mal ein wenig mit den darauf installierten Spielen oder Multimediaprogrammen die Zeit zu vertreiben. Meist jedoch wird ein PC angeschafft, damit man sich nicht nur \u00fcber sein Smartphone mit den Leuten \u00fcber die sozialen Medien Verbinden kann. Es gibt vor allem unter dem jungen Volk heutzutage kaum noch jemanden, dem nichts wichtiger ist. Die wenigsten PC-Besitzer haben eine Vorstellung davon, dass es f\u00fcr den dauerhaften, vor allem fehlerfreien Gebrauch des PC ebenso notwendig ist, in regelm\u00e4\u00dfigen Abst\u00e4nden eine Systemwartung durchzuf\u00fchren. Oft wird der PC einfach nur eingeschaltet und nach Gebrauch einfach wieder abgeschaltet (oft sogar falsch), ohne dar\u00fcber nachzudenken, ob es nicht von N\u00f6ten ist, nun einmal die Festplatte \u00fcberpr\u00fcfen zu lassen und sie anschlie\u00dfend zu reorganisieren (Defragmentieren ist ja unter Windows 10 und 11 nun nicht mehr n\u00f6tig, [&hellip;]<\/p>\n","protected":false},"author":1,"featured_media":0,"parent":0,"menu_order":0,"comment_status":"closed","ping_status":"closed","template":"","meta":{"pgc_sgb_lightbox_settings":"","footnotes":""},"class_list":["post-54","page","type-page","status-publish","hentry"],"_links":{"self":[{"href":"https:\/\/www.reindersweb.de\/index.php?rest_route=\/wp\/v2\/pages\/54","targetHints":{"allow":["GET"]}}],"collection":[{"href":"https:\/\/www.reindersweb.de\/index.php?rest_route=\/wp\/v2\/pages"}],"about":[{"href":"https:\/\/www.reindersweb.de\/index.php?rest_route=\/wp\/v2\/types\/page"}],"author":[{"embeddable":true,"href":"https:\/\/www.reindersweb.de\/index.php?rest_route=\/wp\/v2\/users\/1"}],"replies":[{"embeddable":true,"href":"https:\/\/www.reindersweb.de\/index.php?rest_route=%2Fwp%2Fv2%2Fcomments&post=54"}],"version-history":[{"count":0,"href":"https:\/\/www.reindersweb.de\/index.php?rest_route=\/wp\/v2\/pages\/54\/revisions"}],"wp:attachment":[{"href":"https:\/\/www.reindersweb.de\/index.php?rest_route=%2Fwp%2Fv2%2Fmedia&parent=54"}],"curies":[{"name":"wp","href":"https:\/\/api.w.org\/{rel}","templated":true}]}}