{"id":509,"date":"2025-03-05T15:00:41","date_gmt":"2025-03-05T14:00:41","guid":{"rendered":"https:\/\/www.reindersweb.de\/?page_id=509"},"modified":"2025-03-05T15:00:41","modified_gmt":"2025-03-05T14:00:41","slug":"android-wallpapers-1536x2048px","status":"publish","type":"page","link":"https:\/\/www.reindersweb.de\/?page_id=509","title":{"rendered":"Android Wallpapers: 1536x2048px"},"content":{"rendered":"<p><h8>(Hintergrundbilder f\u00fcr Dein Smartphone oder Computer)<\/h8><br \/>\n<h8>Gr\u00f6\u00dfe: 1536x2048px<\/h8><\/p>\n<table align=\"left\" cellspacing=\"0\" cellpadding=\"0\" width=\"100%\" style=\"border:3px solid #000;\">\n<tr align=\"center\" valign=\"top\">\n<td align=\"center\" valign=\"top\" width=\"50%\">\n<center><br \/>\n<a href=\"1536x2048\/android01_1536x2048px.jpg\"><img loading=\"lazy\" decoding=\"async\" src=\"1536x2048\/tn_android01_1536x2048px.jpg\" width=\"188\" height=\"300\" border=\"0\" alt=\"\" style=\"border:3px solid #ff0000;\"><\/a><br \/>\n<\/center>\n    <\/td>\n<td align=\"center\" valign=\"top\" width=\"50%\">\n<center><br \/>\n<a href=\"1536x2048\/android02_1536x2048px.jpg\"><img loading=\"lazy\" decoding=\"async\" src=\"1536x2048\/tn_android02_1536x2048px.jpg\" width=\"188\" height=\"300\" border=\"0\" alt=\"\" style=\"border:3px solid #ff0000;\"><\/a><br \/>\n<\/center>\n    <\/td>\n<\/tr>\n<tr align=\"center\" valign=\"top\">\n<td align=\"center\" valign=\"top\" width=\"50%\">\n<center><br \/>\n<a href=\"1536x2048\/android03_1536x2048px.jpg\"><img loading=\"lazy\" decoding=\"async\" src=\"1536x2048\/tn_android03_1536x2048px.jpg\" width=\"188\" height=\"300\" border=\"0\" alt=\"\" style=\"border:3px solid #ff0000;\"><\/a><br \/>\n<\/center>\n    <\/td>\n<td align=\"center\" valign=\"top\" width=\"50%\">\n<center><br \/>\n<a href=\"1536x2048\/android04_1536x2048px.jpg\"><img loading=\"lazy\" decoding=\"async\" src=\"1536x2048\/tn_android04_1536x2048px.jpg\" width=\"188\" height=\"300\" border=\"0\" alt=\"\" style=\"border:3px solid #ff0000;\"><\/a><br \/>\n<\/center>\n    <\/td>\n<\/tr>\n<tr align=\"center\" valign=\"top\">\n<td align=\"center\" valign=\"top\" width=\"50%\">\n<center><br \/>\n<a href=\"1536x2048\/android05_1536x2048px.jpg\"><img loading=\"lazy\" decoding=\"async\" src=\"1536x2048\/tn_android05_1536x2048px.jpg\" width=\"188\" height=\"300\" border=\"0\" alt=\"\" style=\"border:3px solid #ff0000;\"><\/a><br \/>\n<\/center>\n    <\/td>\n<td align=\"center\" valign=\"top\" width=\"50%\">\n<center><br \/>\n<a href=\"1536x2048\/android06_1536x2048px.jpg\"><img loading=\"lazy\" decoding=\"async\" src=\"1536x2048\/tn_android06_1536x2048px.jpg\" width=\"188\" height=\"300\" border=\"0\" alt=\"\" style=\"border:3px solid #ff0000;\"><\/a><br \/>\n<\/center>\n    <\/td>\n<\/tr>\n<tr align=\"center\" valign=\"top\">\n<td align=\"center\" valign=\"top\" width=\"50%\">\n<center><br \/>\n<a href=\"1536x2048\/android07_1536x2048px.jpg\"><img loading=\"lazy\" decoding=\"async\" src=\"1536x2048\/tn_android07_1536x2048px.jpg\" width=\"188\" height=\"300\" border=\"0\" alt=\"\" style=\"border:3px solid #ff0000;\"><\/a><br \/>\n<\/center>\n    <\/td>\n<td align=\"center\" valign=\"top\" width=\"50%\">\n<center><br \/>\n<a href=\"1536x2048\/android08_1536x2048px.jpg\"><img loading=\"lazy\" decoding=\"async\" src=\"1536x2048\/tn_android08_1536x2048px.jpg\" width=\"188\" height=\"300\" border=\"0\" alt=\"\" style=\"border:3px solid #ff0000;\"><\/a><br \/>\n<\/center>\n    <\/td>\n<\/tr>\n<tr align=\"center\" valign=\"top\">\n<td align=\"center\" valign=\"top\" width=\"50%\">\n<center><br \/>\n<a href=\"1536x2048\/android09_1536x2048px.jpg\"><img loading=\"lazy\" decoding=\"async\" src=\"1536x2048\/tn_android09_1536x2048px.jpg\" width=\"188\" height=\"300\" border=\"0\" alt=\"\" style=\"border:3px solid #ff0000;\"><\/a><br \/>\n<\/center>\n    <\/td>\n<td align=\"center\" valign=\"top\" width=\"50%\">\n<center><br \/>\n<a href=\"1536x2048\/android10_1536x2048px.jpg\"><img loading=\"lazy\" decoding=\"async\" src=\"1536x2048\/tn_android10_1536x2048px.jpg\" width=\"188\" height=\"300\" border=\"0\" alt=\"\" style=\"border:3px solid #ff0000;\"><\/a><br \/>\n<\/center>\n    <\/td>\n<\/tr>\n<tr align=\"center\" valign=\"top\">\n<td align=\"center\" valign=\"top\" width=\"50%\">\n<center><br \/>\n<a href=\"1536x2048\/android11_1536x2048px.jpg\"><img loading=\"lazy\" decoding=\"async\" src=\"1536x2048\/tn_android11_1536x2048px.jpg\" width=\"188\" height=\"300\" border=\"0\" alt=\"\" style=\"border:3px solid #ff0000;\"><\/a><br \/>\n<\/center>\n    <\/td>\n<td align=\"center\" valign=\"top\" width=\"50%\">\n<center><br \/>\n<a href=\"1536x2048\/android12_1536x2048px.jpg\"><img loading=\"lazy\" decoding=\"async\" src=\"1536x2048\/tn_android12_1536x2048px.jpg\" width=\"188\" height=\"300\" border=\"0\" alt=\"\" style=\"border:3px solid #ff0000;\"><\/a><br \/>\n<\/center>\n    <\/td>\n<\/tr>\n<\/table>\n","protected":false},"excerpt":{"rendered":"<p>(Hintergrundbilder f\u00fcr Dein Smartphone oder Computer) Gr\u00f6\u00dfe: 1536x2048px<\/p>\n","protected":false},"author":1,"featured_media":0,"parent":0,"menu_order":0,"comment_status":"closed","ping_status":"closed","template":"","meta":{"pgc_sgb_lightbox_settings":"","footnotes":""},"class_list":["post-509","page","type-page","status-publish","hentry"],"_links":{"self":[{"href":"https:\/\/www.reindersweb.de\/index.php?rest_route=\/wp\/v2\/pages\/509","targetHints":{"allow":["GET"]}}],"collection":[{"href":"https:\/\/www.reindersweb.de\/index.php?rest_route=\/wp\/v2\/pages"}],"about":[{"href":"https:\/\/www.reindersweb.de\/index.php?rest_route=\/wp\/v2\/types\/page"}],"author":[{"embeddable":true,"href":"https:\/\/www.reindersweb.de\/index.php?rest_route=\/wp\/v2\/users\/1"}],"replies":[{"embeddable":true,"href":"https:\/\/www.reindersweb.de\/index.php?rest_route=%2Fwp%2Fv2%2Fcomments&post=509"}],"version-history":[{"count":0,"href":"https:\/\/www.reindersweb.de\/index.php?rest_route=\/wp\/v2\/pages\/509\/revisions"}],"wp:attachment":[{"href":"https:\/\/www.reindersweb.de\/index.php?rest_route=%2Fwp%2Fv2%2Fmedia&parent=509"}],"curies":[{"name":"wp","href":"https:\/\/api.w.org\/{rel}","templated":true}]}}