{"id":500,"date":"2025-03-05T14:53:13","date_gmt":"2025-03-05T13:53:13","guid":{"rendered":"https:\/\/www.reindersweb.de\/?page_id=500"},"modified":"2025-03-05T14:53:13","modified_gmt":"2025-03-05T13:53:13","slug":"android-wallpapers-1080x1920px","status":"publish","type":"page","link":"https:\/\/www.reindersweb.de\/?page_id=500","title":{"rendered":"Android Wallpapers: 1080x1920px"},"content":{"rendered":"<p><h8>(Hintergrundbilder f\u00fcr Dein Smartphone oder Computer)<\/h8><br \/>\n<h8>Gr\u00f6\u00dfe: 1080x1920px<\/h8><\/p>\n<table align=\"left\" cellspacing=\"0\" cellpadding=\"0\" width=\"100%\" style=\"border:3px solid #000;\">\n<tr align=\"center\" valign=\"top\">\n<td align=\"center\" valign=\"top\" width=\"50%\">\n<center><br \/>\n<a href=\"1080x1920\/android01_1080x1920px.jpg\"><img loading=\"lazy\" decoding=\"async\" src=\"1080x1920\/tn_android01_1080x1920px.jpg\" width=\"188\" height=\"300\" border=\"0\" alt=\"\" style=\"border:3px solid #ff0000;\"><\/a><br \/>\n<\/center>\n    <\/td>\n<td align=\"center\" valign=\"top\" width=\"50%\">\n<center><br \/>\n<a href=\"1080x1920\/android02_1080x1920px.jpg\"><img loading=\"lazy\" decoding=\"async\" src=\"1080x1920\/tn_android02_1080x1920px.jpg\" width=\"188\" height=\"300\" border=\"0\" alt=\"\" style=\"border:3px solid #ff0000;\"><\/a><br \/>\n<\/center>\n    <\/td>\n<\/tr>\n<tr align=\"center\" valign=\"top\">\n<td align=\"center\" valign=\"top\" width=\"50%\">\n<center><br \/>\n<a href=\"1080x1920\/android03_1080x1920px.jpg\"><img loading=\"lazy\" decoding=\"async\" src=\"1080x1920\/tn_android03_1080x1920px.jpg\" width=\"188\" height=\"300\" border=\"0\" alt=\"\" style=\"border:3px solid #ff0000;\"><\/a><br \/>\n<\/center>\n    <\/td>\n<td align=\"center\" valign=\"top\" width=\"50%\">\n<center><br \/>\n<a href=\"1080x1920\/android04_1080x1920px.jpg\"><img loading=\"lazy\" decoding=\"async\" src=\"1080x1920\/tn_android04_1080x1920px.jpg\" width=\"188\" height=\"300\" border=\"0\" alt=\"\" style=\"border:3px solid #ff0000;\"><\/a><br \/>\n<\/center>\n    <\/td>\n<\/tr>\n<tr align=\"center\" valign=\"top\">\n<td align=\"center\" valign=\"top\" width=\"50%\">\n<center><br \/>\n<a href=\"1080x1920\/android05_1080x1920px.jpg\"><img loading=\"lazy\" decoding=\"async\" src=\"1080x1920\/tn_android05_1080x1920px.jpg\" width=\"188\" height=\"300\" border=\"0\" alt=\"\" style=\"border:3px solid #ff0000;\"><\/a><br \/>\n<\/center>\n    <\/td>\n<td align=\"center\" valign=\"top\" width=\"50%\">\n<center><br \/>\n<a href=\"1080x1920\/android06_1080x1920px.jpg\"><img loading=\"lazy\" decoding=\"async\" src=\"1080x1920\/tn_android06_1080x1920px.jpg\" width=\"188\" height=\"300\" border=\"0\" alt=\"\" style=\"border:3px solid #ff0000;\"><\/a><br \/>\n<\/center>\n    <\/td>\n<\/tr>\n<tr align=\"center\" valign=\"top\">\n<td align=\"center\" valign=\"top\" width=\"50%\">\n<center><br \/>\n<a href=\"1080x1920\/android07_1080x1920px.jpg\"><img loading=\"lazy\" decoding=\"async\" src=\"1080x1920\/tn_android07_1080x1920px.jpg\" width=\"188\" height=\"300\" border=\"0\" alt=\"\" style=\"border:3px solid #ff0000;\"><\/a><br \/>\n<\/center>\n    <\/td>\n<td align=\"center\" valign=\"top\" width=\"50%\">\n<center><br \/>\n<a href=\"1080x1920\/android08_1080x1920px.jpg\"><img loading=\"lazy\" decoding=\"async\" src=\"1080x1920\/tn_android08_1080x1920px.jpg\" width=\"188\" height=\"300\" border=\"0\" alt=\"\" style=\"border:3px solid #ff0000;\"><\/a><br \/>\n<\/center>\n    <\/td>\n<\/tr>\n<tr align=\"center\" valign=\"top\">\n<td align=\"center\" valign=\"top\" width=\"50%\">\n<center><br \/>\n<a href=\"1080x1920\/android09_1080x1920px.jpg\"><img loading=\"lazy\" decoding=\"async\" src=\"1080x1920\/tn_android09_1080x1920px.jpg\" width=\"188\" height=\"300\" border=\"0\" alt=\"\" style=\"border:3px solid #ff0000;\"><\/a><br \/>\n<\/center>\n    <\/td>\n<td align=\"center\" valign=\"top\" width=\"50%\">\n<center><br \/>\n<a href=\"1080x1920\/android10_1080x1920px.jpg\"><img loading=\"lazy\" decoding=\"async\" src=\"1080x1920\/tn_android10_1080x1920px.jpg\" width=\"188\" height=\"300\" border=\"0\" alt=\"\" style=\"border:3px solid #ff0000;\"><\/a><br \/>\n<\/center>\n    <\/td>\n<\/tr>\n<tr align=\"center\" valign=\"top\">\n<td align=\"center\" valign=\"top\" width=\"50%\">\n<center><br \/>\n<a href=\"1080x1920\/android11_1080x1920px.jpg\"><img loading=\"lazy\" decoding=\"async\" src=\"1080x1920\/tn_android11_1080x1920px.jpg\" width=\"188\" height=\"300\" border=\"0\" alt=\"\" style=\"border:3px solid #ff0000;\"><\/a><br \/>\n<\/center>\n    <\/td>\n<td align=\"center\" valign=\"top\" width=\"50%\">\n<center><br \/>\n<a href=\"1080x1920\/android12_1080x1920px.jpg\"><img loading=\"lazy\" decoding=\"async\" src=\"1080x1920\/tn_android12_1080x1920px.jpg\" width=\"188\" height=\"300\" border=\"0\" alt=\"\" style=\"border:3px solid #ff0000;\"><\/a><br \/>\n<\/center>\n    <\/td>\n<\/tr>\n<tr align=\"center\" valign=\"top\">\n<td align=\"center\" valign=\"top\" width=\"50%\">\n<center><br \/>\n<a href=\"1080x1920\/android13_1080x1920px.jpg\"><img loading=\"lazy\" decoding=\"async\" src=\"1080x1920\/tn_android13_1080x1920px.jpg\" width=\"188\" height=\"300\" border=\"0\" alt=\"\" style=\"border:3px solid #ff0000;\"><\/a><br \/>\n<\/center>\n    <\/td>\n<td align=\"center\" valign=\"top\" width=\"50%\">\n<center><br \/>\n<a href=\"1080x1920\/android14_1080x1920px.jpg\"><img loading=\"lazy\" decoding=\"async\" src=\"1080x1920\/tn_android14_1080x1920px.jpg\" width=\"188\" height=\"300\" border=\"0\" alt=\"\" style=\"border:3px solid #ff0000;\"><\/a><br \/>\n<\/center>\n    <\/td>\n<\/tr>\n<tr align=\"center\" valign=\"top\">\n<td align=\"center\" valign=\"top\" width=\"50%\">\n<center><br \/>\n<a href=\"1080x1920\/android15_1080x1920px.jpg\"><img loading=\"lazy\" decoding=\"async\" src=\"1080x1920\/tn_android15_1080x1920px.jpg\" width=\"188\" height=\"300\" border=\"0\" alt=\"\" style=\"border:3px solid #ff0000;\"><\/a><br \/>\n<\/center>\n    <\/td>\n<td align=\"center\" valign=\"top\" width=\"50%\">\n<center><br \/>\n<a href=\"1080x1920\/android16_1080x1920px.jpg\"><img loading=\"lazy\" decoding=\"async\" src=\"1080x1920\/tn_android16_1080x1920px.jpg\" width=\"188\" height=\"300\" border=\"0\" alt=\"\" style=\"border:3px solid #ff0000;\"><\/a><br \/>\n<\/center>\n    <\/td>\n<\/tr>\n<tr align=\"center\" valign=\"top\">\n<td align=\"center\" valign=\"top\" width=\"50%\">\n<center><br \/>\n<a href=\"1080x1920\/android17_1080x1920px.jpg\"><img loading=\"lazy\" decoding=\"async\" src=\"1080x1920\/tn_android17_1080x1920px.jpg\" width=\"188\" height=\"300\" border=\"0\" alt=\"\" style=\"border:3px solid #ff0000;\"><\/a><br \/>\n<\/center>\n    <\/td>\n<td align=\"center\" valign=\"top\" width=\"50%\">\n<center><br \/>\n<a href=\"1080x1920\/android18_1080x1920px.jpg\"><img loading=\"lazy\" decoding=\"async\" src=\"1080x1920\/tn_android18_1080x1920px.jpg\" width=\"188\" height=\"300\" border=\"0\" alt=\"\" style=\"border:3px solid #ff0000;\"><\/a><br \/>\n<\/center>\n    <\/td>\n<\/tr>\n<tr align=\"center\" valign=\"top\">\n<td align=\"center\" valign=\"top\" width=\"50%\">\n<center><br \/>\n<a href=\"1080x1920\/android19_1080x1920px.jpg\"><img loading=\"lazy\" decoding=\"async\" src=\"1080x1920\/tn_android19_1080x1920px.jpg\" width=\"188\" height=\"300\" border=\"0\" alt=\"\" style=\"border:3px solid #ff0000;\"><\/a><br \/>\n<\/center>\n    <\/td>\n<td align=\"center\" valign=\"top\" width=\"50%\">\n<center><br \/>\n<a href=\"1080x1920\/android20_1080x1920px.jpg\"><img loading=\"lazy\" decoding=\"async\" src=\"1080x1920\/tn_android20_1080x1920px.jpg\" width=\"188\" height=\"300\" border=\"0\" alt=\"\" style=\"border:3px solid #ff0000;\"><\/a><br \/>\n<\/center>\n    <\/td>\n<\/tr>\n<tr align=\"center\" valign=\"top\">\n<td align=\"center\" valign=\"top\" width=\"50%\">\n<center><br \/>\n<a href=\"1080x1920\/android21_1080x1920px.jpg\"><img loading=\"lazy\" decoding=\"async\" src=\"1080x1920\/tn_android21_1080x1920px.jpg\" width=\"188\" height=\"300\" border=\"0\" alt=\"\" style=\"border:3px solid #ff0000;\"><\/a><br \/>\n<\/center>\n    <\/td>\n<td align=\"center\" valign=\"top\" width=\"50%\">\n<center><br \/>\n&nbsp;<br \/>\n<\/center>\n    <\/td>\n<\/tr>\n<\/table>\n","protected":false},"excerpt":{"rendered":"<p>(Hintergrundbilder f\u00fcr Dein Smartphone oder Computer) Gr\u00f6\u00dfe: 1080x1920px &nbsp;<\/p>\n","protected":false},"author":1,"featured_media":0,"parent":0,"menu_order":0,"comment_status":"closed","ping_status":"closed","template":"","meta":{"pgc_sgb_lightbox_settings":"","footnotes":""},"class_list":["post-500","page","type-page","status-publish","hentry"],"_links":{"self":[{"href":"https:\/\/www.reindersweb.de\/index.php?rest_route=\/wp\/v2\/pages\/500","targetHints":{"allow":["GET"]}}],"collection":[{"href":"https:\/\/www.reindersweb.de\/index.php?rest_route=\/wp\/v2\/pages"}],"about":[{"href":"https:\/\/www.reindersweb.de\/index.php?rest_route=\/wp\/v2\/types\/page"}],"author":[{"embeddable":true,"href":"https:\/\/www.reindersweb.de\/index.php?rest_route=\/wp\/v2\/users\/1"}],"replies":[{"embeddable":true,"href":"https:\/\/www.reindersweb.de\/index.php?rest_route=%2Fwp%2Fv2%2Fcomments&post=500"}],"version-history":[{"count":0,"href":"https:\/\/www.reindersweb.de\/index.php?rest_route=\/wp\/v2\/pages\/500\/revisions"}],"wp:attachment":[{"href":"https:\/\/www.reindersweb.de\/index.php?rest_route=%2Fwp%2Fv2%2Fmedia&parent=500"}],"curies":[{"name":"wp","href":"https:\/\/api.w.org\/{rel}","templated":true}]}}