{"id":496,"date":"2025-03-05T14:51:38","date_gmt":"2025-03-05T13:51:38","guid":{"rendered":"https:\/\/www.reindersweb.de\/?page_id=496"},"modified":"2025-03-05T14:51:38","modified_gmt":"2025-03-05T13:51:38","slug":"android-wallpapers-720x1280px","status":"publish","type":"page","link":"https:\/\/www.reindersweb.de\/?page_id=496","title":{"rendered":"Android Wallpapers: 720x1280px"},"content":{"rendered":"<p><h8>(Hintergrundbilder f\u00fcr Dein Smartphone oder Computer)<\/h8><br \/>\n<h8>Gr\u00f6\u00dfe: 720x1280px<\/h8><\/p>\n<table align=\"left\" cellspacing=\"0\" cellpadding=\"0\" width=\"100%\" style=\"border:3px solid #000;\">\n<tr align=\"center\" valign=\"top\">\n<td align=\"center\" valign=\"top\" width=\"50%\">\n<center><br \/>\n<a href=\"720x1280\/android01_720x1280px.jpg\"><img loading=\"lazy\" decoding=\"async\" src=\"720x1280\/tn_android01_720x1280px.jpg\" width=\"188\" height=\"300\" border=\"0\" alt=\"\" style=\"border:3px solid #ff0000;\"><\/a><br \/>\n<\/center>\n    <\/td>\n<td align=\"center\" valign=\"top\" width=\"50%\">\n<center><br \/>\n<a href=\"720x1280\/android02_720x1280px.jpg\"><img loading=\"lazy\" decoding=\"async\" src=\"720x1280\/tn_android02_720x1280px.jpg\" width=\"188\" height=\"300\" border=\"0\" alt=\"\" style=\"border:3px solid #ff0000;\"><\/a><br \/>\n<\/center>\n    <\/td>\n<\/tr>\n<tr align=\"center\" valign=\"top\">\n<td align=\"center\" valign=\"top\" width=\"50%\">\n<center><br \/>\n<a href=\"720x1280\/android03_720x1280px.jpg\"><img loading=\"lazy\" decoding=\"async\" src=\"720x1280\/tn_android03_720x1280px.jpg\" width=\"188\" height=\"300\" border=\"0\" alt=\"\" style=\"border:3px solid #ff0000;\"><\/a><br \/>\n<\/center>\n    <\/td>\n<td align=\"center\" valign=\"top\" width=\"50%\">\n<center><br \/>\n<a href=\"720x1280\/android04_720x1280px.jpg\"><img loading=\"lazy\" decoding=\"async\" src=\"720x1280\/tn_android04_720x1280px.jpg\" width=\"188\" height=\"300\" border=\"0\" alt=\"\" style=\"border:3px solid #ff0000;\"><\/a><br \/>\n<\/center>\n    <\/td>\n<\/tr>\n<tr align=\"center\" valign=\"top\">\n<td align=\"center\" valign=\"top\" width=\"50%\">\n<center><br \/>\n<a href=\"720x1280\/android05_720x1280px.jpg\"><img loading=\"lazy\" decoding=\"async\" src=\"720x1280\/tn_android05_720x1280px.jpg\" width=\"188\" height=\"300\" border=\"0\" alt=\"\" style=\"border:3px solid #ff0000;\"><\/a><br \/>\n<\/center>\n    <\/td>\n<td align=\"center\" valign=\"top\" width=\"50%\">\n<center><br \/>\n<a href=\"720x1280\/android06_720x1280px.jpg\"><img loading=\"lazy\" decoding=\"async\" src=\"720x1280\/tn_android06_720x1280px.jpg\" width=\"188\" height=\"300\" border=\"0\" alt=\"\" style=\"border:3px solid #ff0000;\"><\/a><br \/>\n<\/center>\n    <\/td>\n<\/tr>\n<tr align=\"center\" valign=\"top\">\n<td align=\"center\" valign=\"top\" width=\"50%\">\n<center><br \/>\n<a href=\"720x1280\/android07_720x1280px.jpg\"><img loading=\"lazy\" decoding=\"async\" src=\"720x1280\/tn_android07_720x1280px.jpg\" width=\"188\" height=\"300\" border=\"0\" alt=\"\" style=\"border:3px solid #ff0000;\"><\/a><br \/>\n<\/center>\n    <\/td>\n<td align=\"center\" valign=\"top\" width=\"50%\">\n<center><br \/>\n<a href=\"720x1280\/android08_720x1280px.jpg\"><img loading=\"lazy\" decoding=\"async\" src=\"720x1280\/tn_android08_720x1280px.jpg\" width=\"188\" height=\"300\" border=\"0\" alt=\"\" style=\"border:3px solid #ff0000;\"><\/a><br \/>\n<\/center>\n    <\/td>\n<\/tr>\n<tr align=\"center\" valign=\"top\">\n<td align=\"center\" valign=\"top\" width=\"50%\">\n<center><br \/>\n<a href=\"720x1280\/android09_720x1280px.jpg\"><img loading=\"lazy\" decoding=\"async\" src=\"720x1280\/tn_android09_720x1280px.jpg\" width=\"188\" height=\"300\" border=\"0\" alt=\"\" style=\"border:3px solid #ff0000;\"><\/a><br \/>\n<\/center>\n    <\/td>\n<td align=\"center\" valign=\"top\" width=\"50%\">\n<center><br \/>\n<a href=\"720x1280\/android10_720x1280px.jpg\"><img loading=\"lazy\" decoding=\"async\" src=\"720x1280\/tn_android10_720x1280px.jpg\" width=\"188\" height=\"300\" border=\"0\" alt=\"\" style=\"border:3px solid #ff0000;\"><\/a><br \/>\n<\/center>\n    <\/td>\n<\/tr>\n<tr align=\"center\" valign=\"top\">\n<td align=\"center\" valign=\"top\" width=\"50%\">\n<center><br \/>\n<a href=\"720x1280\/android11_720x1280px.jpg\"><img loading=\"lazy\" decoding=\"async\" src=\"720x1280\/tn_android11_720x1280px.jpg\" width=\"188\" height=\"300\" border=\"0\" alt=\"\" style=\"border:3px solid #ff0000;\"><\/a><br \/>\n<\/center>\n    <\/td>\n<td align=\"center\" valign=\"top\" width=\"50%\">\n<center><br \/>\n<a href=\"720x1280\/android12_720x1280px.jpg\"><img loading=\"lazy\" decoding=\"async\" src=\"720x1280\/tn_android12_720x1280px.jpg\" width=\"188\" height=\"300\" border=\"0\" alt=\"\" style=\"border:3px solid #ff0000;\"><\/a><br \/>\n<\/center>\n    <\/td>\n<\/tr>\n<tr align=\"center\" valign=\"top\">\n<td align=\"center\" valign=\"top\" width=\"50%\">\n<center><br \/>\n<a href=\"720x1280\/android13_720x1280px.jpg\"><img loading=\"lazy\" decoding=\"async\" src=\"720x1280\/tn_android13_720x1280px.jpg\" width=\"188\" height=\"300\" border=\"0\" alt=\"\" style=\"border:3px solid #ff0000;\"><\/a><br \/>\n<\/center>\n    <\/td>\n<td align=\"center\" valign=\"top\" width=\"50%\">\n<center><br \/>\n<a href=\"720x1280\/android14_720x1280px.jpg\"><img loading=\"lazy\" decoding=\"async\" src=\"720x1280\/tn_android14_720x1280px.jpg\" width=\"188\" height=\"300\" border=\"0\" alt=\"\" style=\"border:3px solid #ff0000;\"><\/a><br \/>\n<\/center>\n    <\/td>\n<\/tr>\n<tr align=\"center\" valign=\"top\">\n<td align=\"center\" valign=\"top\" width=\"50%\">\n<center><br \/>\n<a href=\"720x1280\/android15_720x1280px.jpg\"><img loading=\"lazy\" decoding=\"async\" src=\"720x1280\/tn_android15_720x1280px.jpg\" width=\"188\" height=\"300\" border=\"0\" alt=\"\" style=\"border:3px solid #ff0000;\"><\/a><br \/>\n<\/center>\n    <\/td>\n<td align=\"center\" valign=\"top\" width=\"50%\">\n<center><br \/>\n<a href=\"720x1280\/android16_720x1280px.jpg\"><img loading=\"lazy\" decoding=\"async\" src=\"720x1280\/tn_android16_720x1280px.jpg\" width=\"188\" height=\"300\" border=\"0\" alt=\"\" style=\"border:3px solid #ff0000;\"><\/a><br \/>\n<\/center>\n    <\/td>\n<\/tr>\n<tr align=\"center\" valign=\"top\">\n<td align=\"center\" valign=\"top\" width=\"50%\">\n<center><br \/>\n<a href=\"720x1280\/android17_720x1280px.jpg\"><img loading=\"lazy\" decoding=\"async\" src=\"720x1280\/tn_android17_720x1280px.jpg\" width=\"188\" height=\"300\" border=\"0\" alt=\"\" style=\"border:3px solid #ff0000;\"><\/a><br \/>\n<\/center>\n    <\/td>\n<td align=\"center\" valign=\"top\" width=\"50%\">\n<center><br \/>\n<a href=\"720x1280\/android18_720x1280px.jpg\"><img loading=\"lazy\" decoding=\"async\" src=\"720x1280\/tn_android18_720x1280px.jpg\" width=\"188\" height=\"300\" border=\"0\" alt=\"\" style=\"border:3px solid #ff0000;\"><\/a><br \/>\n<\/center>\n    <\/td>\n<\/tr>\n<tr align=\"center\" valign=\"top\">\n<td align=\"center\" valign=\"top\" width=\"50%\">\n<center><br \/>\n<a href=\"720x1280\/android19_720x1280px.jpg\"><img loading=\"lazy\" decoding=\"async\" src=\"720x1280\/tn_android19_720x1280px.jpg\" width=\"188\" height=\"300\" border=\"0\" alt=\"\" style=\"border:3px solid #ff0000;\"><\/a><br \/>\n<\/center>\n    <\/td>\n<td align=\"center\" valign=\"top\" width=\"50%\">\n<center><br \/>\n<a href=\"720x1280\/android20_720x1280px.jpg\"><img loading=\"lazy\" decoding=\"async\" src=\"720x1280\/tn_android20_720x1280px.jpg\" width=\"188\" height=\"300\" border=\"0\" alt=\"\" style=\"border:3px solid #ff0000;\"><\/a><br \/>\n<\/center>\n    <\/td>\n<\/tr>\n<tr align=\"center\" valign=\"top\">\n<td align=\"center\" valign=\"top\" width=\"50%\">\n<center><br \/>\n<a href=\"720x1280\/android21_720x1280px.jpg\"><img loading=\"lazy\" decoding=\"async\" src=\"720x1280\/tn_android21_720x1280px.jpg\" width=\"188\" height=\"300\" border=\"0\" alt=\"\" style=\"border:3px solid #ff0000;\"><\/a><br \/>\n<\/center>\n    <\/td>\n<td align=\"center\" valign=\"top\" width=\"50%\">\n<center><br \/>\n&nbsp;<br \/>\n<\/center>\n    <\/td>\n<\/tr>\n<\/table>\n","protected":false},"excerpt":{"rendered":"<p>(Hintergrundbilder f\u00fcr Dein Smartphone oder Computer) Gr\u00f6\u00dfe: 720x1280px &nbsp;<\/p>\n","protected":false},"author":1,"featured_media":0,"parent":0,"menu_order":0,"comment_status":"closed","ping_status":"closed","template":"","meta":{"pgc_sgb_lightbox_settings":"","footnotes":""},"class_list":["post-496","page","type-page","status-publish","hentry"],"_links":{"self":[{"href":"https:\/\/www.reindersweb.de\/index.php?rest_route=\/wp\/v2\/pages\/496","targetHints":{"allow":["GET"]}}],"collection":[{"href":"https:\/\/www.reindersweb.de\/index.php?rest_route=\/wp\/v2\/pages"}],"about":[{"href":"https:\/\/www.reindersweb.de\/index.php?rest_route=\/wp\/v2\/types\/page"}],"author":[{"embeddable":true,"href":"https:\/\/www.reindersweb.de\/index.php?rest_route=\/wp\/v2\/users\/1"}],"replies":[{"embeddable":true,"href":"https:\/\/www.reindersweb.de\/index.php?rest_route=%2Fwp%2Fv2%2Fcomments&post=496"}],"version-history":[{"count":0,"href":"https:\/\/www.reindersweb.de\/index.php?rest_route=\/wp\/v2\/pages\/496\/revisions"}],"wp:attachment":[{"href":"https:\/\/www.reindersweb.de\/index.php?rest_route=%2Fwp%2Fv2%2Fmedia&parent=496"}],"curies":[{"name":"wp","href":"https:\/\/api.w.org\/{rel}","templated":true}]}}