{"id":382,"date":"2025-02-22T09:46:15","date_gmt":"2025-02-22T08:46:15","guid":{"rendered":"https:\/\/reindersweb.de\/?page_id=382"},"modified":"2025-02-22T09:46:15","modified_gmt":"2025-02-22T08:46:15","slug":"wirklich-kostenlos-musik-hoeren-im-internet","status":"publish","type":"page","link":"https:\/\/www.reindersweb.de\/?page_id=382","title":{"rendered":"Wirklich kostenlos Musik h\u00f6ren (im Internet)"},"content":{"rendered":"<p>Wirklich kostenlos Musik h\u00f6ren (im Internet) &#8211; Teil 1 &#8211;<\/p>\n<p><img loading=\"lazy\" decoding=\"async\" style=\"border:3px solid #ff0000;\" src=\"https:\/\/reindersweb.de\/wp-content\/uploads\/2025\/02\/music_listening-1024x683.jpg\" alt=\"\" width=\"623\" height=\"416\" class=\"alignnone size-large wp-image-374\" srcset=\"https:\/\/www.reindersweb.de\/wp-content\/uploads\/2025\/02\/music_listening-1024x683.jpg 1024w, https:\/\/www.reindersweb.de\/wp-content\/uploads\/2025\/02\/music_listening-300x200.jpg 300w, https:\/\/www.reindersweb.de\/wp-content\/uploads\/2025\/02\/music_listening-768x512.jpg 768w, https:\/\/www.reindersweb.de\/wp-content\/uploads\/2025\/02\/music_listening-180x120.jpg 180w, https:\/\/www.reindersweb.de\/wp-content\/uploads\/2025\/02\/music_listening.jpg 1200w\" sizes=\"auto, (max-width: 623px) 100vw, 623px\" \/><\/p>\n<p>Immer wieder h\u00f6re ich von Kollegen zum Beispiel, dass sie sich ein \u00fcberteuertes Abonnement bei Streamingdiensten wie z.B. Spotify ans Bein gebunden haben, um mobil oder daheim Musik h\u00f6ren zu k\u00f6nnen.<br \/>\nDabei kann man \u00fcber das Internet so wundersch\u00f6n, ganz gleich ob mobil oder daheim wirklich kostenlos und ohne Registrierung<br \/>\nRadio bzw Musik h\u00f6ren.<\/p>\n<p>Da gibt es &#8211; und das empfehle ich allem voran &#8211; zum Beispiel die Plattform &#8222;<a href=\"https:\/\/laut.fm\/\" target=\"_blank\"><strong>laut.fm<\/strong><\/a>&#8220;<br \/>\n<img loading=\"lazy\" decoding=\"async\" style=\"border:3px solid #ff0000;\" src=\"https:\/\/reindersweb.de\/wp-content\/uploads\/2025\/02\/laut_fm-1024x697.jpg\" alt=\"\" width=\"623\" height=\"424\" class=\"alignnone size-large wp-image-376\" srcset=\"https:\/\/www.reindersweb.de\/wp-content\/uploads\/2025\/02\/laut_fm-1024x697.jpg 1024w, https:\/\/www.reindersweb.de\/wp-content\/uploads\/2025\/02\/laut_fm-300x204.jpg 300w, https:\/\/www.reindersweb.de\/wp-content\/uploads\/2025\/02\/laut_fm-768x523.jpg 768w, https:\/\/www.reindersweb.de\/wp-content\/uploads\/2025\/02\/laut_fm-176x120.jpg 176w, https:\/\/www.reindersweb.de\/wp-content\/uploads\/2025\/02\/laut_fm.jpg 1299w\" sizes=\"auto, (max-width: 623px) 100vw, 623px\" \/><br \/>\nAuf dieser Plattform findet Ihr mehr als 13000 Radiostreams, die Ihr kostenlos und ohne jegliche Registrierung h\u00f6ren k\u00f6nnt. Daten sammeln braucht man dort also auch nicht unterst\u00fctzen. Diese Streams k\u00f6nnt ihr sowohl \u00fcber euren Browser h\u00f6ren, wie auch \u00fcber diverse Player, wie zum bei den <a href=\"https:\/\/www.aimp.ru\/\" target=\"_blank\">AIMP<\/a>, denn am Ende einer jeden Senderwebsite findet Ihr eine sogenannte Streaming-URL, die Ihr Euch in die Zwischenablage kopieren k\u00f6nnt, um sie von dort aus in Euren Player einzubinden. <a href=\"https:\/\/laut.fm\/\" target=\"_blank\"><strong>laut.fm<\/strong><\/a> gibt es auch als APP f\u00fcr euer Mobilger\u00e4t \u00fcber die Appstores bei <a href=\"https:\/\/play.google.com\/store\/search?q=laut.fm&#038;c=apps&#038;gl=DE\" target=\"_blank\">Google<\/a> und <a href=\"https:\/\/apps.apple.com\/de\/app\/laut-fm\/id1595567340\" target=\"_blank\">Apple (iOS)<\/a>. Ausser in den AIMP, k\u00f6nnt Ihr Euch die Streaming-URL auch in den <a href=\"http:\/\/streamwriter.org\/de\/\" target=\"_blank\">Streamwriter<\/a> einbinden und die Musik gleich mitschneiden bzw. aufzeichnen. Bei <a href=\"https:\/\/laut.fm\/\" target=\"_blank\"><strong>laut.fm<\/strong><\/a> k\u00f6nnt Ihr nach Belieben Musik h\u00f6ren. Denn dort findet Ihr Oldies aus den verschiedensten Dekaden (60er, 70er, 80er, 90er usw.), Maxi-Singles, sowie aktuelle Musik, Hitparaden und und und.<\/p>\n<p>Wie bindet Ihr diese Sender in Eure Player ein ?<\/p>\n<p>AIMP<br \/>\n<img loading=\"lazy\" decoding=\"async\" style=\"border:3px solid #ff0000;\" src=\"https:\/\/reindersweb.de\/wp-content\/uploads\/2025\/02\/AIMP_Wiedergabeliste_Neu-1024x571.jpg\" alt=\"\" width=\"623\" height=\"347\" class=\"alignnone size-large wp-image-378\" srcset=\"https:\/\/www.reindersweb.de\/wp-content\/uploads\/2025\/02\/AIMP_Wiedergabeliste_Neu-1024x571.jpg 1024w, https:\/\/www.reindersweb.de\/wp-content\/uploads\/2025\/02\/AIMP_Wiedergabeliste_Neu-300x167.jpg 300w, https:\/\/www.reindersweb.de\/wp-content\/uploads\/2025\/02\/AIMP_Wiedergabeliste_Neu-768x428.jpg 768w, https:\/\/www.reindersweb.de\/wp-content\/uploads\/2025\/02\/AIMP_Wiedergabeliste_Neu-215x120.jpg 215w, https:\/\/www.reindersweb.de\/wp-content\/uploads\/2025\/02\/AIMP_Wiedergabeliste_Neu.jpg 1088w\" sizes=\"auto, (max-width: 623px) 100vw, 623px\" \/><br \/>\nIm AIMP legt Ihr Euch zun\u00e4chst eine neue Wiedergabeliste an.<br \/>\n<img loading=\"lazy\" decoding=\"async\" style=\"border:3px solid #ff0000;\" src=\"https:\/\/reindersweb.de\/wp-content\/uploads\/2025\/02\/AIMP_Einbindung_url-1024x571.jpg\" alt=\"\" width=\"623\" height=\"347\" class=\"alignnone size-large wp-image-379\" srcset=\"https:\/\/www.reindersweb.de\/wp-content\/uploads\/2025\/02\/AIMP_Einbindung_url-1024x571.jpg 1024w, https:\/\/www.reindersweb.de\/wp-content\/uploads\/2025\/02\/AIMP_Einbindung_url-300x167.jpg 300w, https:\/\/www.reindersweb.de\/wp-content\/uploads\/2025\/02\/AIMP_Einbindung_url-768x428.jpg 768w, https:\/\/www.reindersweb.de\/wp-content\/uploads\/2025\/02\/AIMP_Einbindung_url-215x120.jpg 215w, https:\/\/www.reindersweb.de\/wp-content\/uploads\/2025\/02\/AIMP_Einbindung_url.jpg 1088w\" sizes=\"auto, (max-width: 623px) 100vw, 623px\" \/><br \/>\nDanach f\u00fcgt Ihr Euch die Streaming-URL ein, in dem Ihr<br \/>\n<img loading=\"lazy\" decoding=\"async\" style=\"border:3px solid #ff0000;\" src=\"https:\/\/reindersweb.de\/wp-content\/uploads\/2025\/02\/AIMP_Einbindung_url2-1024x496.jpg\" alt=\"\" width=\"623\" height=\"302\" class=\"alignnone size-large wp-image-380\" srcset=\"https:\/\/www.reindersweb.de\/wp-content\/uploads\/2025\/02\/AIMP_Einbindung_url2-1024x496.jpg 1024w, https:\/\/www.reindersweb.de\/wp-content\/uploads\/2025\/02\/AIMP_Einbindung_url2-300x145.jpg 300w, https:\/\/www.reindersweb.de\/wp-content\/uploads\/2025\/02\/AIMP_Einbindung_url2-768x372.jpg 768w, https:\/\/www.reindersweb.de\/wp-content\/uploads\/2025\/02\/AIMP_Einbindung_url2-248x120.jpg 248w, https:\/\/www.reindersweb.de\/wp-content\/uploads\/2025\/02\/AIMP_Einbindung_url2.jpg 1252w\" sizes=\"auto, (max-width: 623px) 100vw, 623px\" \/><br \/>\n\u00fcber das Kontextmen\u00fc auf &#8222;<font color=\"#ff0000\">Hinzuf\u00fcgen<\/font>&#8220; und dort auf &#8222;<font color=\"#ff0000\">URL<\/font>&#8220; klickt (siehe Screenshot). Dort k\u00f6nnt Ihr die obere Zeile die URL einbinden und in der unteren Zeile dem Ganzen einen Titel, bzw. eine Bezeichnung geben.<\/p>\n<p>Beim oben genannten Streamwriter ist das Ganze sogar noch einfacher:<br \/>\n<img loading=\"lazy\" decoding=\"async\" style=\"border:3px solid #ff0000;\" src=\"https:\/\/reindersweb.de\/wp-content\/uploads\/2025\/02\/streamwriter-1024x448.jpg\" alt=\"\" width=\"623\" height=\"273\" class=\"alignnone size-large wp-image-383\" srcset=\"https:\/\/www.reindersweb.de\/wp-content\/uploads\/2025\/02\/streamwriter-1024x448.jpg 1024w, https:\/\/www.reindersweb.de\/wp-content\/uploads\/2025\/02\/streamwriter-300x131.jpg 300w, https:\/\/www.reindersweb.de\/wp-content\/uploads\/2025\/02\/streamwriter-768x336.jpg 768w, https:\/\/www.reindersweb.de\/wp-content\/uploads\/2025\/02\/streamwriter-274x120.jpg 274w, https:\/\/www.reindersweb.de\/wp-content\/uploads\/2025\/02\/streamwriter.jpg 1357w\" sizes=\"auto, (max-width: 623px) 100vw, 623px\" \/><br \/>\nDort gibt man ganz einfach in die Zeile neben &#8222;Playlist\/Streaming-URL:&#8220; die Streaming-URL ein und best\u00e4tigt das Ganze mit &#8222;Enter&#8220;. Schon wird der Inhalt des Streams aufgezeichnet. \u00dcber dieser Zeile gibt es einige Symbole. Klickt man dort auf den nach Rechts zeigenden blauen Pfeil, so spielt der Streamwriter den Stream auch noch zus\u00e4tzlich ab. Rechts neben dem Abspiel-Symbol gibt es noch die Pausen- und Stoptaste. Welche Stream Ihr eingebunden habt, seht Ihr darunter in der Liste der Radioliste. So simpel ist der Streamwriter zu verstehen.<\/p>\n<p>Ihr seht, es ist nicht n\u00f6tig, f\u00fcr Musikstreams zus\u00e4tzlich Geld auszugeben.<\/p>\n","protected":false},"excerpt":{"rendered":"<p>Wirklich kostenlos Musik h\u00f6ren (im Internet) &#8211; Teil 1 &#8211; Immer wieder h\u00f6re ich von Kollegen zum Beispiel, dass sie sich ein \u00fcberteuertes Abonnement bei Streamingdiensten wie z.B. Spotify ans Bein gebunden haben, um mobil oder daheim Musik h\u00f6ren zu k\u00f6nnen. Dabei kann man \u00fcber das Internet so wundersch\u00f6n, ganz gleich ob mobil oder daheim wirklich kostenlos und ohne Registrierung Radio bzw Musik h\u00f6ren. Da gibt es &#8211; und das empfehle ich allem voran &#8211; zum Beispiel die Plattform &#8222;laut.fm&#8220; Auf dieser Plattform findet Ihr mehr als 13000 Radiostreams, die Ihr kostenlos und ohne jegliche Registrierung h\u00f6ren k\u00f6nnt. Daten sammeln braucht man dort also auch nicht unterst\u00fctzen. Diese Streams k\u00f6nnt ihr sowohl \u00fcber euren Browser h\u00f6ren, wie auch \u00fcber diverse Player, wie zum bei den AIMP, denn am Ende einer jeden Senderwebsite findet Ihr eine sogenannte Streaming-URL, die Ihr Euch in die Zwischenablage kopieren k\u00f6nnt, um sie von dort aus in Euren Player einzubinden. laut.fm gibt es auch als APP f\u00fcr euer Mobilger\u00e4t \u00fcber die Appstores bei Google und Apple (iOS). Ausser in den AIMP, k\u00f6nnt Ihr Euch die Streaming-URL auch in den Streamwriter einbinden und die Musik gleich mitschneiden bzw. aufzeichnen. Bei laut.fm k\u00f6nnt Ihr nach Belieben Musik h\u00f6ren. [&hellip;]<\/p>\n","protected":false},"author":1,"featured_media":0,"parent":0,"menu_order":0,"comment_status":"closed","ping_status":"closed","template":"","meta":{"pgc_sgb_lightbox_settings":"","footnotes":""},"class_list":["post-382","page","type-page","status-publish","hentry"],"_links":{"self":[{"href":"https:\/\/www.reindersweb.de\/index.php?rest_route=\/wp\/v2\/pages\/382","targetHints":{"allow":["GET"]}}],"collection":[{"href":"https:\/\/www.reindersweb.de\/index.php?rest_route=\/wp\/v2\/pages"}],"about":[{"href":"https:\/\/www.reindersweb.de\/index.php?rest_route=\/wp\/v2\/types\/page"}],"author":[{"embeddable":true,"href":"https:\/\/www.reindersweb.de\/index.php?rest_route=\/wp\/v2\/users\/1"}],"replies":[{"embeddable":true,"href":"https:\/\/www.reindersweb.de\/index.php?rest_route=%2Fwp%2Fv2%2Fcomments&post=382"}],"version-history":[{"count":0,"href":"https:\/\/www.reindersweb.de\/index.php?rest_route=\/wp\/v2\/pages\/382\/revisions"}],"wp:attachment":[{"href":"https:\/\/www.reindersweb.de\/index.php?rest_route=%2Fwp%2Fv2%2Fmedia&parent=382"}],"curies":[{"name":"wp","href":"https:\/\/api.w.org\/{rel}","templated":true}]}}