{"id":363,"date":"2025-02-16T12:03:53","date_gmt":"2025-02-16T11:03:53","guid":{"rendered":"https:\/\/reindersweb.de\/?page_id=363"},"modified":"2025-02-16T12:03:53","modified_gmt":"2025-02-16T11:03:53","slug":"alles-ueber-apk-apps","status":"publish","type":"page","link":"https:\/\/www.reindersweb.de\/?page_id=363","title":{"rendered":"Alles \u00fcber APK Apps"},"content":{"rendered":"<p><img decoding=\"async\" style=\"border:2px solid #ff0000;\" src=\"images\/android_logo.png\"><\/p>\n<p>APK, das bedeutet &#8222;Android Package&#8220;. Es ist das Dateiformat, welches vom Android-Betriebssystem sowie Android-basierten Betriebssystemen zur Verteilung und Installation von mobilen Apps, mobilen Spielen und Middleware verwendet wird. APK&#8217;s k\u00f6nnen entweder in Java oder Kotlin geschrieben werden.<\/p>\n<p>Beim Installieren von APK&#8217;s, die nicht aus dem <a href=\"https:\/\/play.google.com\/store\/games?device=windows&#038;gl=DE\" target=\"_blank\">Google Playstore<\/a> oder <a href=\"https:\/\/f-droid.org\/de\/\" target=\"_blank\">F-Droid<\/a> stammen, sollte man stets Vorsicht walten lassen, bzw. sich vorher dar\u00fcber informieren, aus welcher Quelle eine APK stammt und ob man dieser Quelle 100%ig vertrauen kann.<\/p>\n<p><img decoding=\"async\" style=\"border:2px solid #ff0000;\" src=\"images\/google_playstore.png\" width=\"620\"><br \/>\nAbb. 1: Der Google Playstore (Screenshot vom Windows-PC)<\/p>\n<p>Immer mehr Entwickler verzichten inzwischen auf den Play Store, um die hohen Provisionen (ca. 30\u202f% f\u00fcr Google) zu umgehen. Dadurch k\u00f6nnen Apps direkt \u00fcber die Herstellerseite angeboten werden \u2013 oft mit zus\u00e4tzlichen Funktionen und Vorteilen f\u00fcr den Nutzer.<\/p>\n<p>Es gibt u.a. auch sogenannte FOSS-Apps (Free and <a href=\"https:\/\/de.wikipedia.org\/wiki\/Open_Source\" target=\"_blank\">Open Source<\/a> Software) f\u00fcr Android.<br \/>\nOpen Source Software bzw. APPS sind frei zug\u00e4ngliche Software bzw. APPS, die \u00fcber den <a href=\"https:\/\/f-droid.org\/de\/\" target=\"_blank\">F-Droid-Store<\/a> verteilt werden. Dieser Store ist auf keinem Mobilger\u00e4t vorinstalliert, sondern muss<br \/>\nerst durch die Installation per APK auf dem Ger\u00e4t installiert werden.<br \/>\nDort findet man einen umfangreichen Katalog an Spielen und APPS, die allesamt frei zug\u00e4nglich sind.<br \/>\nAllerdings sind dies auch dort APK&#8217;s und man sollte sich auch hier durchaus im Klaren dar\u00fcber sein, ob man dem jeweiligen Entwickler\/Hersteller unbedingt vertrauen kann.<br \/>\n<img decoding=\"async\" style=\"border:2px solid #ff0000;\" src=\"images\/f-droid_store.png\" width=\"620\"><br \/>\nAbb. 2: Der F-Droid Store (Screenshot vom Windows-PC)<\/p>\n<p>Oft werden kostenpflichtige Apps von dubiosen Webseiten heruntergeladen, auf denen diese Apps illegal verbreitet werden. Zumeist sind diese APKs manipuliert und enthalten Spyware oder Trojaner oder gar Ransomware, die Deine Daten ausspionieren bis hin zur vollst\u00e4ndigen Sperrung Ihres Ger\u00e4tes. Wenn Sie Ihr Mobilger\u00e4t einmal mit einer solchen infizierten App kompromittiert haben, kann der Schaden durch diese APP \u2013 Identit\u00e4tsdiebstahl oder finanzielle Verlusten \u2013 deutlich gr\u00f6\u00dfer sein, als wenn Sie diese App auf legalem Wege erworben h\u00e4tten.<\/p>\n<p>Schadsoftware wird jeden Tag auf dem Google Playstore verbreitet und oft millionenfach heruntergeladen, bevor sie endlich<br \/>\nals Schadsoftware identifiziert wird. Das bedeutet, dass auch der Google Playstore keine 100%ige Sicherheit bieten KANN. Darum sollte man sich immer im Klaren dar\u00fcber sein, was man aus dem Playstore heraus installieren l\u00e4sst.<\/p>\n<p>Literatur:<br \/>\n<a href=\"https:\/\/de.wikipedia.org\/wiki\/Apk_(Dateiformat)\" target=\"_blank\">Wikipedia: APK Dateiformat<\/a><br \/>\n<a href=\"https:\/\/de.wikipedia.org\/wiki\/Open_Source\" target=\"_blank\">Wikipedia: Open Source<\/a><br \/>\n<a href=\"https:\/\/de.wikipedia.org\/wiki\/F-Droid\" target=\"_blank\">Wikipedia: F-Droid<\/a><br \/>\n<a href=\"https:\/\/de.wikipedia.org\/wiki\/Google_Play\" target=\"_blank\">Wikipedia: Google Play<\/a><\/p>\n","protected":false},"excerpt":{"rendered":"<p>APK, das bedeutet &#8222;Android Package&#8220;. Es ist das Dateiformat, welches vom Android-Betriebssystem sowie Android-basierten Betriebssystemen zur Verteilung und Installation von mobilen Apps, mobilen Spielen und Middleware verwendet wird. APK&#8217;s k\u00f6nnen entweder in Java oder Kotlin geschrieben werden. Beim Installieren von APK&#8217;s, die nicht aus dem Google Playstore oder F-Droid stammen, sollte man stets Vorsicht walten lassen, bzw. sich vorher dar\u00fcber informieren, aus welcher Quelle eine APK stammt und ob man dieser Quelle 100%ig vertrauen kann. Abb. 1: Der Google Playstore (Screenshot vom Windows-PC) Immer mehr Entwickler verzichten inzwischen auf den Play Store, um die hohen Provisionen (ca. 30\u202f% f\u00fcr Google) zu umgehen. Dadurch k\u00f6nnen Apps direkt \u00fcber die Herstellerseite angeboten werden \u2013 oft mit zus\u00e4tzlichen Funktionen und Vorteilen f\u00fcr den Nutzer. Es gibt u.a. auch sogenannte FOSS-Apps (Free and Open Source Software) f\u00fcr Android. Open Source Software bzw. APPS sind frei zug\u00e4ngliche Software bzw. APPS, die \u00fcber den F-Droid-Store verteilt werden. Dieser Store ist auf keinem Mobilger\u00e4t vorinstalliert, sondern muss erst durch die Installation per APK auf dem Ger\u00e4t installiert werden. Dort findet man einen umfangreichen Katalog an Spielen und APPS, die allesamt frei zug\u00e4nglich sind. Allerdings sind dies auch dort APK&#8217;s und man sollte sich auch hier durchaus im [&hellip;]<\/p>\n","protected":false},"author":1,"featured_media":0,"parent":0,"menu_order":0,"comment_status":"closed","ping_status":"closed","template":"","meta":{"pgc_sgb_lightbox_settings":"","footnotes":""},"class_list":["post-363","page","type-page","status-publish","hentry"],"_links":{"self":[{"href":"https:\/\/www.reindersweb.de\/index.php?rest_route=\/wp\/v2\/pages\/363","targetHints":{"allow":["GET"]}}],"collection":[{"href":"https:\/\/www.reindersweb.de\/index.php?rest_route=\/wp\/v2\/pages"}],"about":[{"href":"https:\/\/www.reindersweb.de\/index.php?rest_route=\/wp\/v2\/types\/page"}],"author":[{"embeddable":true,"href":"https:\/\/www.reindersweb.de\/index.php?rest_route=\/wp\/v2\/users\/1"}],"replies":[{"embeddable":true,"href":"https:\/\/www.reindersweb.de\/index.php?rest_route=%2Fwp%2Fv2%2Fcomments&post=363"}],"version-history":[{"count":0,"href":"https:\/\/www.reindersweb.de\/index.php?rest_route=\/wp\/v2\/pages\/363\/revisions"}],"wp:attachment":[{"href":"https:\/\/www.reindersweb.de\/index.php?rest_route=%2Fwp%2Fv2%2Fmedia&parent=363"}],"curies":[{"name":"wp","href":"https:\/\/api.w.org\/{rel}","templated":true}]}}