{"id":352,"date":"2025-02-16T10:16:29","date_gmt":"2025-02-16T09:16:29","guid":{"rendered":"https:\/\/reindersweb.de\/?page_id=352"},"modified":"2025-02-16T10:16:29","modified_gmt":"2025-02-16T09:16:29","slug":"was-ist-poisoning","status":"publish","type":"page","link":"https:\/\/www.reindersweb.de\/?page_id=352","title":{"rendered":"Was ist Poisoning ?"},"content":{"rendered":"<p><img decoding=\"async\" style=\"border:2px solid #ff0000;\" src=\"images\/security_logo.png\"><\/p>\n<p>Poisoning oder DNS-Cache-Poisoning nennt man das Ausnutzen von Schwachstellen in Computersystemen, um den Datenverkehr auf gef\u00e4lschte Server umzuleiten. Codes f\u00fcr das Poisoning sind in der Regel in URLs, in E-Mails, auf unsicheren Webseiten oder in verlinkten Bildern versteckt. Durch das Anklicken der Links oder Bilder durch den jeweiligen Benutzer wird dann die Umleitung auf die unsichere Webseite in die Wege geleitet.<\/p>\n<p>Hauptziel von Cyber-Kriminellen beim Poisoning oder DNS-Cache-Poisoning ist der <b>Datendiebstahl durch die Installation von Schadsoftware. Passw\u00f6rter, Kreditkartendaten oder pers\u00f6nliche Informationen des Nutzers geraten dadurch in Gefahr. Zur Vermeidung von Poisoning sollten Nutzer unbekannte Links nicht anklicken. Ebenso sollte man E-Mails von unbekannten Absendern gar nicht erst \u00f6ffnen, sondern bestenfalls sofort l\u00f6schen! Auch das regelm\u00e4\u00dfige Leeren des DNS-Caches kann hilfreich sein. Zus\u00e4tzlich sollte ein PC, Smartphone, Tablet regelm\u00e4\u00dfig auf Schadsoftware gescannt werden.<br \/>\nEntsprechende Software\/Apps gibt es in den jeweiligen Stores bzw. direkt bei den jeweiligen Herstellern von Schutzsoftware.<\/p>\n","protected":false},"excerpt":{"rendered":"<p>Poisoning oder DNS-Cache-Poisoning nennt man das Ausnutzen von Schwachstellen in Computersystemen, um den Datenverkehr auf gef\u00e4lschte Server umzuleiten. Codes f\u00fcr das Poisoning sind in der Regel in URLs, in E-Mails, auf unsicheren Webseiten oder in verlinkten Bildern versteckt. Durch das Anklicken der Links oder Bilder durch den jeweiligen Benutzer wird dann die Umleitung auf die unsichere Webseite in die Wege geleitet. Hauptziel von Cyber-Kriminellen beim Poisoning oder DNS-Cache-Poisoning ist der Datendiebstahl durch die Installation von Schadsoftware. Passw\u00f6rter, Kreditkartendaten oder pers\u00f6nliche Informationen des Nutzers geraten dadurch in Gefahr. Zur Vermeidung von Poisoning sollten Nutzer unbekannte Links nicht anklicken. Ebenso sollte man E-Mails von unbekannten Absendern gar nicht erst \u00f6ffnen, sondern bestenfalls sofort l\u00f6schen! Auch das regelm\u00e4\u00dfige Leeren des DNS-Caches kann hilfreich sein. Zus\u00e4tzlich sollte ein PC, Smartphone, Tablet regelm\u00e4\u00dfig auf Schadsoftware gescannt werden. Entsprechende Software\/Apps gibt es in den jeweiligen Stores bzw. direkt bei den jeweiligen Herstellern von Schutzsoftware.<\/p>\n","protected":false},"author":1,"featured_media":0,"parent":0,"menu_order":0,"comment_status":"closed","ping_status":"closed","template":"","meta":{"pgc_sgb_lightbox_settings":"","footnotes":""},"class_list":["post-352","page","type-page","status-publish","hentry"],"_links":{"self":[{"href":"https:\/\/www.reindersweb.de\/index.php?rest_route=\/wp\/v2\/pages\/352","targetHints":{"allow":["GET"]}}],"collection":[{"href":"https:\/\/www.reindersweb.de\/index.php?rest_route=\/wp\/v2\/pages"}],"about":[{"href":"https:\/\/www.reindersweb.de\/index.php?rest_route=\/wp\/v2\/types\/page"}],"author":[{"embeddable":true,"href":"https:\/\/www.reindersweb.de\/index.php?rest_route=\/wp\/v2\/users\/1"}],"replies":[{"embeddable":true,"href":"https:\/\/www.reindersweb.de\/index.php?rest_route=%2Fwp%2Fv2%2Fcomments&post=352"}],"version-history":[{"count":0,"href":"https:\/\/www.reindersweb.de\/index.php?rest_route=\/wp\/v2\/pages\/352\/revisions"}],"wp:attachment":[{"href":"https:\/\/www.reindersweb.de\/index.php?rest_route=%2Fwp%2Fv2%2Fmedia&parent=352"}],"curies":[{"name":"wp","href":"https:\/\/api.w.org\/{rel}","templated":true}]}}