{"id":31,"date":"2025-01-26T09:37:55","date_gmt":"2025-01-26T08:37:55","guid":{"rendered":"https:\/\/reindersweb.de\/?page_id=31"},"modified":"2025-05-03T12:04:29","modified_gmt":"2025-05-03T10:04:29","slug":"virenschutz-sicherheitssoftware","status":"publish","type":"page","link":"https:\/\/www.reindersweb.de\/?page_id=31","title":{"rendered":"Virenschutz &#038; Sicherheitssoftware"},"content":{"rendered":"<p><img loading=\"lazy\" decoding=\"async\" style=\"border:3px solid #ff0000;\" src=\"images\/security_logo.png\" width=\"600\" height=\"129\" border=\"0\"><br \/>\n<br \/>\n<b>Viele Internetnutzer werden in v\u00f6lliger Unwissenheit \u00fcber die Gefahren, die im Internet lauern, auf selbiges losgelassen. Sie kaufen sich im Einzelhandel einen PC und ein Modem bzw. DSL-Router oder einen Internet-Stick, zumeist jedoch ein Smartphone oder Tablet, und surfen ungesch\u00fctzt drauf los. Doch im World Wide Web lauern Gefahren, \u00fcber die niemand nachdenkt oder Warnungen ausspricht.<\/b><br \/>\n<br \/>\nBeim Surfen werden von den Providern (Internetdienstleister) z.B. Cookies gesendet, die das Verhalten des Benutzers im Internet verfolgen sollen. Teils senden &#8222;gewisse&#8220; Dienste Cookies, aus denen sogenannte Trojaner (eine Sonderform von Virus, der vorgibt etwas anderes (meist ein n\u00fctzliches Tool\/Programm) zu sein, jedoch den infizierten Rechner sofort zu sch\u00e4digen beginnt), oder auch Browserhijacker (<font color=#ff0000><b>lesen Sie dazu auch:<\/b><\/font> <a href=\"https:\/\/reindersweb.de\/?page_id=62\" target=\"_top\">Browserentf\u00fchrung<\/a>) hervorgehen. Wieder andere Dienste benutzen Ihre Webseiten dazu, Trojaner oder andere sch\u00e4digende Progr\u00e4mmchen zu verbreiten. Selbige Gefahren lauern auch in sogenannten Spam-Mails (unerw\u00fcnschte, nicht angeforderte Massenwerbung per eMail), die Dateianh\u00e4nge enthalten und von vielen Nutzern in ihrer Unwissenheit einfach ge\u00f6ffnet werden.<br \/>\n<br \/>\n<center><font size=\"4\" color=#ff0000><b>\u00d6FFNEN SIE NIEMALS MAILS MIT DATEIANH\u00c4NGEN,<br \/> DIE NICHT VON IHNEN VERTRAUTEN PERSONEN,<br \/>FIRMEN ODER INSTITUTIONEN STAMMEN<\/b><\/font><\/center><br \/>\n<br \/>\nDes weiteren k\u00f6nnen Programmarchive (ob zip-gepackt, oder als selbststartende .exe-Datei) Viren enthalten, die Ihrem System gro\u00dfen Schaden zuf\u00fcgen k\u00f6nnen. Die Liste der im Internet laudernden Gefahren ist endlos lang. Deshalb m\u00f6chte ich Ihnen dringend zu allergr\u00f6\u00dfter Vorsicht anraten, wenn Sie durch das Internet surfen und\/oder Mails empfangen.<br \/>\n<br \/>\nNoch unter Windows 7 ben\u00f6tigte man dazu sogenannte Sicherheitssoftware (oft kommerzieller Herkunft), wie bspw. AVG Antivirus oder \u00e4hnliches, welche es im Computerfachhandel teils f\u00fcr teures Geld, oder aber auch kostenlos im Internet gab und immer noch gibt. Zu Zeiten von Windows 10 und Windows 11 vertraue ich pers\u00f6nlich der vom Betriebssystem mitgelieferten Sicherheitssoftware, welche man gleich nach dem Einrichten des Betriebssystems aktivieren sollte, wenn diese nicht bereits aktiv ist.<br \/>\n<br \/>\n<a href=\"images\/win10_sicherheit.png\" data-lbwps-gid=\"win10_sicherheit.png\"><img decoding=\"async\" style=\"border:2px solid #ff0000;\" src=\"images\/win10_sicherheit.png\" width=\"500\"><\/a><br \/>\nAbb 1.: Windows 10 Sicherheit<\/p>\n<p><a href=\"images\/win10_sicherheit2.png\" data-lbwps-gid=\"win10_sicherheit2.png\"><img decoding=\"async\" style=\"border:2px solid #ff0000;\" src=\"images\/win10_sicherheit2.png\" width=\"500\"><\/a><br \/>\nAbb 2.: Windows 10 Sicherheit<\/p>\n<p><a href=\"images\/win11_sicherheit.png\" data-lbwps-gid=\"win10_sicherheit.png\"><img decoding=\"async\" style=\"border:2px solid #ff0000;\" src=\"images\/win11_sicherheit.png\" width=\"500\"><\/a><br \/>\nAbb 1.: Windows 11 Sicherheit<\/p>\n<p><a href=\"images\/win11_sicherheit2.png\" data-lbwps-gid=\"win10_sicherheit2.png\"><img decoding=\"async\" style=\"border:2px solid #ff0000;\" src=\"images\/win11_sicherheit2.png\" width=\"500\"><\/a><br \/>\nAbb 2.: Windows 11 Sicherheit<\/p>\n<p><b>Zum Schluss noch einige (recht wichtige) Empfehlungen f\u00fcr bis dato noch unbedarfte Internetnutzer:<br \/>\n<br \/>\n<center><font size=\"4\" color=#ff0000><b>!!! WICHTIG &#8211; BITTE NICHT IGNORIEREN !!!<\/b><\/font><\/center><br \/>\n<br \/>\n<b>1. Installieren Sie schon vor dem ersten Besuch des Internets eine Firewallsoftware auf Ihrem System (falls eine solche Software nicht schon installiert und aktiv ist), um Ihr System vor unerw\u00fcnschten oder unerlaubten Zugriffen oder gar vor \u00dcbernahme Dritter zu sch\u00fctzen. Updaten Sie Ihre Firewallsoftware (wenn m\u00f6glich) SOFORT!<br \/>\nACHTUNG: Windows 10 und 11 bringen Sicherheitssoftware mit sich. Hier ist es besser, die mitgelieferte Software zu verwenden, um eventuellen Problemen mit den Windows Updates aus dem Wege zu gehen! Aber auch deswegen, weil eben die mitgelieferte Sicherheitssoftware von Windows ausreichend Sicherheit bietet.<br \/>\n<br \/>\n2. \u00d6ffnen Sie niemals E-Mails mit Dateianh\u00e4ngen, die nicht von Ihnen vertrauten Personen, Firmen oder Institutionen stammen. Mails von eher fragw\u00fcrdigen Absendern sind bestenfalls sofort zu l\u00f6schen, da man nie wei\u00df, welche Gefahr(en) in solchen Mail lauern.<br \/>\n<br \/>\n3. \u00d6ffnen, bzw. beantworten Sie niemals Mails, in denen <u>angebliche<\/u> Mitarbeiter von Geldinstituten ihre <u>angeblich<\/u> verloren gegangenen Daten (u.a. Passworte oder TAN-Nummern &#8211; bei Onlinebanking &#8211; ) erfragen. <b>Renomierte Geldinstitute verschicken solche Mails nicht!<\/b>. Befragen sie dazu im Zweifelsfalle die Angestellten einer Filiale bzw. Ihren Sachbearbeiter der kontof\u00fchrenden Zweigstelle ihrer Bank oder Sparkasse in Ihrer N\u00e4he (telefonisch oder pers\u00f6nlich). Ggf. k\u00f6nnen sie mit der Mail auch die Polizei einschalten.<br \/>\n<br \/>\n4. Fallen Sie auf gar keinen Fall auf E-Mails herein, die Ihnen den Zugriff auf zweifelhafte Software, Videos oder sonstige GRATIS Downloads unterbreiten (AM BESTEN GAR NICHT ERST DIE E-MAIL \u00d6FFNEN, sondern als SPAM markieren und anschlie\u00dfend bzw. sofort l\u00f6schen. WEG damit!<br \/>\n4a. Mails von unbekannten Personen, die Ihnen irgendwelche angeblichen Gutscheine oder genehmigte Gelder verheissen, sind SPAM und nichts anderes. \u00d6ffnen Sie diese gar nicht erst. Weg damit!<br \/>\n4b. Suchen Sie sich f\u00fcr Ihren E-Mail-Account einen zuverl\u00e4ssigen Provider (bspw. GMX) und machen Sie sich mit den Einstellungen f\u00fcr den Schutz vor unerw\u00fcnschten Mails vertraut (<b>NEHMEN SIE SICH DIE ZEIT DAZU, DAS IST WICHTIG!<\/b>)<br \/>\n4c. Wenn Sie auf Ihrem privaten Rechner einen Mailclienten (wie z.B. <A HREF=\"http:\/\/www.mozilla.org\/de\/thunderbird\" target=\"_new\">Mozilla Thunderbird<\/A>) verwenden m\u00f6chten, installieren Sie sich am Besten gleich eine Software zum \u00dcberpr\u00fcfen Ihrrer\/Ihres Postfaches\/Postf\u00e4cher (<A HREF=\"http:\/\/www.d-jan.de\/mailcheck.shtml\" target=\"_new\">Mailcheck<\/A>) und richten ihn so ein, das Sie Mails dar\u00fcber aus dem Postfach entfernen k\u00f6nnen, bevor Sie diese mit dem Mailclienten auf Ihren Rechner holen.<br \/>\n<br \/>\n5. Scannen Sie mindestens 1 Mal pro Woche (jedoch nach Besuch zweifelhafter Dienste AUCH SOFORT), im besten Falle t\u00e4glich, ihr System nach verfolgenden Cookies, Trojanern, HiJackern, Riskware, Malware, Rootkits usw. ab. R\u00fccken Sie den Sch\u00e4dlingen dabei am besten gleich mit mehreren Programmen zuleibe. Leider ist es so, dass nicht alle Entwickler \u00fcber dieselben Informationen verf\u00fcgen, bzw. dass die verschiedenen Programme auch unterschiedlichen Leistungsumfang bieten (vor allem, wenn diese kostenlos sind).<br \/>\n<br \/>\n6. Richten Sie Ihren Browser (bspw. Firefox) so ein, dass er beim Schlie\u00dfen des Browser alle Cookies automatisch l\u00f6scht\/entfernt, damit sie beim n\u00e4chsten Besuch des Internet sicher sein k\u00f6nnen, dass Cookies aus vorhergehenden Sitzungen nicht mehr vorhanden sind und somit nicht mehr ausgelesen werden k\u00f6nnen. Bestenfalls unterst\u00fctzen sie das L\u00f6schen von Cookies mit entsprechender Software, bspw. dem <a href=\"https:\/\/www.cybertronsoft.com\/products\/privacy-eraser\/\" target=\"_blank\">Privacy Eraser<\/a>.<br \/>\n<br \/>\n7. Lassen sie in regelm\u00e4ssigen Abst\u00e4nden (bestenfalls aber nach jedem Internetbesuch) ihre Internetspuren beseitigen.<br \/>\nMit einer entsprechenden Software (bsw. <a href=\"https:\/\/www.cybertronsoft.com\/products\/privacy-eraser\/\" target=\"_blank\">Privacy Eraser<\/a>) geht dies recht z\u00fcgig von statten.<br \/>\nDie meisten Browser (Firefox, Edge, Opera usw.) sind heute in der Lage, den Cache beim Beenden des Browsers zu leeren, bzw. zu l\u00f6schen. Oft muss dies jedoch explizit aktiviert werden. Schauen Sie deshalb bitte DRINGEND in den Einstellungen IHRES Browsers nach! Ganz gleich, ob sie auf ihrem heimischen PC oder ihrem Mobilger\u00e4t (Smartphone, Tablet, Notebook) surfen.<br \/>\n<br \/>\n8. Wenn Sie bemerken, dass Ihr Browser ein von Ihnen nicht gew\u00fcnschtes Verhalten zeigt, oder pl\u00f6tzlich \u00fcber Toolbars verf\u00fcgt, welche Sie nicht pers\u00f6nlich installiert haben, beenden Sie sofort Ihren Internetbesuch (schlie\u00dfen Sie hierzu ggf. auch ihre LAN- \/ WLAN- oder sonstige Schnittstellen (ggf. Modemverbindung kappen), die Ihren PC oder Mobilger\u00e4t mit dem Internet oder einem anderen PC &#8211; bsw. in ihrem privaten Netzwerk &#8211; verbinden) und scannen Ihr System bspw. mit dem Programm <A HREF=\"http:\/\/www.safer-networking.org\/private\/details\/\" target=\"_new\">Spybot<\/A> nach uner\u00fcnschter Malware\/Adware\/Spyware ab.<br \/>\n<br \/>\n9. Installieren Sie NIE sofort ein gerade heruntergeladenes Programm, wenn sie sich nicht sicher sind, ob sie der Quelle<br \/>\nvertrauen k\u00f6nnen. Lassen Sie es am besten sofort nach dem Herunterladen von einem oder auch gleich mehreren Antivirus-Programmen<br \/>\nauf Sch\u00e4dlinge scannen. Erst wenn Sie zu 100 Prozent sicher sind, dass keine Sch\u00e4dlinge im gerade heruntergeladenen Archiv oder der selbstextrahierenden .exe-Datei vorhanden sind, starten sie die Installation.<br \/>\n<br \/>\n9a. Downloadquellen k\u00f6nnen sich oftmals auf einem v\u00f6llig anderen Server befinden, als die eigentliche Homepage, auf der sich der jeweilige Downloadlink befindet. Achten Sie ggf. auf solche Details und \u00fcberpr\u00fcfen es eventuell, wenn es Ihnen suspekt erscheint.<\/b><br \/>\n<br \/>\n9b. Vertrauen sie ggf. nur und ganz ausschlie\u00dflich den Originalwebsites der jeweiligen Hersteller einer Software. Ob Privatleute oder Firmen ist dabei irrelevant. Eventuell hilft es, bei der Such via Suchmaschine vor dem Suchen erst einmal das -Browser-AddOn &#8222;Web of Trust&#8220; zu installieren und zu aktivieren.<br \/>\n<\/p>\n<p>&copy; 15.12.2006 Ulli Reinders<br \/>\naktualisiert: 03.05.2025 Ulli Reinders<\/p>\n","protected":false},"excerpt":{"rendered":"<p>Viele Internetnutzer werden in v\u00f6lliger Unwissenheit \u00fcber die Gefahren, die im Internet lauern, auf selbiges losgelassen. Sie kaufen sich im Einzelhandel einen PC und ein Modem bzw. DSL-Router oder einen Internet-Stick, zumeist jedoch ein Smartphone oder Tablet, und surfen ungesch\u00fctzt drauf los. Doch im World Wide Web lauern Gefahren, \u00fcber die niemand nachdenkt oder Warnungen ausspricht. Beim Surfen werden von den Providern (Internetdienstleister) z.B. Cookies gesendet, die das Verhalten des Benutzers im Internet verfolgen sollen. Teils senden &#8222;gewisse&#8220; Dienste Cookies, aus denen sogenannte Trojaner (eine Sonderform von Virus, der vorgibt etwas anderes (meist ein n\u00fctzliches Tool\/Programm) zu sein, jedoch den infizierten Rechner sofort zu sch\u00e4digen beginnt), oder auch Browserhijacker (lesen Sie dazu auch: Browserentf\u00fchrung) hervorgehen. Wieder andere Dienste benutzen Ihre Webseiten dazu, Trojaner oder andere sch\u00e4digende Progr\u00e4mmchen zu verbreiten. Selbige Gefahren lauern auch in sogenannten Spam-Mails (unerw\u00fcnschte, nicht angeforderte Massenwerbung per eMail), die Dateianh\u00e4nge enthalten und von vielen Nutzern in ihrer Unwissenheit einfach ge\u00f6ffnet werden. \u00d6FFNEN SIE NIEMALS MAILS MIT DATEIANH\u00c4NGEN, DIE NICHT VON IHNEN VERTRAUTEN PERSONEN,FIRMEN ODER INSTITUTIONEN STAMMEN Des weiteren k\u00f6nnen Programmarchive (ob zip-gepackt, oder als selbststartende .exe-Datei) Viren enthalten, die Ihrem System gro\u00dfen Schaden zuf\u00fcgen k\u00f6nnen. Die Liste der im Internet laudernden Gefahren ist endlos lang. Deshalb [&hellip;]<\/p>\n","protected":false},"author":1,"featured_media":0,"parent":0,"menu_order":0,"comment_status":"closed","ping_status":"closed","template":"","meta":{"pgc_sgb_lightbox_settings":"","footnotes":""},"class_list":["post-31","page","type-page","status-publish","hentry"],"_links":{"self":[{"href":"https:\/\/www.reindersweb.de\/index.php?rest_route=\/wp\/v2\/pages\/31","targetHints":{"allow":["GET"]}}],"collection":[{"href":"https:\/\/www.reindersweb.de\/index.php?rest_route=\/wp\/v2\/pages"}],"about":[{"href":"https:\/\/www.reindersweb.de\/index.php?rest_route=\/wp\/v2\/types\/page"}],"author":[{"embeddable":true,"href":"https:\/\/www.reindersweb.de\/index.php?rest_route=\/wp\/v2\/users\/1"}],"replies":[{"embeddable":true,"href":"https:\/\/www.reindersweb.de\/index.php?rest_route=%2Fwp%2Fv2%2Fcomments&post=31"}],"version-history":[{"count":0,"href":"https:\/\/www.reindersweb.de\/index.php?rest_route=\/wp\/v2\/pages\/31\/revisions"}],"wp:attachment":[{"href":"https:\/\/www.reindersweb.de\/index.php?rest_route=%2Fwp%2Fv2%2Fmedia&parent=31"}],"curies":[{"name":"wp","href":"https:\/\/api.w.org\/{rel}","templated":true}]}}