{"id":291,"date":"2025-02-08T08:11:50","date_gmt":"2025-02-08T07:11:50","guid":{"rendered":"https:\/\/reindersweb.de\/?page_id=291"},"modified":"2025-02-08T08:11:50","modified_gmt":"2025-02-08T07:11:50","slug":"einrichten-von-pop3-imap-smtp","status":"publish","type":"page","link":"https:\/\/www.reindersweb.de\/?page_id=291","title":{"rendered":"Einrichten von POP3, IMAP, SMTP"},"content":{"rendered":"<p><b>(f\u00fcr Mailclienten wie bspw. Thunderbird)<\/p>\n<p>Die sicherste Art, E-Mails zu empfangen, war es (zumindest aus meiner Sichtweise) schon immer, einen Mailclienten wie z.B. den Thunderbird zu installieren und sich die Mails, die man \u00fcber seinen freien oder auch bezahlten Mailservice bei Freenet, GMX, oder auch von web.de oder GMail auf seinen Mailclienten zu holen, sie dann offline und ganz gem\u00fctlich von daheim aus zu lesen und\/oder ggf. zu beantworten.<\/p>\n<p>Doch wie geht das, wie richtet man sich ein POP3- oder IMAP-Konto auf seinem Mailclienten ein ?<\/p>\n<p>Nehmen wir das Beispiel des eingangs erw\u00e4hnten Thunderbird.<\/p>\n<p>Man startet den Thunderbird und geht im Men\u00fc <font color=#ff0000>Datei<\/font> auf <font color=#ff0000>Neu<\/font> und dann auf bestehendendes <font color=#ff0000>E-Mail-Konto<\/font>.<br \/>\n<img decoding=\"async\" style=\"border:2px solid #ff0000;\" src=\"images\/pop3_einrichten.png\" width=\"750\" border=\"0\"><br \/>\nDort tr\u00e4gt man seinen Benutzernamen und die bereits bestehende Mailadresse, sowie sein Passwort ein und gibt dann weiter unten bei Posteingangsserver und Postausgangsserver folgende Daten ein:<\/p>\n<p><font color=#ff0000>F\u00fcr GMX<\/font>:<\/p>\n<table style=\"border:2px solid #ff0000;\">\n<tr>\n<th> <\/th>\n<th>Posteingang (IMAP) <\/th>\n<th>Posteingang (POP3) <\/th>\n<th>Postausgang (SMTP) <\/th>\n<\/tr>\n<\/thead>\n<tbody>\n<tr>\n<td><strong>Server <\/strong><\/td>\n<td>imap.gmx.net <\/td>\n<td>pop.gmx.net <\/td>\n<td>mail.gmx.net <\/td>\n<\/tr>\n<tr>\n<td><strong>Port<\/strong><\/td>\n<td>993 <\/td>\n<td>995 <\/td>\n<td>587 <\/td>\n<\/tr>\n<tr>\n<td><strong>Verschl\u00fcsselung<\/strong><\/td>\n<td>SSL oder Verschl\u00fcsselung <\/td>\n<td>SSL oder Verschl\u00fcsselung <\/td>\n<td>STARTTLS, TLS oder Verschl\u00fcsselung <\/td>\n<\/tr>\n<\/tbody>\n<\/table>\n<p><font color=#ff0000>F\u00fcr Web.de<\/font>:<\/p>\n<table style=\"border:2px solid #8A0829;\">\n<tr>\n<th> <\/th>\n<th>Posteingang (IMAP) <\/th>\n<th>Posteingang (POP3) <\/th>\n<th>Postausgang (SMTP) <\/th>\n<\/tr>\n<\/thead>\n<tbody>\n<tr>\n<td><strong>Server <\/strong><\/td>\n<td>imap.web.de <\/td>\n<td>pop3.web.de <\/td>\n<td>smtp.web.de <\/td>\n<\/tr>\n<tr>\n<td><strong>Port<\/strong><\/td>\n<td>993 <\/td>\n<td>995 <\/td>\n<td>465 <\/td>\n<\/tr>\n<tr>\n<td><strong>Verschl\u00fcsselung<\/strong><\/td>\n<td>SSL oder Verschl\u00fcsselung <\/td>\n<td>SSL oder Verschl\u00fcsselung <\/td>\n<td>STARTTLS, TLS oder Verschl\u00fcsselung <\/td>\n<\/tr>\n<\/tbody>\n<\/table>\n<p><font color=#ff0000>F\u00fcr Gmail<\/font>:<\/p>\n<table style=\"border:2px solid #8A0829;\">\n<tr>\n<th> <\/th>\n<th>Posteingang (IMAP) <\/th>\n<th>Posteingang (POP3) <\/th>\n<th>Postausgang (SMTP) <\/th>\n<\/tr>\n<\/thead>\n<tbody>\n<tr>\n<td><strong>Server <\/strong><\/td>\n<td>imap.gmail.com <\/td>\n<td>pop.gmail.com <\/td>\n<td>smtp.gmail.com <\/td>\n<\/tr>\n<tr>\n<td><strong>Port<\/strong><\/td>\n<td>993 <\/td>\n<td>995 <\/td>\n<td>465 oder 587 <\/td>\n<\/tr>\n<tr>\n<td><strong>Verschl\u00fcsselung<\/strong><\/td>\n<td>SSL erforderlich <\/td>\n<td>SSL erforderlich <\/td>\n<td>SSL oder TLS\/STARTTLS <\/td>\n<\/tr>\n<\/tbody>\n<\/table>\n<p><font color=#ff0000>F\u00fcr Freenet<\/font>:<\/p>\n<table style=\"border:2px solid #8A0829;\">\n<tr>\n<th> <\/th>\n<th>Posteingang (IMAP) <\/th>\n<th>Posteingang (POP3) <\/th>\n<th>Postausgang (SMTP) <\/th>\n<\/tr>\n<\/thead>\n<tbody>\n<tr>\n<td><strong>Server <\/strong><\/td>\n<td>mx.freenet.de <\/td>\n<td>mx.freenet.de <\/td>\n<td>mx.freenet.de <\/td>\n<\/tr>\n<tr>\n<td><strong>Port<\/strong><\/td>\n<td>993 <\/td>\n<td>995 <\/td>\n<td>465 <\/td>\n<\/tr>\n<tr>\n<td><strong>Verschl\u00fcsselung<\/strong><\/td>\n<td>SSL oder Verschl\u00fcsselung <\/td>\n<td>SSL oder Verschl\u00fcsselung <\/td>\n<td>STARTTLS, TLS oder Verschl\u00fcsselung <\/td>\n<\/tr>\n<\/tbody>\n<\/table>\n<p>Freenet.de verwendet SMTP-Authentifizierung, POP3, IMAP und SMTP laufen \u00fcber SSL-Verschl\u00fcsselung<br \/>\nDer Mail-Versand \u00fcber SMTP muss erst freigeschaltet werden<\/p>\n","protected":false},"excerpt":{"rendered":"<p>(f\u00fcr Mailclienten wie bspw. Thunderbird) Die sicherste Art, E-Mails zu empfangen, war es (zumindest aus meiner Sichtweise) schon immer, einen Mailclienten wie z.B. den Thunderbird zu installieren und sich die Mails, die man \u00fcber seinen freien oder auch bezahlten Mailservice bei Freenet, GMX, oder auch von web.de oder GMail auf seinen Mailclienten zu holen, sie dann offline und ganz gem\u00fctlich von daheim aus zu lesen und\/oder ggf. zu beantworten. Doch wie geht das, wie richtet man sich ein POP3- oder IMAP-Konto auf seinem Mailclienten ein ? Nehmen wir das Beispiel des eingangs erw\u00e4hnten Thunderbird. Man startet den Thunderbird und geht im Men\u00fc Datei auf Neu und dann auf bestehendendes E-Mail-Konto. Dort tr\u00e4gt man seinen Benutzernamen und die bereits bestehende Mailadresse, sowie sein Passwort ein und gibt dann weiter unten bei Posteingangsserver und Postausgangsserver folgende Daten ein: F\u00fcr GMX: Posteingang (IMAP) Posteingang (POP3) Postausgang (SMTP) Server imap.gmx.net pop.gmx.net mail.gmx.net Port 993 995 587 Verschl\u00fcsselung SSL oder Verschl\u00fcsselung SSL oder Verschl\u00fcsselung STARTTLS, TLS oder Verschl\u00fcsselung F\u00fcr Web.de: Posteingang (IMAP) Posteingang (POP3) Postausgang (SMTP) Server imap.web.de pop3.web.de smtp.web.de Port 993 995 465 Verschl\u00fcsselung SSL oder Verschl\u00fcsselung SSL oder Verschl\u00fcsselung STARTTLS, TLS oder Verschl\u00fcsselung F\u00fcr Gmail: Posteingang (IMAP) Posteingang (POP3) Postausgang (SMTP) Server imap.gmail.com [&hellip;]<\/p>\n","protected":false},"author":1,"featured_media":0,"parent":0,"menu_order":0,"comment_status":"closed","ping_status":"closed","template":"","meta":{"pgc_sgb_lightbox_settings":"","footnotes":""},"class_list":["post-291","page","type-page","status-publish","hentry"],"_links":{"self":[{"href":"https:\/\/www.reindersweb.de\/index.php?rest_route=\/wp\/v2\/pages\/291","targetHints":{"allow":["GET"]}}],"collection":[{"href":"https:\/\/www.reindersweb.de\/index.php?rest_route=\/wp\/v2\/pages"}],"about":[{"href":"https:\/\/www.reindersweb.de\/index.php?rest_route=\/wp\/v2\/types\/page"}],"author":[{"embeddable":true,"href":"https:\/\/www.reindersweb.de\/index.php?rest_route=\/wp\/v2\/users\/1"}],"replies":[{"embeddable":true,"href":"https:\/\/www.reindersweb.de\/index.php?rest_route=%2Fwp%2Fv2%2Fcomments&post=291"}],"version-history":[{"count":0,"href":"https:\/\/www.reindersweb.de\/index.php?rest_route=\/wp\/v2\/pages\/291\/revisions"}],"wp:attachment":[{"href":"https:\/\/www.reindersweb.de\/index.php?rest_route=%2Fwp%2Fv2%2Fmedia&parent=291"}],"curies":[{"name":"wp","href":"https:\/\/api.w.org\/{rel}","templated":true}]}}