{"id":250,"date":"2025-02-02T11:10:32","date_gmt":"2025-02-02T10:10:32","guid":{"rendered":"https:\/\/reindersweb.de\/?page_id=250"},"modified":"2025-02-02T11:10:32","modified_gmt":"2025-02-02T10:10:32","slug":"was-ist-eine-zero-day-luecke","status":"publish","type":"page","link":"https:\/\/www.reindersweb.de\/?page_id=250","title":{"rendered":"Was ist eine Zero-Day-L\u00fccke ?"},"content":{"rendered":"<p><img decoding=\"async\" style=\"border:2px solid #ff0000;\" src=\"wp-content\/uploads\/2021\/04\/zeroday_exploit.png\"><br \/>\nDer Begriff Zero-Day-L\u00fccke (auch Zero-Day-Exploit) steht f\u00fcr eine Schwachstelle im IT-System einer Software, Hardware oder auch einer Firmware. Hierf\u00fcr besteht im Zeitraum nach der Entdeckung, bis zur Behebung der Schwachstelle zun\u00e4chst kein Schutz gegen den Zugriff Unbefugter. Der Begriff wird so genannt, weil zwischen der Entdeckung der Schwachstelle und dem ersten Angriff NULL Tage liegen. Ausl\u00f6ser einer solchen Zero-Day-L\u00fccke ist sehr h\u00e4ufig ein fehleranf\u00e4lliger Code. Leider werden die Informationen zu solchen Sicherheitsl\u00fccken immer \u00f6fter im sogenannten Darknet verkauft. Die Entwickler der jeweiligen Software m\u00fcssen, um die Sicherheitsl\u00fccke zu schlie\u00dfen, zumeist einen Patch schreiben und als Update ver\u00f6ffentlichen und die Nutzer in einem angemessenen Zeitraum dieses Patch installieren, um die M\u00f6glichkeit zu erhalten, sich gegen diese Schwachstelle zu sch\u00fctzen.<\/p>\n<p>&copy; 13.12.2015 Ulli Reinders<\/p>\n","protected":false},"excerpt":{"rendered":"<p>Der Begriff Zero-Day-L\u00fccke (auch Zero-Day-Exploit) steht f\u00fcr eine Schwachstelle im IT-System einer Software, Hardware oder auch einer Firmware. Hierf\u00fcr besteht im Zeitraum nach der Entdeckung, bis zur Behebung der Schwachstelle zun\u00e4chst kein Schutz gegen den Zugriff Unbefugter. Der Begriff wird so genannt, weil zwischen der Entdeckung der Schwachstelle und dem ersten Angriff NULL Tage liegen. Ausl\u00f6ser einer solchen Zero-Day-L\u00fccke ist sehr h\u00e4ufig ein fehleranf\u00e4lliger Code. Leider werden die Informationen zu solchen Sicherheitsl\u00fccken immer \u00f6fter im sogenannten Darknet verkauft. Die Entwickler der jeweiligen Software m\u00fcssen, um die Sicherheitsl\u00fccke zu schlie\u00dfen, zumeist einen Patch schreiben und als Update ver\u00f6ffentlichen und die Nutzer in einem angemessenen Zeitraum dieses Patch installieren, um die M\u00f6glichkeit zu erhalten, sich gegen diese Schwachstelle zu sch\u00fctzen. &copy; 13.12.2015 Ulli Reinders<\/p>\n","protected":false},"author":1,"featured_media":0,"parent":0,"menu_order":0,"comment_status":"closed","ping_status":"closed","template":"","meta":{"pgc_sgb_lightbox_settings":"","footnotes":""},"class_list":["post-250","page","type-page","status-publish","hentry"],"_links":{"self":[{"href":"https:\/\/www.reindersweb.de\/index.php?rest_route=\/wp\/v2\/pages\/250","targetHints":{"allow":["GET"]}}],"collection":[{"href":"https:\/\/www.reindersweb.de\/index.php?rest_route=\/wp\/v2\/pages"}],"about":[{"href":"https:\/\/www.reindersweb.de\/index.php?rest_route=\/wp\/v2\/types\/page"}],"author":[{"embeddable":true,"href":"https:\/\/www.reindersweb.de\/index.php?rest_route=\/wp\/v2\/users\/1"}],"replies":[{"embeddable":true,"href":"https:\/\/www.reindersweb.de\/index.php?rest_route=%2Fwp%2Fv2%2Fcomments&post=250"}],"version-history":[{"count":0,"href":"https:\/\/www.reindersweb.de\/index.php?rest_route=\/wp\/v2\/pages\/250\/revisions"}],"wp:attachment":[{"href":"https:\/\/www.reindersweb.de\/index.php?rest_route=%2Fwp%2Fv2%2Fmedia&parent=250"}],"curies":[{"name":"wp","href":"https:\/\/api.w.org\/{rel}","templated":true}]}}