{"id":232,"date":"2025-02-02T10:14:05","date_gmt":"2025-02-02T09:14:05","guid":{"rendered":"https:\/\/reindersweb.de\/?page_id=232"},"modified":"2025-02-02T10:14:05","modified_gmt":"2025-02-02T09:14:05","slug":"windows-10-vor-ransomware-schuetzen","status":"publish","type":"page","link":"https:\/\/www.reindersweb.de\/?page_id=232","title":{"rendered":"Windows 10 vor Ransomware sch\u00fctzen"},"content":{"rendered":"<p>Windows 10 vor Ransomware sch\u00fctzen mit dem \u00fcberwachten Ordnerzugriff (Bordmittel)<\/p>\n<p>Mit der Funktion des &#8222;\u00fcberwachten Ordnerzugriffs&#8220; kann man Windows 10 auf recht effektive Art und Weise vor sogenannter Ransomware (also erpresserischer Malware) sch\u00fctzen.<br \/>\nDieses Bordmittel steht auf Windows 10 seit der Version 1709 (dem sogenannten &#8222;Fall Creators Update&#8220;) zur Verf\u00fcgung.<\/p>\n<p>Das Feature \u201e\u00dcberwachter Ordnerzugriff\u201c teilt Software in drei unterschiedliche Gruppen ein:<\/p>\n<ul>\n&#10144; explizit erlaubte Anwendungen<br \/>\n&#10144; Standardanwendungen von Windows 10 (die immer Zugriff auf Dateien haben)<br \/>\n&#10144; nicht erlaubte Anwendungen (also alle, die der Benutzer\/Administrator nicht<br \/>\n  zugelassen hat und die au\u00dferdem keine Standardanwendungen sind).\n<\/ul>\n<p>Der \u201e\u00dcberwachte Ordnerzugriff\u201c \u00e4ndert nicht etwa die Berechtigungen von Dateien oder Verzeichnissen auf dem Computer. Er \u00fcberwacht lediglich die Anwendungen, die &#8211; ausgestattet mit den Rechten des Benutzers\/Admin &#8211; auf die Dateien zugreifen k\u00f6nnen. \u00dcber eine sogenannte Whitelist kann der Zugriff erlaubt werden. Nicht erlaubte Apps hingegen, werden automatisch blockiert und k\u00f6nnen so nicht ausgef\u00fchrt werden.<br \/>\n<br \/>\nDoch wie geht das nun ?<\/p>\n<p>\nZun\u00e4chst einmal klicken Sie bitte im Startmen\u00fc auf &#8222;Einstellungen&#8220;<br \/>\n<img loading=\"lazy\" decoding=\"async\" style=\"border:2px solid #8A0829;\" src=\"images\/ordnerzugriff01.png\" width=\"260\" height=\"141\" border=\"0\"><br \/>\nNun auf &#8222;Update&#038;Sicherheit&#8220;<br \/>\n<img loading=\"lazy\" decoding=\"async\" style=\"border:2px solid #8A0829;\" src=\"images\/ordnerzugriff02.png\" width=\"245\" height=\"110\" border=\"0\"><br \/>\nN\u00e4chster Schritt: Klick auf &#8222;Windows Sicherheit&#8220;<br \/>\n<img loading=\"lazy\" decoding=\"async\" style=\"border:2px solid #8A0829;\" src=\"images\/ordnerzugriff03.png\" width=\"318\" height=\"652\" border=\"0\"><br \/>\nNun bitte auf &#8222;Windows-Sicherheit \u00f6ffnen&#8220; klicken<br \/>\n<img loading=\"lazy\" decoding=\"async\" src=\"images\/ordnerzugriff04.png\" width=\"482\" height=\"166\" border=\"0\"><br \/>\nN\u00e4chster Schritt: Klick auf &#8222;Viren- &#038; Bedrohungsschutz&#8220;<br \/>\n<img loading=\"lazy\" decoding=\"async\" style=\"border:2px solid #8A0829;\" src=\"images\/ordnerzugriff05.png\" width=\"702\" height=\"685\" border=\"0\"><br \/>\nNun scrollen sie im nachfolgenden Fenster nach ganz unten zum Ransomware-Schutz und klicken auf &#8222;Ransomware-Schutz verwalten&#8220;<br \/>\n<img loading=\"lazy\" decoding=\"async\" style=\"border:2px solid #8A0829;\" src=\"images\/ordnerzugriff06.png\" width=\"467\" height=\"913\" border=\"0\"><br \/>\nHier schalten Sie nun den \u00fcberwachten Ordnerzugriff ein<br \/>\nDieser ist standardm\u00e4ssig nicht aktiviert!<br \/>\n<img loading=\"lazy\" decoding=\"async\" style=\"border:2px solid #8A0829;\" src=\"images\/ordnerzugriff07.png\" width=\"517\" height=\"608\" border=\"0\"><br \/>\nNun werden Sie eine ganze Menge von Aktionen best\u00e4tigen m\u00fcssen, da Windows automatisch nach potentiellen Gefahren zu suchen beginnt.<br \/>\nW\u00e4gen Sie daher bitte genau ab, welche Aktion sie f\u00fcr welche Anwendung w\u00e4hlen, damit sie nicht eventl. eine Anwendung sperren, die sich noch benutzen k\u00f6nnen m\u00f6chten.<br \/>\nWie schon oben erw\u00e4hnt, kann man eine sogenannte Whitelist erstellen, in der Anwendungen &#8222;erlaubt&#8220; werden.<br \/>\nDies k\u00f6nnen Sie tun, in dem Sie auf &#8222;App durch \u00fcberwachten Ordnerzugriff zulassen&#8220; klicken und &#8230;<br \/>\n<img loading=\"lazy\" decoding=\"async\" style=\"border:2px solid #8A0829;\" src=\"images\/ordnerzugriff08.png\" width=\"517\" height=\"608\" border=\"0\"><br \/>\n&#8230; im nachfolgenden Fenster die Apps\/Anwendungen festlegen, die Sie &#8222;freischalten&#8220; m\u00f6chten.<br \/>\n<img loading=\"lazy\" decoding=\"async\" style=\"border:2px solid #8A0829;\" src=\"images\/ordnerzugriff09.png\" width=\"492\" height=\"255\" border=\"0\"><\/p>\n<p>\nStandardm\u00e4ssig werden Anwendungen unter Windows in den Ordner &#8222;C:\\Program Files (x86)&#8220; oder &#8222;C:\\Program Files&#8220; installiert.<br \/>\nDort werden Sie Ihre freizuschaltenden Anwendungen vorfinden.<\/p>\n<p>Standard-Anwendungen wie die Bordmittel von Windows oder die Office-Anwendungen von Microsoft werden automatisch zugelassen!<br \/>\nSobald aber eine dem System unbekannte Anwendung auf einen \u00fcberwachten Ordner zugreifen will und Dokumente\/Dateien \u00e4ndern m\u00f6chte, blockiert Windows automatisch den Zugriff darauf. Erst wenn Sie &#8211; der Benutzer\/Admin &#8211; eine Freigabe erteilt, darf eine Anwendung \u00c4nderungen vornehmen. Sperren Sie diese, kann diese Anwendung nie wieder benutzt werden. Es kann nun passieren, dass der \u00fcberwachte Ordnerzugriff auch Anwendunegn sperrt, die Sie (also der Benutzer) selbst verwendet. Davon betroffen sind zumeist Anwendungen f\u00fcr die Bearbeitung\/Verwaltung von Grafiken (jpg, png usw.), Audiodateien (MP3, Ogg usw.), Videodateien (MP4 usw.) oder \u00e4hnlichem. Halt alle m\u00f6glichen Dateien, die in den Standard-Ordnern von Windows (Dokumente (und Unterordner), Desktop usw.) abgelegt werden.<\/p>\n<p>\nWie sich die Ransomware unterscheiden l\u00e4sst, dazu gibt es einen interessanten Beitrag bei &#10144; <a href=\"https:\/\/www.kaspersky.de\/resource-center\/threats\/ransomware-attacks-and-types\" target=\"_New\">KASPERSKY<\/a><\/p>\n<p>&copy; 24.10.2021 Ulli Reinders<\/p>\n","protected":false},"excerpt":{"rendered":"<p>Windows 10 vor Ransomware sch\u00fctzen mit dem \u00fcberwachten Ordnerzugriff (Bordmittel) Mit der Funktion des &#8222;\u00fcberwachten Ordnerzugriffs&#8220; kann man Windows 10 auf recht effektive Art und Weise vor sogenannter Ransomware (also erpresserischer Malware) sch\u00fctzen. Dieses Bordmittel steht auf Windows 10 seit der Version 1709 (dem sogenannten &#8222;Fall Creators Update&#8220;) zur Verf\u00fcgung. Das Feature \u201e\u00dcberwachter Ordnerzugriff\u201c teilt Software in drei unterschiedliche Gruppen ein: &#10144; explizit erlaubte Anwendungen &#10144; Standardanwendungen von Windows 10 (die immer Zugriff auf Dateien haben) &#10144; nicht erlaubte Anwendungen (also alle, die der Benutzer\/Administrator nicht zugelassen hat und die au\u00dferdem keine Standardanwendungen sind). Der \u201e\u00dcberwachte Ordnerzugriff\u201c \u00e4ndert nicht etwa die Berechtigungen von Dateien oder Verzeichnissen auf dem Computer. Er \u00fcberwacht lediglich die Anwendungen, die &#8211; ausgestattet mit den Rechten des Benutzers\/Admin &#8211; auf die Dateien zugreifen k\u00f6nnen. \u00dcber eine sogenannte Whitelist kann der Zugriff erlaubt werden. Nicht erlaubte Apps hingegen, werden automatisch blockiert und k\u00f6nnen so nicht ausgef\u00fchrt werden. Doch wie geht das nun ? Zun\u00e4chst einmal klicken Sie bitte im Startmen\u00fc auf &#8222;Einstellungen&#8220; Nun auf &#8222;Update&#038;Sicherheit&#8220; N\u00e4chster Schritt: Klick auf &#8222;Windows Sicherheit&#8220; Nun bitte auf &#8222;Windows-Sicherheit \u00f6ffnen&#8220; klicken N\u00e4chster Schritt: Klick auf &#8222;Viren- &#038; Bedrohungsschutz&#8220; Nun scrollen sie im nachfolgenden Fenster nach ganz unten zum Ransomware-Schutz und klicken [&hellip;]<\/p>\n","protected":false},"author":1,"featured_media":0,"parent":0,"menu_order":0,"comment_status":"closed","ping_status":"closed","template":"","meta":{"pgc_sgb_lightbox_settings":"","footnotes":""},"class_list":["post-232","page","type-page","status-publish","hentry"],"_links":{"self":[{"href":"https:\/\/www.reindersweb.de\/index.php?rest_route=\/wp\/v2\/pages\/232","targetHints":{"allow":["GET"]}}],"collection":[{"href":"https:\/\/www.reindersweb.de\/index.php?rest_route=\/wp\/v2\/pages"}],"about":[{"href":"https:\/\/www.reindersweb.de\/index.php?rest_route=\/wp\/v2\/types\/page"}],"author":[{"embeddable":true,"href":"https:\/\/www.reindersweb.de\/index.php?rest_route=\/wp\/v2\/users\/1"}],"replies":[{"embeddable":true,"href":"https:\/\/www.reindersweb.de\/index.php?rest_route=%2Fwp%2Fv2%2Fcomments&post=232"}],"version-history":[{"count":0,"href":"https:\/\/www.reindersweb.de\/index.php?rest_route=\/wp\/v2\/pages\/232\/revisions"}],"wp:attachment":[{"href":"https:\/\/www.reindersweb.de\/index.php?rest_route=%2Fwp%2Fv2%2Fmedia&parent=232"}],"curies":[{"name":"wp","href":"https:\/\/api.w.org\/{rel}","templated":true}]}}