{"id":213,"date":"2025-02-02T09:47:51","date_gmt":"2025-02-02T08:47:51","guid":{"rendered":"https:\/\/reindersweb.de\/?page_id=213"},"modified":"2025-02-02T09:47:51","modified_gmt":"2025-02-02T08:47:51","slug":"vpn-die-grosse-luege-anonymitaet","status":"publish","type":"page","link":"https:\/\/www.reindersweb.de\/?page_id=213","title":{"rendered":"VPN &#8211; Die gro\u00dfe L\u00fcge &#8222;Anonymit\u00e4t&#8220;"},"content":{"rendered":"<p>Seit einiger Zeit sprie\u00dfen VPN-Dienste wie Pilze aus dem Boden. Sie locken den datenschutzvewussten Anwender mit dem Versprechen des anonymen Surfens in vollkommen \u00fcberteuerte Tarife, die den in der Werbung angespriesenen Leistungsumfang nicht einmal ann\u00e4hernd erf\u00fcllen.<br \/>\nDenn das anonyme Surfen mit VPN gibt es nicht wirklich!<br \/>\nAusserdem werden Versprechen wie der Schutz gegen Hacker, die angeblich Online-Konten durch Phishing-Angriffe kapern, get\u00e4tigt.<br \/>\nDoch wer \u00fcber sein Mobilger\u00e4t erst gar kein Online-Banking betreibt sch\u00fctzt sich so immernoch am Besten!<\/p>\n<p>Doch zur\u00fcck zum Themenpunkt der Anonymit\u00e4t: Denn sie surfen mit VPN nicht wirklich anonym. Auch wenn es so ist, dass VPN-Dienste Ihre Sicherheit im Internet erh\u00f6hen, ist es in der Regel aber auch so, das Ihr VPN-Anieter m\u00f6glicherweise \u00fcber personenbezogene Daten verf\u00fcgt, die Sie bei der Anmeldung zu diesem Dienst herausgeben mussten.<br \/>\nAusserdem verf\u00fcgt der Anbieter m\u00f6glicherweise auch \u00fcber Logs (also Protokolle), aus denen sowohl Ihre jeweilige(n) IP-Adresse(n) hervorgehen, sowie die H\u00f6he Ihres Datentraffics, Verbindungsdauer und viele weiter Daten.<br \/>\nSolche Logs k\u00f6nnen zwar durchaus sinnvoll sein, wenn der VPN-Anbieter technische Probleme finden und beheben muss. Doch sind sie sich wirklich sicher, dass diese Daten auch vertraulich behandelt werden ? Oder kann es vielleicht doch sein, dass diese Daten an staatliche Dienste oder Ermittlungsbeh\u00f6rden schneller herausgegeben werden, als Ihnen lieb sein kann ?<br \/>\nDas Versprechen eines VPN-Anbieters, keine Logs zu f\u00fchren sollte hier grunds\u00e4tzlich ebenso kritisch hinterfragt werden wie der Anbieter selbst. Denn viele VPN-Anbieter betreiben gar keine eigene Infrastruktur, sondern mieten fremde Server und\/oder Rechenzentren f\u00fcr ihre Zwecke an!<br \/>\nUnd genau hier tut sich schon die n\u00e4chste Gefahr f\u00fcr Datenschutz und Anonymit\u00e4t auf: Wer kann schon sicherstellen, dass auch der Betreiber des Rechenzentrums bzw. des Servers \u00fcber jeden Verdacht erhaben ist, also auch seine Daten gegen Zugriffe Dritter ausreichend gesch\u00fctzt hat? Oder vielleicht werden diese Daten sogar im Klartext online gestellt ? Und was geschieht am Ende mit den Logs auf diesen Servern, wenn der VPN-Anbieter diese pl\u00f6tzlich gar nicht mehr nutzt? Werden diese dann auch umgehend gel\u00f6scht oder was passiert damit wirklich ?<br \/>\n<br \/>\nAbgesehen von den bisher genannten Punkten nahm man durch die Presse in letzter Zeit Meldungen wahr, das bspw. kostenlose VPN-Dienste Ihre Daten an Dritte verkaufen (s: <a href=\"https:\/\/winfuture.de\/news,103418.html\" target=\"_New\">Vorsicht: Etliche kostenlose VPN-Dienste verkaufen Daten an Dritte (winfuture.de)<\/a>) oder das \u00fcber ein Drittel der angebotenen VPN-Apps mit Malware verseucht seien (s: <a href=\"https:\/\/www.com-magazin.de\/news\/datenschutz\/drittel-aller-vpn-apps-malware-verseucht-1684812.html\" target=\"_New\">\u00dcber ein Drittel aller VPN-Apps sind mit Malware verseucht (com.-Magazin)<\/a>)<\/p>\n<p><font color=\"#ff0000\"><b>Pro VPN:<\/b><\/font><br \/>\nVPN bringt mehr Sicherheit durch Verschl\u00fcsselung<br \/>\nVPN kann bei der Umgehung geobasierter Sperren helfen (wenn die Server des Anbieters im Ausland stehen)<br \/>\nVPN erleichtert die private Kommunikation<\/p>\n<p><font color=\"#ff0000\"><b>Contra VPN:<\/b><\/font><br \/>\nVPN ist <b>nicht wirklich<\/b> anonym!<br \/>\nVPN ist nicht unbedingt sicher vor DNS-basiertem Hijacking<br \/>\nVPN-Anieter f\u00fchren IMMER Log-Dateien (\u00fcber die Sie gegebenenfalls identifizierbar sind)<\/p>\n<p>Weitere Artikel zum Thema VPN:<br \/>\n<a href=\"https:\/\/www.mobilegeeks.de\/news\/google-play-kostenlose-vpn-apps-sind-ein-risiko-fuer-die-privatsphaere\/\" target=\"_New\">Google Play: Kostenlose VPN-Apps sind ein Risiko f\u00fcr die Privatsph\u00e4re<\/a><br \/>\n<a href=\"https:\/\/www.golem.de\/news\/router-malware-vpn-filter-bricht-https-verbindungen-auf-1806-134823.html\" target=\"_New\">VPN Filter bricht HTTPS-Verbindungen auf<\/a><br \/>\n<a href=\"https:\/\/t3n.de\/news\/vpn-apps-fuer-android-unsicher-studie-789392\/\" target=\"_New\">VPN-Dienste f\u00fcr Android: Selbst Apps mit 4-Sterne-Bewertungen unsicher<\/a><br \/>\n<a href=\"https:\/\/www.zdnet.de\/88315027\/purevpn-speichert-verbindungsdaten\/\" target=\"_New\">PureVPN speichert Verbindungsdaten<\/a><\/p>\n<p>\n&copy; 07.04.2019 Ulli Reinders<\/br><\/p>\n","protected":false},"excerpt":{"rendered":"<p>Seit einiger Zeit sprie\u00dfen VPN-Dienste wie Pilze aus dem Boden. Sie locken den datenschutzvewussten Anwender mit dem Versprechen des anonymen Surfens in vollkommen \u00fcberteuerte Tarife, die den in der Werbung angespriesenen Leistungsumfang nicht einmal ann\u00e4hernd erf\u00fcllen. Denn das anonyme Surfen mit VPN gibt es nicht wirklich! Ausserdem werden Versprechen wie der Schutz gegen Hacker, die angeblich Online-Konten durch Phishing-Angriffe kapern, get\u00e4tigt. Doch wer \u00fcber sein Mobilger\u00e4t erst gar kein Online-Banking betreibt sch\u00fctzt sich so immernoch am Besten! Doch zur\u00fcck zum Themenpunkt der Anonymit\u00e4t: Denn sie surfen mit VPN nicht wirklich anonym. Auch wenn es so ist, dass VPN-Dienste Ihre Sicherheit im Internet erh\u00f6hen, ist es in der Regel aber auch so, das Ihr VPN-Anieter m\u00f6glicherweise \u00fcber personenbezogene Daten verf\u00fcgt, die Sie bei der Anmeldung zu diesem Dienst herausgeben mussten. Ausserdem verf\u00fcgt der Anbieter m\u00f6glicherweise auch \u00fcber Logs (also Protokolle), aus denen sowohl Ihre jeweilige(n) IP-Adresse(n) hervorgehen, sowie die H\u00f6he Ihres Datentraffics, Verbindungsdauer und viele weiter Daten. Solche Logs k\u00f6nnen zwar durchaus sinnvoll sein, wenn der VPN-Anbieter technische Probleme finden und beheben muss. Doch sind sie sich wirklich sicher, dass diese Daten auch vertraulich behandelt werden ? Oder kann es vielleicht doch sein, dass diese Daten an staatliche Dienste oder Ermittlungsbeh\u00f6rden [&hellip;]<\/p>\n","protected":false},"author":1,"featured_media":0,"parent":0,"menu_order":0,"comment_status":"closed","ping_status":"closed","template":"","meta":{"pgc_sgb_lightbox_settings":"","footnotes":""},"class_list":["post-213","page","type-page","status-publish","hentry"],"_links":{"self":[{"href":"https:\/\/www.reindersweb.de\/index.php?rest_route=\/wp\/v2\/pages\/213","targetHints":{"allow":["GET"]}}],"collection":[{"href":"https:\/\/www.reindersweb.de\/index.php?rest_route=\/wp\/v2\/pages"}],"about":[{"href":"https:\/\/www.reindersweb.de\/index.php?rest_route=\/wp\/v2\/types\/page"}],"author":[{"embeddable":true,"href":"https:\/\/www.reindersweb.de\/index.php?rest_route=\/wp\/v2\/users\/1"}],"replies":[{"embeddable":true,"href":"https:\/\/www.reindersweb.de\/index.php?rest_route=%2Fwp%2Fv2%2Fcomments&post=213"}],"version-history":[{"count":0,"href":"https:\/\/www.reindersweb.de\/index.php?rest_route=\/wp\/v2\/pages\/213\/revisions"}],"wp:attachment":[{"href":"https:\/\/www.reindersweb.de\/index.php?rest_route=%2Fwp%2Fv2%2Fmedia&parent=213"}],"curies":[{"name":"wp","href":"https:\/\/api.w.org\/{rel}","templated":true}]}}