{"id":1550,"date":"2026-02-25T22:00:24","date_gmt":"2026-02-25T21:00:24","guid":{"rendered":"https:\/\/www.reindersweb.de\/?page_id=1550"},"modified":"2026-02-25T22:00:24","modified_gmt":"2026-02-25T21:00:24","slug":"windows-gestalten-mit-hintergrundbildern","status":"publish","type":"page","link":"https:\/\/www.reindersweb.de\/?page_id=1550","title":{"rendered":"Windows gestalten mit Hintergrundbildern"},"content":{"rendered":"<p> schon seit Jahren nutzt, der kennt dessen Gestaltungsm\u00f6glichkeiten und wei\u00df, dass man mit sogenannten <i style=\"letter-spacing:1px;font-variant:small-caps;color: #8A0829;\"><b>Wallpapern<\/b><\/i> (sinngem\u00e4\u00df: Hintergrundbilder) das Aussehen des Desktops ver\u00e4ndern kann. Standardm\u00e4\u00dfig kommt Windows 10 z.B. mit dem folgenden Hintergrund daher: <a href=\"images\/Windows-10-Hero-Wallpaper-2560x1600-Pixel.jpg\" data-lightbox=\"win10hero\" data-title=\"Windows 10 HERO - Standardhintergrundbild\"><img decoding=\"async\" style=\"border:2px solid #8A0829;\" src=\"..\/images\/Windows-10-Hero-Wallpaper-2560x1600-Pixel.jpg\" width=\"750\" border=\"0\"><\/a><br \/>\nAbb. 1:Windows 10 HERO &#8211; Standardhintergrundbild (Klicken zum Vergr\u00f6\u00dfern)<\/p>\n<p>Im Folgenden zeige ich, wie man mit sogenannten <i style=\"letter-spacing:1px;font-variant:small-caps;color: #8A0829;\"><b>Wallpapern<\/b><\/i> das Aussehen des Desktops ver\u00e4ndern kann.<\/p>\n<p>Ganz am Anfang steht nat\u00fcrlich die Suche nach Hintergrundbildern.<br \/>\nHierzu benutzt man Suchmaschinen, wie Google oder Bing. Genau gesagt, deren Bildsuchfunktionen<\/p>\n<ul>\n<li><a href=\"https:\/\/www.google.de\/imghp?hl=de\" target=\"_New\">Google Bildersuche \u00f6ffnen<\/A><\/li>\n<li><a href=\"https:\/\/www.bing.com\/?scope=images&#038;nr=1&#038;FORM=NOFORM\" target=\"_New\">Bing Bildersuche \u00f6ffnen<\/A><\/li>\n<\/ul>\n<p>\n<font color=\"#8A0829\">Hinweis: Bei beiden Suchmaschinen hat man die M\u00f6glichkeit, \u00fcber Filter einzustellen, ob gro\u00dfe oder kleine Bilder angezeigt werden sollen. Bei bing besteht sogar die M\u00f6glichkeit, die Mindestgr\u00f6\u00dfe einzugeben. Das hei\u00dft, wer zum Beispiel eine bestimmte Gr\u00f6\u00dfe, wie z.B. 3840x2160px w\u00fcnscht, kann diese dort eingeben.<br \/>\n<\/font><\/p>\n<p>Nun muss man nat\u00fcrlich auch noch wissen, wonach man sucht. Aus meiner pers\u00f6nlichen Erfahrung heraus wei\u00df ich, dass es dabei am Besten ist, wenn man englischsprachige Suchbegriffe w\u00e4hlt. Dies h\u00e4ngt f\u00fcr mich schon damit zusammen, dass die meisten Plattformen daf\u00fcr im Ausland (Amerika, Russland und andere L\u00e4nder) sitzen, da die Kopiererrechte (Copyrights) hier in Deutschland und der EU katastrophal sind und man hier am Besten keinerlei Plattformen in dieser Richtung betreibt (Ausnahme sind solche Plattformen mit selbst erstellten Bildern, die man entweder als <font color=\"#8A0829\">Public Domain<\/font> (<font color=\"#8A0829\">Freeware<\/font>), als <font color=\"#8A0829\">Creative-Commons<\/font> oder unter <font color=\"#8A0829\">GNU General Public License<\/font> ver\u00f6ffentlicht).<\/p>\n<p>Doch kommen wir nun zu den Suchbegriffen:<\/p>\n<table width=\"620\">\n<tr>\n<td>\n<ul>\n<li>Abstract<\/li>\n<li>Animals<\/li>\n<li>Drinks<\/li>\n<li>Entertainment<\/li>\n<li>Food<\/li>\n<li>Holidays<\/li>\n<li>Nature<\/li>\n<li>People<\/li>\n<li>Sports<\/li>\n<li>Technology<\/li>\n<li>Vehicles<\/li>\n<li>World<\/li>\n<li>Celebrity<\/li>\n<li>Abstract<\/li>\n<li>Art<\/li>\n<li>3D<\/li>\n<li>Dark<\/li>\n<li>Fantasy<\/li>\n<\/ul>\n<\/td>\n<td>\n<ul>\n<li>Fractal<\/li>\n<li>Humor<\/li>\n<li>Sci-Fi<\/li>\n<li>Texts<\/li>\n<li>Texture<\/li>\n<li>Vector<\/li>\n<li>Animals<\/li>\n<li>Birds<\/li>\n<li>Cats<\/li>\n<li>Dogs<\/li>\n<li>Fishes<\/li>\n<li>Insects<\/li>\n<li>Reptiles<\/li>\n<li>Entertainment<\/li>\n<li>Anime<\/li>\n<li>Cartoons<\/li>\n<li>Classic Games<\/li>\n<li>Comics<\/li>\n<\/ul>\n<\/td>\n<td>\n<ul>\n<li>Movies<\/li>\n<li>Music<\/li>\n<li>TV Series<\/li>\n<li>Videogame<\/li>\n<li>Christmas<\/li>\n<li>Easter<\/li>\n<li>Halloween<\/li>\n<li>New Year<\/li>\n<li>Valentine&#8217;s Day<\/li>\n<li>Nature<\/li>\n<li>Beaches<\/li>\n<li>Deserts<\/li>\n<li>Flowers<\/li>\n<li>Fruits<\/li>\n<li>Lakes<\/li>\n<li>Landscapes<\/li>\n<li>Leaves<\/li>\n<li>Mountains<\/li>\n<\/ul>\n<\/td>\n<td>\n<ul>\n<li>Plants<\/li>\n<li>Rivers<\/li>\n<li>Ocean<\/li>\n<li>Sky<\/li>\n<li>Space<\/li>\n<li>Sunrise<\/li>\n<li>Sunset<\/li>\n<li>Trees<\/li>\n<li>Waterfalls<\/li>\n<li>Vehicles<\/li>\n<li>Aircrafts<\/li>\n<li>Cars<\/li>\n<li>Concept Cars<\/li>\n<li>Motorcycles<\/li>\n<li>Trains<\/li>\n<li>Trucks<\/li>\n<li>Watercrafts<\/li>\n<li>World<\/li>\n<\/ul>\n<\/td>\n<td>\n<ul>\n<li>Architecture<\/li>\n<li>Cities<\/li>\n<li>Skyline<\/li>\n<li>Scenic<\/li>\n<li>Flags<\/li>\n<li>Roads<\/li>\n<li>Windows 10<\/li>\n<li>Windows 11<\/li>\n<li>Ubuntu<\/li>\n<li>Apple<\/li>\n<li>Linux<\/li>\n<\/ul>\n<\/td>\n<\/tr>\n<\/table>\n<p>Diese Suchbegriffe kann man nun nat\u00fcrlich noch verfeinern, in dem man bspw. eine Farbe oder eine Helligkeitsstufe hinzunimmt.<br \/>\nBeispiel: &#8222;<font color=\"#8A0829\">Dark scenic wallpapers hd<\/font>&#8220; oder &#8222;<font color=\"#8A0829\">foggy scenic wallpapers hd<\/font>&#8222;, oder so \u00e4hnlich. Das l\u00e4sst sich beliebig variieren. Auch Begriffe wie <font color=\"#8A0829\">Amazing<\/font> oder <font color=\"#8A0829\">Awesome<\/font> lassen sich dort vorne mit einbauen.<\/p>\n<p>Hat man nun auf einer Suchmaschine ein Hintergrundbild gefunden, \u00f6ffnet man es (Vorsicht: Am Besten ist es, die im Kontextmen\u00fc des Browsers verf\u00fcgbare Funktion &#8222;<font color=\"#8A0829\">Grafik im neuen Tab \u00f6ffnen<\/font>&#8220; zu verwenden &#8211; Rechte Maustaste!) und hat dann folgende M\u00f6glichkeiten zur Verwendung.<br \/>\n<img loading=\"lazy\" decoding=\"async\" style=\"border:2px solid #8A0829;\" src=\"..\/images\/desktop_anpassen04.png\" width=\"289\" height=\"506\" border=\"0\"><br \/>\nAbb. 2: Kontextmen\u00fc des Browsers Firefox<\/p>\n<p>Man kann es, insofern es sofort in voller Gr\u00f6\u00dfe angezeigt wird (das sieht man an den Gr\u00f6\u00dfenangaben zur Grafik im Browser) &#8230;<br \/>\n<img loading=\"lazy\" decoding=\"async\" style=\"border:2px solid #B11313;\" style=\"border:2px solid #8A0829;\" src=\"..\/images\/desktop_anpassen05.png\" width=\"819\" height=\"503\" border=\"0\"><br \/>\nAbb. 3: Gr\u00f6\u00dfenanzeige zur Grafik unten Links (Firefox)<\/p>\n<p>&#8230; \u00fcber das Kontextmen\u00fc mit der Funktion &#8222;<font color=\"#8A0829\">Bild als Hintergrundbild einrichten<\/font>&#8220; sofort verwenden.<br \/>\nDer andere Weg w\u00e4re der, die Grafik zuerst in einem neuen Tab zu \u00f6ffnen und dann die genannte Funktion zu nutzen.<br \/>\n<img loading=\"lazy\" decoding=\"async\" style=\"border:2px solid #B11313;\" src=\"..\/images\/desktop_anpassen03.png\" width=\"267\" height=\"232\" border=\"0\"><br \/>\nAbb. 4: Kontextmen\u00fc nach \u00d6ffnen des Bildes im neuen Tab<\/p>\n<p>Beide Wege f\u00fchren jedoch zu diesem neuen Fenster:<br \/>\n<img loading=\"lazy\" decoding=\"async\" style=\"border:2px solid #8A0829;\" src=\"..\/images\/desktop_anpassen06.png\" width=\"362\" height=\"270\" border=\"0\"><br \/>\nAbb. 5: Hintergrundbild festlegen<\/p>\n<p>Bei diesem Fenster kann man noch festlegen, welche Hintergrundfarbe verwendet werden soll und ob es zentriert, gekachelt, dehnend, ausf\u00fcllend oder angepasst verwendet werden soll. Hierbei kommt es nun nat\u00fcrlich auf die Gesamtgr\u00f6\u00dfe des Bildes und der eigentlichen Gr\u00f6\u00dfe des Desktops an und in welchem Verh\u00e4ltnis sie zueinander stehen.<br \/>\nBei Bildern, die genau so gro\u00df oder gr\u00f6\u00dfer sind, wie bzw. als der Desktop, kann man &#8222;zentriert&#8220; w\u00e4hlen. Bilder die jedoch kleiner sind, sollte man &#8222;dehnen&#8220;. Doch achten Sie darauf, dass das jeweilige Bild nicht zu sehr klein ist, sonst sieht man eine deutliche Verpixelung, was unsch\u00f6n ist! Schlussendlich klickt man auf &#8222;<font color=\"#8A0829\">Hintergrundbild einrichten<\/font>&#8220; und fertig is&#8216;!<\/p>\n<p>Eine weitere M\u00f6glichkei ist es, sich unter den auf dem PC gespeicherten Bildern eines auszusuchen und dieses als Hintergrund festzulegen.<br \/>\nDazu nutzt man \u00fcber das Kontextmen\u00fc der Maus (rechte Maustaste) die Funktion &#8222;Anpassen&#8220;.<br \/>\n<img loading=\"lazy\" decoding=\"async\" style=\"border:2px solid #8A0829;\" src=\"..\/images\/desktop_anpassen01.png\" width=\"323\" height=\"260\" border=\"0\"><br \/>\nAbb. 6: Kontextme\u00fc auf dem Desktop<\/p>\n<p>Danach \u00f6ffnet sich folgendes neues Fenster:<br \/>\n<img loading=\"lazy\" decoding=\"async\" style=\"border:2px solid #B11313;\" src=\"..\/images\/desktop_anpassen02.png\" width=\"1217\" height=\"1002\" border=\"0\"><br \/>\nAbb. 7: Desktop anpassen (u.a. mit Festlegen des Hintergrundbildes)<\/p>\n<p>Hier kann man dann auf &#8222;Durchsuchen&#8220; klicken und gelangt so zu einem neuen Fenster, mit dem man den Inhalt des Computers gezielt durchsuchen kann.<br \/>\nHat man ein Bild gefunden und \u00f6ffnet es durch einen Doppelklick, wird es automatisch (ohne jegliche Anpassungsm\u00f6glichkeiten) verwendet und taucht dann ganz links in der Liste der m\u00f6glichen Bilder auf, aus der man dann schlie\u00dflich das jeweilige Bild, das man verwenden m\u00f6chte, anklicken kann, um zu wechseln.<\/p>\n<p>Gute Wallpaper gibt es bspw. hier:<br \/>\n<\/p>\n<ul>\n<li><a href=\"https:\/\/interfacelift.com\/wallpaper\/downloads\/date\/any\/\" target=\"_New\">InterfaceLIFT<\/a><\/li>\n<li><a href=\"https:\/\/www.deviantart.com\/topic\/wallpaper\" target=\"_New\">DeviantArt<\/a><\/li>\n<li><a href=\"https:\/\/thewallpapers.org\/\" target=\"_New\">TheWallpapers.org<\/a><\/li>\n<li><a href=\"http:\/\/www.widescreen-wallpapers.de\/\" target=\"_New\">widescreen-wallpapers.de<\/a><\/li>\n<li><a href=\"https:\/\/www.pexels.com\/de-de\/entdecken\/\" target=\"_New\">Pexels<\/a><\/li>\n<li><a href=\"https:\/\/windows10spotlight.com\/\" target=\"_New\">Windows 10 Spotlight<\/a><\/li>\n<li><a href=\"https:\/\/www.pixelstalk.net\/\" target=\"_New\">Pixelstalk.net<\/a><\/li>\n<li><a href=\"http:\/\/www.desktopjunky.de\/\" target=\"_New\">Desktopjunky<\/a><\/li>\n<\/ul>\n<p>&copy; 01.11.2021 Ulli Reinders<br \/>\nAktualisiert 25.09.2022 Ulli Reinders<\/p>\n","protected":false},"excerpt":{"rendered":"<p>schon seit Jahren nutzt, der kennt dessen Gestaltungsm\u00f6glichkeiten und wei\u00df, dass man mit sogenannten Wallpapern (sinngem\u00e4\u00df: Hintergrundbilder) das Aussehen des Desktops ver\u00e4ndern kann. Standardm\u00e4\u00dfig kommt Windows 10 z.B. mit dem folgenden Hintergrund daher: Abb. 1:Windows 10 HERO &#8211; Standardhintergrundbild (Klicken zum Vergr\u00f6\u00dfern) Im Folgenden zeige ich, wie man mit sogenannten Wallpapern das Aussehen des Desktops ver\u00e4ndern kann. Ganz am Anfang steht nat\u00fcrlich die Suche nach Hintergrundbildern. Hierzu benutzt man Suchmaschinen, wie Google oder Bing. Genau gesagt, deren Bildsuchfunktionen Google Bildersuche \u00f6ffnen Bing Bildersuche \u00f6ffnen Hinweis: Bei beiden Suchmaschinen hat man die M\u00f6glichkeit, \u00fcber Filter einzustellen, ob gro\u00dfe oder kleine Bilder angezeigt werden sollen. Bei bing besteht sogar die M\u00f6glichkeit, die Mindestgr\u00f6\u00dfe einzugeben. Das hei\u00dft, wer zum Beispiel eine bestimmte Gr\u00f6\u00dfe, wie z.B. 3840x2160px w\u00fcnscht, kann diese dort eingeben. Nun muss man nat\u00fcrlich auch noch wissen, wonach man sucht. Aus meiner pers\u00f6nlichen Erfahrung heraus wei\u00df ich, dass es dabei am Besten ist, wenn man englischsprachige Suchbegriffe w\u00e4hlt. Dies h\u00e4ngt f\u00fcr mich schon damit zusammen, dass die meisten Plattformen daf\u00fcr im Ausland (Amerika, Russland und andere L\u00e4nder) sitzen, da die Kopiererrechte (Copyrights) hier in Deutschland und der EU katastrophal sind und man hier am Besten keinerlei Plattformen in dieser Richtung betreibt (Ausnahme [&hellip;]<\/p>\n","protected":false},"author":1,"featured_media":0,"parent":0,"menu_order":0,"comment_status":"closed","ping_status":"closed","template":"","meta":{"pgc_sgb_lightbox_settings":"","footnotes":""},"class_list":["post-1550","page","type-page","status-publish","hentry"],"_links":{"self":[{"href":"https:\/\/www.reindersweb.de\/index.php?rest_route=\/wp\/v2\/pages\/1550","targetHints":{"allow":["GET"]}}],"collection":[{"href":"https:\/\/www.reindersweb.de\/index.php?rest_route=\/wp\/v2\/pages"}],"about":[{"href":"https:\/\/www.reindersweb.de\/index.php?rest_route=\/wp\/v2\/types\/page"}],"author":[{"embeddable":true,"href":"https:\/\/www.reindersweb.de\/index.php?rest_route=\/wp\/v2\/users\/1"}],"replies":[{"embeddable":true,"href":"https:\/\/www.reindersweb.de\/index.php?rest_route=%2Fwp%2Fv2%2Fcomments&post=1550"}],"version-history":[{"count":0,"href":"https:\/\/www.reindersweb.de\/index.php?rest_route=\/wp\/v2\/pages\/1550\/revisions"}],"wp:attachment":[{"href":"https:\/\/www.reindersweb.de\/index.php?rest_route=%2Fwp%2Fv2%2Fmedia&parent=1550"}],"curies":[{"name":"wp","href":"https:\/\/api.w.org\/{rel}","templated":true}]}}