{"id":143,"date":"2025-02-01T14:33:10","date_gmt":"2025-02-01T13:33:10","guid":{"rendered":"https:\/\/reindersweb.de\/?page_id=143"},"modified":"2025-02-01T14:33:10","modified_gmt":"2025-02-01T13:33:10","slug":"ssd-was-ist-das","status":"publish","type":"page","link":"https:\/\/www.reindersweb.de\/?page_id=143","title":{"rendered":"SSD &#8211; Was ist das ?"},"content":{"rendered":"<p>SSD, das steht f\u00fcr Solid State Drive. Dies ist zwar nichts anderes als eine &#8222;Festplatte&#8220; im eigentlichen Sinn. Und doch ist die SSD etwas besonderes. Denn im Gegensatz zu<br \/>\neiner sogenannten Harddisk (HDD \/ Hardisk Drive) besitzen SSD&#8217;s keine mechanischen Bauteile. Sie sind im wahrsten Sinne des Wortes nichtfl\u00fcchtige Datenspeicher.<\/p>\n<p>Diese SSD kommen sowohl in PC&#8217;s, wie auch in MP3-Playern oder USB-Sticks zum Einsatz.<\/p>\n<p>Doch welche Arten von SSD&#8217;s gibt es im Handel zu kaufen ?<\/p>\n<ul>\n<li>SATA<\/li>\n<li>M-SATA<\/li>\n<li>M.2<\/li>\n<li>PCIe<\/li>\n<\/ul>\n<p><a name=\"SATA\">SATA-SSD:<\/a> (Serial Advanced Technology Attachment)<br \/>\n<img decoding=\"async\" style=\"border:2px solid #8A0829;\" src=\"https:\/\/upload.wikimedia.org\/wikipedia\/commons\/thumb\/1\/16\/Innovation_IT_SSD_2.5%22_1_TB_SATA_III_TLC-7140.jpg\/640px-Innovation_IT_SSD_2.5%22_1_TB_SATA_III_TLC-7140.jpg\" width=\"600\"><br \/>\nSATA ist die am h\u00e4ufigsten verwendete Schnittstelle zur Daten\u00fcbertragung zwischen Festplatten und Speicherger\u00e4ten.<br \/>\nIn den meisten F\u00e4llen werden SATA-SSDs im 2,5 Zoll-Format (ca. 10 x 7 x 0.7 cm) gebaut. Dies ist schon deshalb praktisch, da es der Gr\u00f6\u00dfe von Notebook-Festplatten entspricht.<br \/>\nDamit lassen sie sich im Prinzip problemlos in Desktop-PC&#8217;s und auch in die meisten Notebook-Laufwerksch\u00e4chte integrieren.<\/p>\n<p>M-SATA: (Mini SATA)<br \/>\n<img decoding=\"async\" style=\"border:2px solid #8A0829;\" src=\"https:\/\/upload.wikimedia.org\/wikipedia\/commons\/thumb\/1\/1b\/Intel_525_mSATA_SSD.jpg\/640px-Intel_525_mSATA_SSD.jpg\" width=\"600\"><\/p>\n<p>\nMini SATA ist im gewissen Sinne nichts anderes, als die verkleinerte Form der SATA-SSD.<br \/>\n<img decoding=\"async\" style=\"border:2px solid #8A0829;\" src=\"https:\/\/upload.wikimedia.org\/wikipedia\/commons\/thumb\/1\/1f\/MSATA_SATA_M.2_NVMeSSD.jpg\/640px-MSATA_SATA_M.2_NVMeSSD.jpg\" width=\"600\"><br \/>\nmSATA-SSDs sind etwa achtmal kleiner als normale 2,5 Zoll-SATA-Laufwerke. Damit sind m-SATA SSD f\u00fcr flache Ger\u00e4te wie Notebooks und Tablets bestens geeignet, da 2,5 Zoll SSD hier nicht zum Einsatz kommen k\u00f6nnen. Leistungstechnisch ist bei diesem Formfaktor nichts anders. Denn auch mSATA-Laufwerke liefern den max. Datendurchsatz von 6 Gbit\/s. <\/p>\n<p>M.2:<br \/>\n<br \/>\n<img decoding=\"async\" style=\"border:2px solid #8A0829;\" src=\"https:\/\/upload.wikimedia.org\/wikipedia\/commons\/thumb\/4\/44\/SSD_M.2.svg\/512px-SSD_M.2.svg.png\" width=\"600\"><br \/>\nM.2-SSDs werden in einem sehr flachen, kompakten Steckkartenformat hergestellt und kommen bevorzugt in Mobilger\u00e4ten zum Einsatz. So ist das 2280-Format (22 mm x 80 mm) am Verbreitetesten, welches rein optisch mit einem RAM-Riegel vergleichbar ist.<\/p>\n<p>PCIe (auch NVMe):<br \/>\n<br \/>\n<img decoding=\"async\" style=\"border:2px solid #8A0829;\" src=\"https:\/\/upload.wikimedia.org\/wikipedia\/commons\/thumb\/2\/28\/Samsung_980_PRO_PCIe_4.0_NVMe_SSD_1TB-bottom_PNr%C2%B00916.jpg\/640px-Samsung_980_PRO_PCIe_4.0_NVMe_SSD_1TB-bottom_PNr%C2%B00916.jpg\" width=\"600\"><br \/>\nDieser Formfaktor verwendet das NVMe-Protokoll. PCIe-Laufwerke sind gr\u00f6\u00dfer als M.2-Laufwerke und lassen mehr Chips pro Karte zu. Daraus ergibt sich, dass PCIe-SSDs vor allem f\u00fcr gr\u00f6\u00dfere Ger\u00e4te wie Desktop-PC&#8217;s und Server relevant sind, da sie hierf\u00fcr h\u00f6here Kapazit\u00e4ten bereitstellen k\u00f6nnen. Die genaue Gr\u00f6\u00dfe der SSD h\u00e4ngt hierbei von den verwendeten Lanes ab. Steht hinter dem Formfaktor zum Beispiel &#8222;x1&#8220;, so ist nur eine einzige Lane m\u00f6glich. Bei &#8222;x4&#8220; sind es bereits 4 Lanes, die verwendet werden k\u00f6nnen. Entsprechend erh\u00f6ht sich auch die Anzahl der Steckkontakte und somit die L\u00e4nge und Breite einer PCIe-SSD (NVMe).<\/p>\n<p>Mehr \u00fcber SD-Karten, sowie deren Schnittstelle(n), \u00dcbertragungsmodi usw. erfahrt Ihr auf <a href=\"https:\/\/de.wikipedia.org\/wiki\/Solid-State-Drive#Einsatzgebiete\" target=\"_New\">Wikipedia<\/a><br \/>\nund <a href=\"https:\/\/ssd-guru.de\/die-unterschiedlichen-arten-von-ssds\/\" target=\"_New\">SSD Guru<\/a><\/p>\n<p>Alle Grafiken auf dieses Seite stammen von Wikimedia und sind somit frei verwendbar!<\/p>\n","protected":false},"excerpt":{"rendered":"<p>SSD, das steht f\u00fcr Solid State Drive. Dies ist zwar nichts anderes als eine &#8222;Festplatte&#8220; im eigentlichen Sinn. Und doch ist die SSD etwas besonderes. Denn im Gegensatz zu einer sogenannten Harddisk (HDD \/ Hardisk Drive) besitzen SSD&#8217;s keine mechanischen Bauteile. Sie sind im wahrsten Sinne des Wortes nichtfl\u00fcchtige Datenspeicher. Diese SSD kommen sowohl in PC&#8217;s, wie auch in MP3-Playern oder USB-Sticks zum Einsatz. Doch welche Arten von SSD&#8217;s gibt es im Handel zu kaufen ? SATA M-SATA M.2 PCIe SATA-SSD: (Serial Advanced Technology Attachment) SATA ist die am h\u00e4ufigsten verwendete Schnittstelle zur Daten\u00fcbertragung zwischen Festplatten und Speicherger\u00e4ten. In den meisten F\u00e4llen werden SATA-SSDs im 2,5 Zoll-Format (ca. 10 x 7 x 0.7 cm) gebaut. Dies ist schon deshalb praktisch, da es der Gr\u00f6\u00dfe von Notebook-Festplatten entspricht. Damit lassen sie sich im Prinzip problemlos in Desktop-PC&#8217;s und auch in die meisten Notebook-Laufwerksch\u00e4chte integrieren. M-SATA: (Mini SATA) Mini SATA ist im gewissen Sinne nichts anderes, als die verkleinerte Form der SATA-SSD. mSATA-SSDs sind etwa achtmal kleiner als normale 2,5 Zoll-SATA-Laufwerke. Damit sind m-SATA SSD f\u00fcr flache Ger\u00e4te wie Notebooks und Tablets bestens geeignet, da 2,5 Zoll SSD hier nicht zum Einsatz kommen k\u00f6nnen. Leistungstechnisch ist bei diesem Formfaktor nichts anders. Denn [&hellip;]<\/p>\n","protected":false},"author":1,"featured_media":0,"parent":0,"menu_order":0,"comment_status":"closed","ping_status":"closed","template":"","meta":{"pgc_sgb_lightbox_settings":"","footnotes":""},"class_list":["post-143","page","type-page","status-publish","hentry"],"_links":{"self":[{"href":"https:\/\/www.reindersweb.de\/index.php?rest_route=\/wp\/v2\/pages\/143","targetHints":{"allow":["GET"]}}],"collection":[{"href":"https:\/\/www.reindersweb.de\/index.php?rest_route=\/wp\/v2\/pages"}],"about":[{"href":"https:\/\/www.reindersweb.de\/index.php?rest_route=\/wp\/v2\/types\/page"}],"author":[{"embeddable":true,"href":"https:\/\/www.reindersweb.de\/index.php?rest_route=\/wp\/v2\/users\/1"}],"replies":[{"embeddable":true,"href":"https:\/\/www.reindersweb.de\/index.php?rest_route=%2Fwp%2Fv2%2Fcomments&post=143"}],"version-history":[{"count":0,"href":"https:\/\/www.reindersweb.de\/index.php?rest_route=\/wp\/v2\/pages\/143\/revisions"}],"wp:attachment":[{"href":"https:\/\/www.reindersweb.de\/index.php?rest_route=%2Fwp%2Fv2%2Fmedia&parent=143"}],"curies":[{"name":"wp","href":"https:\/\/api.w.org\/{rel}","templated":true}]}}