{"id":1297,"date":"2025-12-21T11:49:32","date_gmt":"2025-12-21T10:49:32","guid":{"rendered":"https:\/\/www.reindersweb.de\/?page_id=1297"},"modified":"2025-12-21T11:49:32","modified_gmt":"2025-12-21T10:49:32","slug":"was-sind-eigentlich-kaomojis","status":"publish","type":"page","link":"https:\/\/www.reindersweb.de\/?page_id=1297","title":{"rendered":"Was sind eigentlich Kaomojis ?"},"content":{"rendered":"<p>Ein Kaomoji (\u9854\u6587\u5b57) ist ein japanisches Emoticon, das aus einer Kombination von Schriftzeichen, Buchstaben und Satzzeichen besteht, um Gesichtsausdr\u00fccke und Emotionen darzustellen, wobei im Gegensatz zu westlichen Smileys die Augen im Vordergrund stehen und die Darstellung vertikal erfolgt.<\/p>\n<p>Wie auch die (westlichen) ASCII-Smilies werden Kaomojis aus dem Tastatur-Zeichensatz erstellt, sind betriebssystemunabh\u00e4ngig und k\u00f6nnen eine gro\u00dfe Bandbreite an Gef\u00fchlen und Handlungen ausdr\u00fccken, von Freude bis hin zum Schulterzucken. Was sie ideal f\u00fcr die digitale Kommunikation macht.<\/p>\n<p>W\u00e4hrend wir von den ASCII-Smilies her kennen, dass das Bild quasi um 90 Grad gedreht ist<br \/>\n&#8211; Beispiele: <code>:-)  &nbsp;:)   =)  &nbsp;:]  &nbsp;:&gt;   :c)   x)   :o) <\/code> (l\u00e4chelndes Gesicht \ud83d\ude0a) -,<br \/>\nist dies bei den Kaomojis nicht der Fall<br \/>\n&#8211; Beispiel: <code style=\"white-space:nowrap;\">(^_^)<\/code> (offenes Lachen) \ud83d\ude04-.<\/p>\n<p>W\u00e4hrend bei den ASCII-Smilies so gezwinkert wird: <code>;-)  &nbsp;;)  &nbsp;;]   ;o) <\/code><br \/>\nsieht das Zwinkern als Kaomoji so aus: <code style=\"white-space:nowrap;\">(^_~)<\/code><\/p>\n<p>W\u00e4hrend bei den ASCII-Smilies das traurige Gesicht so aussieht: <code>:-(  &nbsp;:(   =(  &nbsp;:[  &nbsp;:&lt;  &nbsp;:\/   x(   :o(  :C <\/code> schaut es bei den Kaomojis so aus: <code style=\"white-space:nowrap;\">(\u00f3_\u00f2)<\/code><\/p>\n<p><a href=\"https:\/\/de.wikipedia.org\/wiki\/Emoticon#Japanische_Emoticons\" target=\"_blank\">Kaomojis bei Wikipedia erkl\u00e4rt<\/a>. Dort findet ihr u.a. auch die folgende Tabelle mit Beispielen:<\/p>\n<table class=\"wikitable\" style=\"text-indent:6px\">\n<caption>Beispiele<br \/>\n<\/caption>\n<tbody>\n<tr>\n<td><code style=\"white-space:nowrap;\">(^_^)<\/code>\n<\/td>\n<td>offenes Lachen\n<\/td>\n<\/tr>\n<tr>\n<td><code style=\"white-space:nowrap;\">(^.^)<\/code>\n<\/td>\n<td>verhalten l\u00e4chelnd (Verbergen der Z\u00e4hne)\n<\/td>\n<\/tr>\n<tr>\n<td><code style=\"white-space:nowrap;\">\\(^_^)\/<\/code>\n<\/td>\n<td><a href=\"\/wiki\/Banzai\" title=\"Banzai\">Banzai!<\/a> (Hurra!) (mit Armen) (kleinere Version: \\o\/)\n<\/td>\n<\/tr>\n<tr>\n<td><code style=\"white-space:nowrap;\">(^_^)\/\"<\/code>\n<\/td>\n<td>Winken\n<\/td>\n<\/tr>\n<tr>\n<td><code style=\"white-space:nowrap;\">(^_~)<\/code>\n<\/td>\n<td>Auge zukneifen\/zwinkern\n<\/td>\n<\/tr>\n<tr>\n<td><code style=\"white-space:nowrap;\">(-.-)<\/code>\n<\/td>\n<td>etwas doof oder langweilig finden\n<\/td>\n<\/tr>\n<tr>\n<td><code style=\"white-space:nowrap;\">d(^_^)b<\/code>\n<\/td>\n<td>Musik h\u00f6ren oder \u201eDaumen hoch\u201c (Daumen hoch = applaudieren oder Zustimmung ausdr\u00fccken)\n<\/td>\n<\/tr>\n<tr>\n<td><code style=\"white-space:nowrap;\">(*_*)<\/code>\n<\/td>\n<td>mit funkelnden Augen von etwas schw\u00e4rmen\n<\/td>\n<\/tr>\n<tr>\n<td><code style=\"white-space:nowrap;\">\\(*-*)\/<\/code>\n<\/td>\n<td>jubeln \/ mit funkelnden Augen von etwas schw\u00e4rmen\n<\/td>\n<\/tr>\n<tr>\n<td><code style=\"white-space:nowrap;\">(+_\u00b0)<\/code>\n<\/td>\n<td>berauscht oder betrunken sein\n<\/td>\n<\/tr>\n<tr>\n<td><code style=\"white-space:nowrap;\">(TT-TT) (;_;)<\/code>\n<\/td>\n<td>weinen\n<\/td>\n<\/tr>\n<tr>\n<td><code style=\"white-space:nowrap;\">(&gt;_&lt;)<\/code>\n<\/td>\n<td>Augen zukneifendes Gesicht: Autsch!, w\u00fctend sein\n<\/td>\n<\/tr>\n<tr>\n<td><code style=\"white-space:nowrap;\">(^)(&gt;.&lt;)(^)<\/code>\n<\/td>\n<td>Zwei Mittelfinger: \u201eDu kannst mich mal\u201c, Ausdruck der Abneigung\n<\/td>\n<\/tr>\n<tr>\n<td><code style=\"white-space:nowrap;\">(-_-)<\/code>\n<\/td>\n<td>genervt\n<\/td>\n<\/tr>\n<tr>\n<td><code style=\"white-space:nowrap;\">(\u00f4_\u00f3)<\/code>\n<\/td>\n<td>etwas anzweifeln\n<\/td>\n<\/tr>\n<tr>\n<td><code style=\"white-space:nowrap;\">(q_q)<\/code>\n<\/td>\n<td>Tr\u00e4nen in den Augen\n<\/td>\n<\/tr>\n<tr>\n<td><code style=\"white-space:nowrap;\">(\u00f2_\u00f3)<\/code>\n<\/td>\n<td>b\u00f6ses Gesicht\n<\/td>\n<\/tr>\n<tr>\n<td><code style=\"white-space:nowrap;\">(\u00f3_\u00f2)<\/code>\n<\/td>\n<td>trauriges, besorgtes Gesicht\n<\/td>\n<\/tr>\n<tr>\n<td><code style=\"white-space:nowrap;\">(\u00f4_o)<\/code>\n<\/td>\n<td>eine Augenbraue heben, zweifeln\n<\/td>\n<\/tr>\n<tr>\n<td><code style=\"white-space:nowrap;\">(O_O)<\/code>\n<\/td>\n<td>sehr erstaunt, schockiert\n<\/td>\n<\/tr>\n<tr>\n<td><code style=\"white-space:nowrap;\">(^_^)\"<\/code> <code style=\"white-space:nowrap;\">(^_^;)<\/code>\n<\/td>\n<td>sch\u00e4men, Mitgef\u00fchl haben\n<\/td>\n<\/tr>\n<tr>\n<td><code style=\"white-space:nowrap;\">(\u00f3_O)<\/code> <code style=\"white-space:nowrap;\">(o_O)<\/code>\n<\/td>\n<td>skeptisch sein, etwas nicht verstehen\n<\/td>\n<\/tr>\n<tr>\n<td><code style=\"white-space:nowrap;\">(3&gt;_&lt;3)<\/code> <code style=\"white-space:nowrap;\">(\u2665_\u2665)<\/code>\n<\/td>\n<td>verliebt sein, von etwas schw\u00e4rmen\n<\/td>\n<\/tr>\n<tr>\n<td><code style=\"white-space:nowrap;\">(._.);<\/code>\n<\/td>\n<td>sich sehr sch\u00e4men\n<\/td>\n<\/tr>\n<tr>\n<td><code style=\"white-space:nowrap;\">(X.X)<\/code>\n<\/td>\n<td>ohnm\u00e4chtig sein o.&nbsp;\u00c4.\n<\/td>\n<\/tr>\n<tr>\n<td><code style=\"white-space:nowrap;\">(+.+)<\/code>\n<\/td>\n<td>nicht ganz bei der Sache sein\n<\/td>\n<\/tr>\n<tr>\n<td><code style=\"white-space:nowrap;\">(\u00f6_\u00f6)<\/code>\n<\/td>\n<td>l\u00e4cheln mit Wimpern\n<\/td>\n<\/tr>\n<tr>\n<td><code style=\"white-space:nowrap;\">(~_~)<\/code>\n<\/td>\n<td>angewidert sein\n<\/td>\n<\/tr>\n<tr>\n<td><code style=\"white-space:nowrap;\">(@_@)<\/code>\n<\/td>\n<td>verwirrt\n<\/td>\n<\/tr>\n<tr>\n<td><span id=\"uwu\"><\/span><code style=\"white-space:nowrap;\">uwu<\/code> <code style=\"white-space:nowrap;\">UwU<\/code>\n<\/td>\n<td>Freude<sup id=\"cite_ref-19\" class=\"reference\"><a href=\"#cite_note-19\"><span class=\"cite-bracket\">[<\/span>19<span class=\"cite-bracket\">]<\/span><\/a><\/sup>, siehe <a href=\"\/wiki\/UwU\" title=\"UwU\">UwU<\/a>\n<\/td>\n<\/tr>\n<tr>\n<td><span id=\"owo\"><\/span><code style=\"white-space:nowrap;\">owo<\/code> <code style=\"white-space:nowrap;\">OwO<\/code>\n<\/td>\n<td>Aufgerissene Augen, Ausdruck des Erstaunens<sup id=\"cite_ref-20\" class=\"reference\"><a href=\"#cite_note-20\"><span class=\"cite-bracket\">[<\/span>20<span class=\"cite-bracket\">]<\/span><\/a><\/sup>\n<\/td>\n<\/tr>\n<tr>\n<td><code style=\"white-space:nowrap;\">(,,,)---=^.^=---(,,,)<\/code>\n<\/td>\n<td>Katze\n<\/td>\n<\/tr>\n<tr>\n<td><code style=\"white-space:nowrap;\">\\m\/(-.-)\\m\/<\/code>\n<\/td>\n<td>zwei F\u00e4uste f\u00fcr: Rock\u2019n\u2019Roll oder Metal, siehe <a href=\"\/wiki\/Mano_cornuta\" title=\"Mano cornuta\">Mano cornuta<\/a>\n<\/td>\n<\/tr>\n<tr>\n<td><code style=\"white-space:nowrap;\">'-'\u00b4(\u00f2_\u00f3)<\/code>\n<\/td>\n<td>b\u00f6ser Rocker\n<\/td>\n<\/tr>\n<tr>\n<td><code style=\"white-space:nowrap;\">\u00b4'`\\_(\u00f2_\u00d3)_\/\u00b4'`<\/code>\n<\/td>\n<td>Zombie, Monster usw.\n<\/td>\n<\/tr>\n<tr>\n<td><code style=\"white-space:nowrap;\">\"\\\/(o_O)\\\/\"<\/code>\n<\/td>\n<td>unwissend sein, keine Ahnung haben\n<\/td>\n<\/tr>\n<tr>\n<td><code style=\"white-space:nowrap;\">\/\/\/\u00b40`\/\/\/<\/code>\n<\/td>\n<td>erregtes St\u00f6hnen, rote Wangen\n<\/td>\n<\/tr>\n<tr>\n<td><code style=\"white-space:nowrap;\">\\,,\/(-_-)\\,,\/<\/code>\n<\/td>\n<td>Keep Rockin\u2019\n<\/td>\n<\/tr>\n<tr>\n<td>_\/ \\_\n<p>(*_*)\n<\/p>\n<\/td>\n<td>Hexe oder Zauberer\n<\/td>\n<\/tr>\n<tr>\n<td>(,^,)\n<\/td>\n<td>umgedrehter Kopf, betrunken oder verr\u00fcckt sein\n<\/td>\n<\/tr>\n<tr>\n<td>:-\u00a7\n<\/td>\n<td>Mann mit Schnauzbart\n<\/td>\n<\/tr>\n<tr>\n<td>(-.-)zzz\n<\/td>\n<td>Schlafen\n<\/td>\n<\/tr>\n<tr>\n<td>\n<pre>\r\n ()_()\r\n (^.^)\r\n&lt;     &gt;\r\n  u u\r\n<\/pre>\n<\/td>\n<td>Hase, der l\u00e4chelt\n<\/td>\n<\/tr>\n<tr>\n<td>\n<pre>\r\nd8b.d8b\r\n8888888\r\n Y888Y\r\n  Y8Y\r\n   Y\r\n<\/pre>\n<\/td>\n<td>Herz\n<\/td>\n<\/tr>\n<tr>\n<td>\n<pre>\r\ni_i_i\r\nI___I\r\n<\/pre>\n<\/td>\n<td>Kuchen mit Kerzen\n<\/td>\n<\/tr>\n<tr>\n<td>&gt;~&lt;\n<\/td>\n<td>es ist einem Mulmig zu mute\n<\/td>\n<\/tr>\n<tr>\n<td>((&gt;_&lt;))\n<\/td>\n<td>brummender Sch\u00e4del\n<\/td>\n<\/tr>\n<tr>\n<td>(-&gt;_&lt;-)\n<\/td>\n<td>zusammengekniffene Augen\n<\/td>\n<\/tr>\n<tr>\n<td>&lt;(_ _)&gt;\n<\/td>\n<td>Person von oben\n<\/td>\n<\/tr>\n<tr>\n<td>(~00)\n<\/td>\n<td>Person mit Brille\n<\/td>\n<\/tr>\n<tr>\n<td>X-D\n<\/td>\n<td>mit zusammengekniffenen Augen lachen\n<\/td>\n<\/tr>\n<tr>\n<td>:-*\n<\/td>\n<td>Kuss\n<\/td>\n<\/tr>\n<tr>\n<td>}:-&amp;$!#%\n<\/td>\n<td>schimpfen, sich \u00e4rgern\n<\/td>\n<\/tr>\n<tr>\n<td>:-1\n<\/td>\n<td>leichtes grinsen\n<\/td>\n<\/tr>\n<tr>\n<td>d&#8211;(^_^)\n<\/td>\n<td>Daumen hoch\n<\/td>\n<\/tr>\n<tr>\n<td>q&#8211;(&#8218;~&#8216;)\n<\/td>\n<td>Daumen nach unten\n<\/td>\n<\/tr>\n<tr>\n<td>&lt;-\n<\/td>\n<td>Pfeil nach links\n<\/td>\n<\/tr>\n<tr>\n<td>-&gt;\n<\/td>\n<td>Pfeil nach rechts\n<\/td>\n<\/tr>\n<\/tbody>\n<\/table>\n","protected":false},"excerpt":{"rendered":"<p>Ein Kaomoji (\u9854\u6587\u5b57) ist ein japanisches Emoticon, das aus einer Kombination von Schriftzeichen, Buchstaben und Satzzeichen besteht, um Gesichtsausdr\u00fccke und Emotionen darzustellen, wobei im Gegensatz zu westlichen Smileys die Augen im Vordergrund stehen und die Darstellung vertikal erfolgt. Wie auch die (westlichen) ASCII-Smilies werden Kaomojis aus dem Tastatur-Zeichensatz erstellt, sind betriebssystemunabh\u00e4ngig und k\u00f6nnen eine gro\u00dfe Bandbreite an Gef\u00fchlen und Handlungen ausdr\u00fccken, von Freude bis hin zum Schulterzucken. Was sie ideal f\u00fcr die digitale Kommunikation macht. W\u00e4hrend wir von den ASCII-Smilies her kennen, dass das Bild quasi um 90 Grad gedreht ist &#8211; Beispiele: \ud83d\ude42 &nbsp;\ud83d\ude42 =) &nbsp;:] &nbsp;:&gt; :c) x) :o) (l\u00e4chelndes Gesicht \ud83d\ude0a) -, ist dies bei den Kaomojis nicht der Fall &#8211; Beispiel: (^_^) (offenes Lachen) \ud83d\ude04-. W\u00e4hrend bei den ASCII-Smilies so gezwinkert wird: \ud83d\ude09 &nbsp;\ud83d\ude09 &nbsp;;] ;o) sieht das Zwinkern als Kaomoji so aus: (^_~) W\u00e4hrend bei den ASCII-Smilies das traurige Gesicht so aussieht: \ud83d\ude41 &nbsp;\ud83d\ude41 =( &nbsp;:[ &nbsp;:&lt; &nbsp;:\/ x( :o( :C schaut es bei den Kaomojis so aus: (\u00f3_\u00f2) Kaomojis bei Wikipedia erkl\u00e4rt. Dort findet ihr u.a. auch die folgende Tabelle mit Beispielen: Beispiele (^_^) offenes Lachen (^.^) verhalten l\u00e4chelnd (Verbergen der Z\u00e4hne) \\(^_^)\/ Banzai! (Hurra!) (mit Armen) (kleinere Version: \\o\/) (^_^)\/&#8220; Winken (^_~) Auge [&hellip;]<\/p>\n","protected":false},"author":1,"featured_media":0,"parent":0,"menu_order":0,"comment_status":"closed","ping_status":"closed","template":"","meta":{"pgc_sgb_lightbox_settings":"","footnotes":""},"class_list":["post-1297","page","type-page","status-publish","hentry"],"_links":{"self":[{"href":"https:\/\/www.reindersweb.de\/index.php?rest_route=\/wp\/v2\/pages\/1297","targetHints":{"allow":["GET"]}}],"collection":[{"href":"https:\/\/www.reindersweb.de\/index.php?rest_route=\/wp\/v2\/pages"}],"about":[{"href":"https:\/\/www.reindersweb.de\/index.php?rest_route=\/wp\/v2\/types\/page"}],"author":[{"embeddable":true,"href":"https:\/\/www.reindersweb.de\/index.php?rest_route=\/wp\/v2\/users\/1"}],"replies":[{"embeddable":true,"href":"https:\/\/www.reindersweb.de\/index.php?rest_route=%2Fwp%2Fv2%2Fcomments&post=1297"}],"version-history":[{"count":0,"href":"https:\/\/www.reindersweb.de\/index.php?rest_route=\/wp\/v2\/pages\/1297\/revisions"}],"wp:attachment":[{"href":"https:\/\/www.reindersweb.de\/index.php?rest_route=%2Fwp%2Fv2%2Fmedia&parent=1297"}],"curies":[{"name":"wp","href":"https:\/\/api.w.org\/{rel}","templated":true}]}}