{"id":128,"date":"2025-02-01T14:17:55","date_gmt":"2025-02-01T13:17:55","guid":{"rendered":"https:\/\/reindersweb.de\/?page_id=128"},"modified":"2025-02-01T14:17:55","modified_gmt":"2025-02-01T13:17:55","slug":"hdd-dockingstation-was-ist-das","status":"publish","type":"page","link":"https:\/\/www.reindersweb.de\/?page_id=128","title":{"rendered":"HDD-Dockingstation &#8211; Was ist das ?"},"content":{"rendered":"<p><img decoding=\"async\" style=\"border:2px solid #ff0000;\" src=\"images\/argus_dockingstation01.png\"><br \/>\nAbb. 1: Argus HDD Dockingstation<\/p>\n<p>Eine HDD-Dockingstation (oder auch Festplatten-Dockingstation, manchmal auch SATA-Dockingstation) fungieren an einem Computer via USB-Schnittstelle als externe Anschlussm\u00f6glichkeit f\u00fcr HDD&#8217;s (Harddisk Drives) und SSD&#8217;s (Solid State Drives) mit SATA-Schnittstelle. Oft werden solche externen Festplatten f\u00fcr Backups benutzt, k\u00f6nnen allerdings auch als ganz normale externe HDD, quasi als zus\u00e4tzliche M\u00f6glichkeit zum Speichern von Dateien aller Art dienen. Eine Nutzungsm\u00f6glichkeit w\u00e4re es zum Beispiel, diverse HDD&#8217;s als Speichermedien zum Archivieren f\u00fcr Filme (bspw. eigene Videos), Bildersammlungen etc. zu nutzen, um bspw. einem totalen Datenverlust bei Ausfall der internen HDD oder SSD vorzubeugen.<br \/>\n<font color=\"#ff0000\">Die Nutzungsdauer solcher HDD&#8217;s oder SSD&#8217;s bestimmt zumeist den mehr oder minder guten Zustand.<\/font><br \/>\nDie Art der USB-Schnittstelle (ab USB3.0) legt hierbei fest, ob man die Temperatur oder den Zustand der HDD mit ensprechend geeigneter <a href=\"admin-und-wartung\/smart_hdd_ueberwachung.php\">Software<\/a> \u00fcberwachen kann. Ebenso kann man eine solche externe HDD auch zum Klonen (Duplizieren) &#8211; bspw. einer Festplatte mit Betriebssystem &#8211; nutzen, wenn man zum Beispiel mit seinem Betriebssystem auf eine gr\u00f6\u00dfere HDD (bspw. von 2TB auf 4TB), oder von HDD auf SSD umziehen m\u00f6chte. Dazu ben\u00f6tigt man dann eine <a href=\"https:\/\/www.miray.de\/products\/applications\/hdclone.html\" target=\"_New\">Software<\/a>, mit der es m\u00f6glich<br \/>\nist, eine HDD 1:1 zu klonen.<br \/>\n<img decoding=\"async\" style=\"border:2px solid #ff0000;\" src=\"images\/argus_dockingstation02.png\"><br \/>\nAbb. 2: Argus HDD Dockingstation<\/p>\n<p>Solche Dockingstations gibt es als Station mit einem Steckplatz, aber auch mit 2, 3 oder 4 Steckpl\u00e4tzen. Und es gibt Dockingstations mit integriertem USB-Hub (s. Abb. 2), wobei der integrierte USB-Hub dann bspw. noch zus\u00e4tzliche USB-Sticks aufnehmen kann.<\/p>\n<p>Die Geschwindigkeit einer extern angeschlossenen HDD oder SSD, h\u00e4ngt von der Art der Verbindung zum Computer und vom Controller ab, jedoch nicht vom Laufwerk selbst. Datentransferraten bis hin zu 4 Gbit\/s sind mit <a href=\"was_ist_das\/usb.php\">USB 3.0<\/a> m\u00f6glich.<\/p>\n<p>Es gibt solche Dockingstations auch, wie in Abbildung 3+4 zu sehen, mit 2 (1x HDD, 1x SSD) oder mehr Steckpl\u00e4tzen (bspw. 4x HDD) mit Klone-Funktion.<\/p>\n<p><img decoding=\"async\" style=\"border:2px solid #ff0000;\" src=\"images\/orico_4x_dockingstation01.png\"><br \/>\nAbb. 3: Orico 4-fach USB 3.0 SATA-Festplatten-Dockingstation-Duplikator f\u00fcr 2,5-Zoll-Festplatten<\/p>\n<p><img decoding=\"async\" style=\"border:2px solid #ff0000;\" src=\"images\/renkforce_dockingstation01.png\"><br \/>\nAbb. 4: Renkforce rf-docking-07 USB 3.2 Gen 1 (USB 3.0) SATA 2 Port Festplatten-Dockingstation mit Clone-Funktion<\/p>\n<p>\u00c4hnlich wie eine HDD-Dockingstation fungieren externe Festplattengeh\u00e4use.<br \/>\nSolche externen Geh\u00e4use bieten Platz f\u00fcr bis zu vier SATA (1, 2 oder 3) Festplatten im Format 3,5\u201c. Diese Geh\u00e4use f\u00fchren ein beiliegenden Netzteil mit sich, werden ebenfalls \u00fcber den USB-Port angeschlossen und erreichen bspw. \u00dcbertragungsgeschwindigkeiten von bis zu 5 Gbit\/s.<br \/>\nEin entsprechendes USB Kabel wird mitgeliefert. Hierbei wird jedes Laufwerk einzeln erkannt, sodass auf alle HDD&#8217;s separat zugegriffen werden kann. Solche externen Geh\u00e4use werden oft sowohl von MS Windows als auch von MacOS unterst\u00fctzt. Oft sieht man \u00fcber eingebaute die LED-Anzeigen, auf welche der Festplatten zugegriffen wird oder ob Fehler vorliegen. Manchmal ist es m\u00f6glich, diese Geh\u00e4use in einen synchronisierten Standby Modus zu versetzen, um Energie zu sparen. Meist werden solche externen Geh\u00e4use durch einen temperaturgesteuerten L\u00fcfter gek\u00fchlt, damit die Festplatten nicht zu hei\u00df werden.<br \/>\n<img decoding=\"async\" style=\"border:2px solid #ff0000;\" src=\"images\/icy_box01.png\"><br \/>\nAbb. 5: ICY BOX 4-fach Externes Festplattengeh\u00e4use f\u00fcr 3,5 Zoll SATA I,II,III Festplatten<\/p>\n<p>Speicherkapazit\u00e4t: Die Leergeh\u00e4use und Docking-Stationen unterst\u00fctzen derzeit HDD&#8217;s bis zu 8 TB und SSD&#8217;s bis 4 TB Volumen.<\/p>\n<p>Nachteile: Externe Laufwerke sind sehr oft von Ausf\u00e4llen betroffen. Zum einen kann der Controller in einem Geh\u00e4use Schaden nehmen. Zum anderen die verbaute(n) Festplatte(n). Bei einem defekten Controller des Geh\u00e4uses kann die HDD\/SSD sehr oft in einem anderen Geh\u00e4use oder Dockingstation problemlos weiterverwendet werden.<\/p>\n<p>Anmerkung: Dies ist keine Kaufempfehlung f\u00fcr eines dieser Ger\u00e4te. Es mus jeder selbst wissen, welches Ger\u00e4t und ob \u00fcberhaupt m\/w\/d sich anschafft!<\/p>\n","protected":false},"excerpt":{"rendered":"<p>Abb. 1: Argus HDD Dockingstation Eine HDD-Dockingstation (oder auch Festplatten-Dockingstation, manchmal auch SATA-Dockingstation) fungieren an einem Computer via USB-Schnittstelle als externe Anschlussm\u00f6glichkeit f\u00fcr HDD&#8217;s (Harddisk Drives) und SSD&#8217;s (Solid State Drives) mit SATA-Schnittstelle. Oft werden solche externen Festplatten f\u00fcr Backups benutzt, k\u00f6nnen allerdings auch als ganz normale externe HDD, quasi als zus\u00e4tzliche M\u00f6glichkeit zum Speichern von Dateien aller Art dienen. Eine Nutzungsm\u00f6glichkeit w\u00e4re es zum Beispiel, diverse HDD&#8217;s als Speichermedien zum Archivieren f\u00fcr Filme (bspw. eigene Videos), Bildersammlungen etc. zu nutzen, um bspw. einem totalen Datenverlust bei Ausfall der internen HDD oder SSD vorzubeugen. Die Nutzungsdauer solcher HDD&#8217;s oder SSD&#8217;s bestimmt zumeist den mehr oder minder guten Zustand. Die Art der USB-Schnittstelle (ab USB3.0) legt hierbei fest, ob man die Temperatur oder den Zustand der HDD mit ensprechend geeigneter Software \u00fcberwachen kann. Ebenso kann man eine solche externe HDD auch zum Klonen (Duplizieren) &#8211; bspw. einer Festplatte mit Betriebssystem &#8211; nutzen, wenn man zum Beispiel mit seinem Betriebssystem auf eine gr\u00f6\u00dfere HDD (bspw. von 2TB auf 4TB), oder von HDD auf SSD umziehen m\u00f6chte. Dazu ben\u00f6tigt man dann eine Software, mit der es m\u00f6glich ist, eine HDD 1:1 zu klonen. Abb. 2: Argus HDD Dockingstation Solche Dockingstations gibt es als [&hellip;]<\/p>\n","protected":false},"author":1,"featured_media":0,"parent":0,"menu_order":0,"comment_status":"closed","ping_status":"closed","template":"","meta":{"pgc_sgb_lightbox_settings":"","footnotes":""},"class_list":["post-128","page","type-page","status-publish","hentry"],"_links":{"self":[{"href":"https:\/\/www.reindersweb.de\/index.php?rest_route=\/wp\/v2\/pages\/128","targetHints":{"allow":["GET"]}}],"collection":[{"href":"https:\/\/www.reindersweb.de\/index.php?rest_route=\/wp\/v2\/pages"}],"about":[{"href":"https:\/\/www.reindersweb.de\/index.php?rest_route=\/wp\/v2\/types\/page"}],"author":[{"embeddable":true,"href":"https:\/\/www.reindersweb.de\/index.php?rest_route=\/wp\/v2\/users\/1"}],"replies":[{"embeddable":true,"href":"https:\/\/www.reindersweb.de\/index.php?rest_route=%2Fwp%2Fv2%2Fcomments&post=128"}],"version-history":[{"count":0,"href":"https:\/\/www.reindersweb.de\/index.php?rest_route=\/wp\/v2\/pages\/128\/revisions"}],"wp:attachment":[{"href":"https:\/\/www.reindersweb.de\/index.php?rest_route=%2Fwp%2Fv2%2Fmedia&parent=128"}],"curies":[{"name":"wp","href":"https:\/\/api.w.org\/{rel}","templated":true}]}}