{"id":126,"date":"2025-02-01T14:10:14","date_gmt":"2025-02-01T13:10:14","guid":{"rendered":"https:\/\/reindersweb.de\/?page_id=126"},"modified":"2025-02-01T14:10:14","modified_gmt":"2025-02-01T13:10:14","slug":"gpu-was-ist-das","status":"publish","type":"page","link":"https:\/\/www.reindersweb.de\/?page_id=126","title":{"rendered":"GPU &#8211; Was ist das ?"},"content":{"rendered":"<p><img decoding=\"async\" style=\"border:2px solid #ff0000;\" src=\"images\/gpu.png\"><br \/>\nEine GPU, das ist der Grafikprozessor, den heute eigentlich jedes Multimediager\u00e4t mit sich bringt. Ob Smartphone oder Computer, kein Ger\u00e4t kommt heute mehr ohne die GPU aus. Oft sind Grafikprozessoren schon auf dem sogenannten Mainboard verbaut und steuern dort die Ausgabe und Qualit\u00e4t der Bilder, die an den entsprechenden Monitor geliefert werden. Genau gesagt ist die GPU daf\u00fcr zust\u00e4ndig, die angezeigten Pixel auf den Bildschirmen ihres Smartphone oder Computers zu berechnen. Ohne die GPU g\u00e4be es zwar die Daten die angezeigt werden k\u00f6nnen, allerdings k\u00f6nnten diese ohne die GPU nicht &#8218;visualisiert&#8216; (grafisch dargestellt) werden. Ausserdem \u00fcbernimmt die GPU auch die Brechnung von 2D- und 3D-Grafiken, wodurch die CPU entlastet wird, welche wiederum damit besch\u00e4ftigt ist, Rechenaufgaben, die nichts mit Grafikverarbeitung zu tun haben, abzuwickeln.<br \/>\nIm Vergleich von GPU und CPU besitzt eine GPU meistens sehr viele Rechenkerne, da viele Aufgaben gleichzeitig bew\u00e4ltigt werden m\u00fcssen. Das Berechnen eines einzelnen Pixeln ist zwar nicht sehr aufwendig, allerdings m\u00fcssen Millionen von Pixeln gleichzeitig berechnet werden &#8211; und das bis zu 200 Mal in der Sekunde. Das bedeutet, das die GPU innerhalb eine Minute hunderte Millionen von Pixeln berechnen muss. Vor allem Videospiele sind sehr rechenintensiv und fordern von einer GPU H\u00f6chstleistungen. Was wiederum dazu f\u00fchrt, dass die GPU sehr hei\u00df werden kann. Daher wird die GPU auf einer Grafikkarte zum Beispiel auch mit mehreren L\u00fcftern gleichzeitig gek\u00fchlt. Aktuell teilen sich drei gro\u00dfe Hersteller von Prozessoeren den Markt unter sich auf. Dies sind Intel, AMD und NVidia.<\/p>\n","protected":false},"excerpt":{"rendered":"<p>Eine GPU, das ist der Grafikprozessor, den heute eigentlich jedes Multimediager\u00e4t mit sich bringt. Ob Smartphone oder Computer, kein Ger\u00e4t kommt heute mehr ohne die GPU aus. Oft sind Grafikprozessoren schon auf dem sogenannten Mainboard verbaut und steuern dort die Ausgabe und Qualit\u00e4t der Bilder, die an den entsprechenden Monitor geliefert werden. Genau gesagt ist die GPU daf\u00fcr zust\u00e4ndig, die angezeigten Pixel auf den Bildschirmen ihres Smartphone oder Computers zu berechnen. Ohne die GPU g\u00e4be es zwar die Daten die angezeigt werden k\u00f6nnen, allerdings k\u00f6nnten diese ohne die GPU nicht &#8218;visualisiert&#8216; (grafisch dargestellt) werden. Ausserdem \u00fcbernimmt die GPU auch die Brechnung von 2D- und 3D-Grafiken, wodurch die CPU entlastet wird, welche wiederum damit besch\u00e4ftigt ist, Rechenaufgaben, die nichts mit Grafikverarbeitung zu tun haben, abzuwickeln. Im Vergleich von GPU und CPU besitzt eine GPU meistens sehr viele Rechenkerne, da viele Aufgaben gleichzeitig bew\u00e4ltigt werden m\u00fcssen. Das Berechnen eines einzelnen Pixeln ist zwar nicht sehr aufwendig, allerdings m\u00fcssen Millionen von Pixeln gleichzeitig berechnet werden &#8211; und das bis zu 200 Mal in der Sekunde. Das bedeutet, das die GPU innerhalb eine Minute hunderte Millionen von Pixeln berechnen muss. Vor allem Videospiele sind sehr rechenintensiv und fordern von einer GPU H\u00f6chstleistungen. Was wiederum [&hellip;]<\/p>\n","protected":false},"author":1,"featured_media":0,"parent":0,"menu_order":0,"comment_status":"closed","ping_status":"closed","template":"","meta":{"pgc_sgb_lightbox_settings":"","footnotes":""},"class_list":["post-126","page","type-page","status-publish","hentry"],"_links":{"self":[{"href":"https:\/\/www.reindersweb.de\/index.php?rest_route=\/wp\/v2\/pages\/126","targetHints":{"allow":["GET"]}}],"collection":[{"href":"https:\/\/www.reindersweb.de\/index.php?rest_route=\/wp\/v2\/pages"}],"about":[{"href":"https:\/\/www.reindersweb.de\/index.php?rest_route=\/wp\/v2\/types\/page"}],"author":[{"embeddable":true,"href":"https:\/\/www.reindersweb.de\/index.php?rest_route=\/wp\/v2\/users\/1"}],"replies":[{"embeddable":true,"href":"https:\/\/www.reindersweb.de\/index.php?rest_route=%2Fwp%2Fv2%2Fcomments&post=126"}],"version-history":[{"count":0,"href":"https:\/\/www.reindersweb.de\/index.php?rest_route=\/wp\/v2\/pages\/126\/revisions"}],"wp:attachment":[{"href":"https:\/\/www.reindersweb.de\/index.php?rest_route=%2Fwp%2Fv2%2Fmedia&parent=126"}],"curies":[{"name":"wp","href":"https:\/\/api.w.org\/{rel}","templated":true}]}}