{"id":117,"date":"2025-02-01T14:00:20","date_gmt":"2025-02-01T13:00:20","guid":{"rendered":"https:\/\/reindersweb.de\/?page_id=117"},"modified":"2025-02-01T14:00:20","modified_gmt":"2025-02-01T13:00:20","slug":"dongle-was-ist-das","status":"publish","type":"page","link":"https:\/\/www.reindersweb.de\/?page_id=117","title":{"rendered":"Dongle &#8211; Was ist das ?"},"content":{"rendered":"<p><img decoding=\"async\" style=\"border:2px solid #ff0000; background-color: white;\" src=\"images\/w-lan_dongle.png\"><br \/>\n<font color=\"#ff0000\">Dongle<\/font>, das war fr\u00fcher einmal die Bezeichnung f\u00fcr Kopierschutzstecker. Diese dienten dazu, Software vor unlizensierter Verwendung oder dem Kopieren zu sch\u00fctzen.<br \/>\nHeute fallen unter den Begriff Dongle sowohl <font color=\"#8a0829\">Schnittstellenadapter<\/font> als auch <font color=\"#8a0829\">WLAN- oder Bluetooth-Adapter<\/font>, <font color=\"#8a0829\">Speicher-Sticks<\/font>, <font color=\"#8a0829\">Streaming-Sticks<\/font> oder <font color=\"#8a0829\">Mobilfunk-Sticks<\/font>.<\/p>\n<p><font color=\"#ff0000\">Der Kopierschutzstecker<\/font>:<br \/>\n&#8230; ist per Schnittstellenport wie z.B. einem USB-Port oder einem Parallel-Port mit einem Computer verbunden und verhindert so, dass Software unlizenziert verwendet oder kopiert werden kann. Die Software fragt dazu den externen Hardwareschl\u00fcssel \u00fcber die genutzte Schnittstelle ab. Nur dann, wenn der Hardware-Key korrekt antwortet, sind die auf diese Weise gesch\u00fctzten Programme oder einzelne Funktionen der Programme ausf\u00fchrbar. Denn in diesem Fall entsperrt der Kopierschutzstecker die Software. Unter anderem l\u00e4sst sich so verhindern, dass Software auf mehreren Rechnern installiert und ohne Lizenz verwendet wird.<br \/>\nBeispiele f\u00fcr die Verwendung eines solchen Dongles sind u.a.:<\/p>\n<ul>\n<li>CAD und CAM-Software<\/li>\n<li>digital Audio-Visuelle Anwendungen im Media und Film Umfeld<\/li>\n<li>sogenannte Prepress- und Druck-Software<\/li>\n<li>Software f\u00fcr Rechnungswesen, Buchhaltung, Assetmanagement (Anlagenverwaltung), Steuersoftware, Finanzen, Lohnbuchhaltung, externe Kostenrechnung und Warenwirtschaft<\/li>\n<\/ul>\n<p>\u00dcbrigens, diese Form der Dongles nennt man auch schonmal Hardlock oder ganz einfach nur Key.<\/p>\n<p><font color=\"#ff0000\">WLAN-, WiFi- und Bluetooth-Dongles<\/font>:<br \/>\n&#8230; sind kleine USB-Stecker, die einen Computer zus\u00e4tzlich mit einer WLAN-, Wifi-, oder Bluetooth-Schnittstelle ausstatten. Sie sind tragbar, einfach zu transportieren, bequem zu bedienen und zumeist sehr preiswert. Diese Form der Dongles ist dann sinnvoll, wenn auf dem jeweiligen Ger\u00e4t keine integrierten Schnittstellen dieser Art vorhanden sind oder zus\u00e4tzliche Drahtlosadapter ben\u00f6tigt werden. Diese USB-Stecker besitzen die f\u00fcr die drahtlosen Verbindungen ben\u00f6tigte \u00dcbertragungs- und Antennentechnik und installieren sich \u00fcber die USB-Schnittstelle in den meisten F\u00e4llen ganz automatisch. Die bereitgestellten Drahtlosschnittstellen werden wie die im Computer integrierte WLAN- oder Bluetooth-Schnittstelle(n) angesprochen.<\/p>\n<p><font color=\"#ff0000\">Streaming-Dongles<\/font>:<br \/>\n<br \/>\nDiese Form der Dongles werden alternativ als Streaming-Sticks oder Media-Player-Sticks bezeichnet. Die Streaming-Dongles lassen sich per HDMI-Schnittstelle an einen Fernseher oder Computer-Bildschirm\/Monitor anschlie\u00dfen und streamen so Multimediainhalte \u00fcber eine Netzwerkverbindung (Kabel oder drahtlos) auf das jeweilige Anzeigeger\u00e4t. Typische Vertreter sind z.B. der Amazon Fire TV Stick, der Telekom MagentaTV Stick oder Google Chromecast. Solche Streaming-Dongles haben einen eigenen Prozessor, internen Speicher und verschiedene drahtlose oder kabelbasierte Schnittstellen. Gesteuert werden sie von einem eigenen (internen) Betriebssystem. Diese Sticks k\u00f6nnen Multimediainhalte sowohl lokal, wie auch aus dem Internet abzurufen und unterst\u00fctzen kostenpflichtige Inhalte der jeweiligen Anbieter.<\/p>\n<p><font color=\"#ff0000\">Mobilfunk-Dongles<\/font>:<br \/>\n&#8230; sind zumeist USB-Daten-Sticks oder Mobilfunk-Sticks. Diese Sticks lassen sich mit einer SIM-Karte eines Mobilfunkbetreibers best\u00fccken und stellen eine Datenverbindung \u00fcber ein Mobilfunknetz her. Verwendet werden hierzu \u00dcbertragungsstandards wie 3G (UMTS), 4G (LTE) oder 5G, um eine hohe Daten\u00fcbertragungsraten zu erhalten. Oft ist diese Vorgehensweise f\u00fcr das mobile Arbeiten per Laptop n\u00f6tig.<\/p>\n<p><font color=\"#ff0000\">Adapter- und Schnittstellen-Dongles<\/font>:<br \/>\n&#8230; haben die Aufgabe, eine bereits vorhandene Schnittstelle anzupassen, diese in eine andere Schnittstellenart zu verwandeln oder eine alternative Steckverbindung bereitzustellen. Sie machen dann Sinn, wenn am Ger\u00e4t nur begrenzt Platz vorhanden ist, aber ein relativ gro\u00dfer Stecker angeschlossen werden soll. Mit einem passenden Schnittstellen-Dongle l\u00e4sst sich dann eine am Ger\u00e4t vorhandene Miniaturvariante einer Schnittstelle in eine Full-Size-Variante verwandeln. Weitere Schnittstellen-Dongles konvertieren beispielsweise DVI-Anschl\u00fcsse in VGA-Anschl\u00fcsse, USB-Anschl\u00fcsse in serielle Anschl\u00fcsse, in Netzwerk- oder in Monitoranschl\u00fcsse, USB-C- in USB-A-Anschl\u00fcsse und vieles mehr.<\/p>\n<p><font color=\"#ff0000\">Speicher-Dongles<\/font>:<br \/>\nDer Begriff &#8222;Speicher-Dongles&#8220; war fr\u00fcher sehr verbreitet. Heutzutage wird diese Art Ger\u00e4t eher als Speicher-Sticks, Memory-Sticks oder USB-Sticks bezeichnet. Es handelt sich dabei um kleine &#8211; externe &#8211; flashbasierte Speichersticks, die \u00fcber die <a href=\"was_ist_das\/usb.php\">USB-Schnittstelle<\/a> angeschlossen werden. Diese dienen als mobile Speichermedien und erlauben dem Anwender einen einfachen und schnellen Transfer von Daten wie z.B. Dokumenten (PDF, Word etc), Bilder, Videos oder Software zwischen verschiedenen Rechnern und Ger\u00e4ten, die nicht direkt miteinander vernetzt sind.<\/p>\n","protected":false},"excerpt":{"rendered":"<p>Dongle, das war fr\u00fcher einmal die Bezeichnung f\u00fcr Kopierschutzstecker. Diese dienten dazu, Software vor unlizensierter Verwendung oder dem Kopieren zu sch\u00fctzen. Heute fallen unter den Begriff Dongle sowohl Schnittstellenadapter als auch WLAN- oder Bluetooth-Adapter, Speicher-Sticks, Streaming-Sticks oder Mobilfunk-Sticks. Der Kopierschutzstecker: &#8230; ist per Schnittstellenport wie z.B. einem USB-Port oder einem Parallel-Port mit einem Computer verbunden und verhindert so, dass Software unlizenziert verwendet oder kopiert werden kann. Die Software fragt dazu den externen Hardwareschl\u00fcssel \u00fcber die genutzte Schnittstelle ab. Nur dann, wenn der Hardware-Key korrekt antwortet, sind die auf diese Weise gesch\u00fctzten Programme oder einzelne Funktionen der Programme ausf\u00fchrbar. Denn in diesem Fall entsperrt der Kopierschutzstecker die Software. Unter anderem l\u00e4sst sich so verhindern, dass Software auf mehreren Rechnern installiert und ohne Lizenz verwendet wird. Beispiele f\u00fcr die Verwendung eines solchen Dongles sind u.a.: CAD und CAM-Software digital Audio-Visuelle Anwendungen im Media und Film Umfeld sogenannte Prepress- und Druck-Software Software f\u00fcr Rechnungswesen, Buchhaltung, Assetmanagement (Anlagenverwaltung), Steuersoftware, Finanzen, Lohnbuchhaltung, externe Kostenrechnung und Warenwirtschaft \u00dcbrigens, diese Form der Dongles nennt man auch schonmal Hardlock oder ganz einfach nur Key. WLAN-, WiFi- und Bluetooth-Dongles: &#8230; sind kleine USB-Stecker, die einen Computer zus\u00e4tzlich mit einer WLAN-, Wifi-, oder Bluetooth-Schnittstelle ausstatten. Sie sind tragbar, einfach zu [&hellip;]<\/p>\n","protected":false},"author":1,"featured_media":0,"parent":0,"menu_order":0,"comment_status":"closed","ping_status":"closed","template":"","meta":{"pgc_sgb_lightbox_settings":"","footnotes":""},"class_list":["post-117","page","type-page","status-publish","hentry"],"_links":{"self":[{"href":"https:\/\/www.reindersweb.de\/index.php?rest_route=\/wp\/v2\/pages\/117","targetHints":{"allow":["GET"]}}],"collection":[{"href":"https:\/\/www.reindersweb.de\/index.php?rest_route=\/wp\/v2\/pages"}],"about":[{"href":"https:\/\/www.reindersweb.de\/index.php?rest_route=\/wp\/v2\/types\/page"}],"author":[{"embeddable":true,"href":"https:\/\/www.reindersweb.de\/index.php?rest_route=\/wp\/v2\/users\/1"}],"replies":[{"embeddable":true,"href":"https:\/\/www.reindersweb.de\/index.php?rest_route=%2Fwp%2Fv2%2Fcomments&post=117"}],"version-history":[{"count":0,"href":"https:\/\/www.reindersweb.de\/index.php?rest_route=\/wp\/v2\/pages\/117\/revisions"}],"wp:attachment":[{"href":"https:\/\/www.reindersweb.de\/index.php?rest_route=%2Fwp%2Fv2%2Fmedia&parent=117"}],"curies":[{"name":"wp","href":"https:\/\/api.w.org\/{rel}","templated":true}]}}