{"id":115,"date":"2025-02-01T13:39:48","date_gmt":"2025-02-01T12:39:48","guid":{"rendered":"https:\/\/reindersweb.de\/?page_id=115"},"modified":"2025-02-01T14:05:10","modified_gmt":"2025-02-01T13:05:10","slug":"displayport-was-ist-das","status":"publish","type":"page","link":"https:\/\/www.reindersweb.de\/?page_id=115","title":{"rendered":"Displayport &#8211; Was ist das ?"},"content":{"rendered":"<p><img decoding=\"async\" style=\"border:2px solid #ff0000;\" src=\"images\/displayport.png\"><br \/>\nGrob gesagt ist ein Displayport eine digitale Schnittstelle zur \u00dcbertragung von Video- und Audiosignalen. Der DisplayPort\u2122 ist ein durch die VESA (Video Electronics Standards Association) genormter, universeller Verbindungsstandard.<br \/>\nIm Gegensatz zum HDMI-Anschluss\/Kabel, welches haupts\u00e4chlich bei TV- und Multimediager\u00e4ten wie z.B. Beamern, Spielekonsolen, DVD- und Bluray-Playern eingesetzt wird, kommt der DisplayPort\u2122 vor allem in der Informationstechnologie, also bei PCs, Notebooks, Tablets und generell bei Monitoren, zum Einsatz.<\/p>\n<p>Es gibt verschiedene Versionen und Ausf\u00fchrungen des Displayports. Hier eine kurze \u00dcbersicht, welche Version welche Aufl\u00f6sung unterst\u00fctzt:<\/p>\n<ul>\nDP Version&nbsp;&nbsp;&nbsp;&nbsp;&nbsp;&nbsp;Maximale Aufl\u00f6sung<br \/>\nDisplayPort\u2122 1.1:&nbsp;&nbsp;&nbsp;&nbsp;&nbsp;&nbsp;3840 x 2160 @ 30 Hz und 2560 x 1600 @ 60 Hz<br \/>\nDisplayPort\u2122 1.2:&nbsp;&nbsp;&nbsp;&nbsp;&nbsp;&nbsp;3840 x 2160 @ 60 Hz<br \/>\nDisplayPort\u2122 1.3:&nbsp;&nbsp;&nbsp;&nbsp;&nbsp;&nbsp;5120 x 2880 @ 60 Hz und 7680 x 4320 @ 30 Hz<br \/>\nDisplayPort\u2122 1.4:&nbsp;&nbsp;&nbsp;&nbsp;&nbsp;&nbsp;7680 x 4320 @ 60 Hz \/ 10 Bit Chroma \/ HDR<br \/>\n&nbsp;&nbsp;&nbsp;&nbsp;&nbsp;&nbsp;&nbsp;&nbsp;&nbsp;&nbsp;&nbsp;&nbsp;&nbsp;&nbsp;&nbsp;&nbsp;&nbsp;&nbsp;&nbsp;&nbsp;&nbsp;&nbsp;&nbsp;&nbsp;&nbsp;&nbsp;&nbsp;&nbsp;&nbsp;&nbsp;&nbsp;&nbsp;&nbsp;&nbsp;&nbsp;&nbsp; und 3840 x 2160 @ 120 Hz \/ 10 Bit Chroma \/ HDR\n<\/ul>\n<p>Ein DisplayPort ist vor allem f\u00fcr Gamer interessant, da es das G-Sync von NVIDIA unterst\u00fctzt. Die Technologie gleicht die Leistung der Grafikkarte und des Monitor perfekt aneinander an, um Ruckler und \u00e4hnliches zu vermeiden. Das Gegenst\u00fcck von AMD namens Freesync funktioniert hingegen auch via HDMI. \u00dcber den DisplayPort kann man auch mehrere Monitore in Reihe schalten. Wenn man also mehr als einen Monitor anschlie\u00dfen m\u00f6chte und diese (jeweils) \u00fcber zwei Displayports verf\u00fcgen, musst nur einer davon an das jeweilige Ausgabeger\u00e4t angeschlossen werden. Die Monitore verbindest man einfach untereinander.<\/p>\n<p>Weiterer Pluspunkt: Der DisplayPort ist kompatibel zu anderen Anschlussformen wie VGA und USB-C. Das hei\u00dft, es lassen sich beispielsweise externe Grafikkarten mit DisplayPort \u00fcber einen entsprechenden Adapter auch an Monitore mit VGA- oder USB-C-Schnittstelle anschlie\u00dfen.<\/p>\n","protected":false},"excerpt":{"rendered":"<p>Grob gesagt ist ein Displayport eine digitale Schnittstelle zur \u00dcbertragung von Video- und Audiosignalen. Der DisplayPort\u2122 ist ein durch die VESA (Video Electronics Standards Association) genormter, universeller Verbindungsstandard. Im Gegensatz zum HDMI-Anschluss\/Kabel, welches haupts\u00e4chlich bei TV- und Multimediager\u00e4ten wie z.B. Beamern, Spielekonsolen, DVD- und Bluray-Playern eingesetzt wird, kommt der DisplayPort\u2122 vor allem in der Informationstechnologie, also bei PCs, Notebooks, Tablets und generell bei Monitoren, zum Einsatz. Es gibt verschiedene Versionen und Ausf\u00fchrungen des Displayports. Hier eine kurze \u00dcbersicht, welche Version welche Aufl\u00f6sung unterst\u00fctzt: DP Version&nbsp;&nbsp;&nbsp;&nbsp;&nbsp;&nbsp;Maximale Aufl\u00f6sung DisplayPort\u2122 1.1:&nbsp;&nbsp;&nbsp;&nbsp;&nbsp;&nbsp;3840 x 2160 @ 30 Hz und 2560 x 1600 @ 60 Hz DisplayPort\u2122 1.2:&nbsp;&nbsp;&nbsp;&nbsp;&nbsp;&nbsp;3840 x 2160 @ 60 Hz DisplayPort\u2122 1.3:&nbsp;&nbsp;&nbsp;&nbsp;&nbsp;&nbsp;5120 x 2880 @ 60 Hz und 7680 x 4320 @ 30 Hz DisplayPort\u2122 1.4:&nbsp;&nbsp;&nbsp;&nbsp;&nbsp;&nbsp;7680 x 4320 @ 60 Hz \/ 10 Bit Chroma \/ HDR &nbsp;&nbsp;&nbsp;&nbsp;&nbsp;&nbsp;&nbsp;&nbsp;&nbsp;&nbsp;&nbsp;&nbsp;&nbsp;&nbsp;&nbsp;&nbsp;&nbsp;&nbsp;&nbsp;&nbsp;&nbsp;&nbsp;&nbsp;&nbsp;&nbsp;&nbsp;&nbsp;&nbsp;&nbsp;&nbsp;&nbsp;&nbsp;&nbsp;&nbsp;&nbsp;&nbsp; und 3840 x 2160 @ 120 Hz \/ 10 Bit Chroma \/ HDR Ein DisplayPort ist vor allem f\u00fcr Gamer interessant, da es das G-Sync von NVIDIA unterst\u00fctzt. Die Technologie gleicht die Leistung der Grafikkarte und des Monitor perfekt aneinander an, um Ruckler und \u00e4hnliches zu vermeiden. Das Gegenst\u00fcck von AMD namens Freesync funktioniert hingegen auch via HDMI. \u00dcber den DisplayPort kann man auch mehrere [&hellip;]<\/p>\n","protected":false},"author":1,"featured_media":0,"parent":0,"menu_order":0,"comment_status":"closed","ping_status":"closed","template":"","meta":{"pgc_sgb_lightbox_settings":"","footnotes":""},"class_list":["post-115","page","type-page","status-publish","hentry"],"_links":{"self":[{"href":"https:\/\/www.reindersweb.de\/index.php?rest_route=\/wp\/v2\/pages\/115","targetHints":{"allow":["GET"]}}],"collection":[{"href":"https:\/\/www.reindersweb.de\/index.php?rest_route=\/wp\/v2\/pages"}],"about":[{"href":"https:\/\/www.reindersweb.de\/index.php?rest_route=\/wp\/v2\/types\/page"}],"author":[{"embeddable":true,"href":"https:\/\/www.reindersweb.de\/index.php?rest_route=\/wp\/v2\/users\/1"}],"replies":[{"embeddable":true,"href":"https:\/\/www.reindersweb.de\/index.php?rest_route=%2Fwp%2Fv2%2Fcomments&post=115"}],"version-history":[{"count":0,"href":"https:\/\/www.reindersweb.de\/index.php?rest_route=\/wp\/v2\/pages\/115\/revisions"}],"wp:attachment":[{"href":"https:\/\/www.reindersweb.de\/index.php?rest_route=%2Fwp%2Fv2%2Fmedia&parent=115"}],"curies":[{"name":"wp","href":"https:\/\/api.w.org\/{rel}","templated":true}]}}