{"id":113,"date":"2025-02-01T13:37:37","date_gmt":"2025-02-01T12:37:37","guid":{"rendered":"https:\/\/reindersweb.de\/?page_id=113"},"modified":"2025-02-01T13:37:37","modified_gmt":"2025-02-01T12:37:37","slug":"ddr-ram-was-ist-das","status":"publish","type":"page","link":"https:\/\/www.reindersweb.de\/?page_id=113","title":{"rendered":"DDR-Ram &#8211; Was ist das ?"},"content":{"rendered":"<p><img decoding=\"async\" style=\"border:2px solid #8A0829;\" src=\"images\/ddr_ram.png\"><br \/>\nDDR-SDRAM (Double Data Rate Synchronous Dynamic Random Access Memory &#8211; oft auch einfach nur als DDR-RAM bezeichnet) ist ein Typ von Random-Access Memory (RAM). Das heisst, ein spezieller Halbleiterspeicher, den es aktuell (Stand 2019) in f\u00fcnf Varianten gibt. Verwendet werden diese meist f\u00fcr Speichermodule des DIMM- und SO-DIMM-Standards und als Arbeitsspeicher in PCs und Laptops\/Notebooks. F\u00fcr mobile Ger\u00e4te gibt es eine eigene Spezifikation (Low Power SDRAM), ebenso f\u00fcr Graphikspeicher.<br \/>\n<br \/>\n<img decoding=\"async\" style=\"border:2px solid #8A0829;\" src=\"images\/ddr_ram_arten.png\"><br \/>\nGegen Mitte des Jahres 1999 setzte die Computerindustrie auf die Weiterentwicklung von SDRAM in Form der DDR-Speichertechnik. Dies resultierte daraus, dass die von Intel unterst\u00fctzte Direct-Rambus-DRAM-Technik (RDRAM) durch einen Fehler im i820-Chipsatz Probleme bekam und durch den Pentium-III-FSB ihre Leistungsf\u00e4higkeit trotz recht hoher Preise nicht ausspielen konnte.<br \/>\nErste Speicherchips sowie Mainboards mit Unterst\u00fctzung f\u00fcr DDR-SDRAM kamen schlie\u00dflich gegen Ende des Jahres 1999 auf den Markt. Diese konnten sich jedoch auf dem europ\u00e4ischen Endverbrauchermarkt erst Anfang 2002 durchsetzen.<br \/>\n<br \/>\nMehr Informationen und Details, sowie Spezifikationen findet Ihr auf <a href=\"https:\/\/de.wikipedia.org\/wiki\/DDR-SDRAM\" rel=\"noopener\" target=\"_blank\">Wikipedia<\/a><\/p>\n","protected":false},"excerpt":{"rendered":"<p>DDR-SDRAM (Double Data Rate Synchronous Dynamic Random Access Memory &#8211; oft auch einfach nur als DDR-RAM bezeichnet) ist ein Typ von Random-Access Memory (RAM). Das heisst, ein spezieller Halbleiterspeicher, den es aktuell (Stand 2019) in f\u00fcnf Varianten gibt. Verwendet werden diese meist f\u00fcr Speichermodule des DIMM- und SO-DIMM-Standards und als Arbeitsspeicher in PCs und Laptops\/Notebooks. F\u00fcr mobile Ger\u00e4te gibt es eine eigene Spezifikation (Low Power SDRAM), ebenso f\u00fcr Graphikspeicher. Gegen Mitte des Jahres 1999 setzte die Computerindustrie auf die Weiterentwicklung von SDRAM in Form der DDR-Speichertechnik. Dies resultierte daraus, dass die von Intel unterst\u00fctzte Direct-Rambus-DRAM-Technik (RDRAM) durch einen Fehler im i820-Chipsatz Probleme bekam und durch den Pentium-III-FSB ihre Leistungsf\u00e4higkeit trotz recht hoher Preise nicht ausspielen konnte. Erste Speicherchips sowie Mainboards mit Unterst\u00fctzung f\u00fcr DDR-SDRAM kamen schlie\u00dflich gegen Ende des Jahres 1999 auf den Markt. Diese konnten sich jedoch auf dem europ\u00e4ischen Endverbrauchermarkt erst Anfang 2002 durchsetzen. Mehr Informationen und Details, sowie Spezifikationen findet Ihr auf Wikipedia<\/p>\n","protected":false},"author":1,"featured_media":0,"parent":0,"menu_order":0,"comment_status":"closed","ping_status":"closed","template":"","meta":{"pgc_sgb_lightbox_settings":"","footnotes":""},"class_list":["post-113","page","type-page","status-publish","hentry"],"_links":{"self":[{"href":"https:\/\/www.reindersweb.de\/index.php?rest_route=\/wp\/v2\/pages\/113","targetHints":{"allow":["GET"]}}],"collection":[{"href":"https:\/\/www.reindersweb.de\/index.php?rest_route=\/wp\/v2\/pages"}],"about":[{"href":"https:\/\/www.reindersweb.de\/index.php?rest_route=\/wp\/v2\/types\/page"}],"author":[{"embeddable":true,"href":"https:\/\/www.reindersweb.de\/index.php?rest_route=\/wp\/v2\/users\/1"}],"replies":[{"embeddable":true,"href":"https:\/\/www.reindersweb.de\/index.php?rest_route=%2Fwp%2Fv2%2Fcomments&post=113"}],"version-history":[{"count":0,"href":"https:\/\/www.reindersweb.de\/index.php?rest_route=\/wp\/v2\/pages\/113\/revisions"}],"wp:attachment":[{"href":"https:\/\/www.reindersweb.de\/index.php?rest_route=%2Fwp%2Fv2%2Fmedia&parent=113"}],"curies":[{"name":"wp","href":"https:\/\/api.w.org\/{rel}","templated":true}]}}