{"id":102,"date":"2025-02-01T11:08:48","date_gmt":"2025-02-01T10:08:48","guid":{"rendered":"https:\/\/reindersweb.de\/?page_id=102"},"modified":"2025-02-01T11:08:48","modified_gmt":"2025-02-01T10:08:48","slug":"festplatte-aufteilen-hilft-gegen-totalen-datenverlust","status":"publish","type":"page","link":"https:\/\/www.reindersweb.de\/?page_id=102","title":{"rendered":"Festplatte aufteilen hilft gegen totalen Datenverlust"},"content":{"rendered":"<p>1. Welche Gr\u00f6\u00dfe sollte meine Festplatte haben ?<br \/>\nDie Gr\u00f6\u00dfe einer Festplatte sollte dem jeweiligen Nutzen des PC&#8217;s angepasst sein.<br \/>\nWer nur Windows und ein paar kleine Programme installieren m\u00f6chte, wird mit einer<br \/>\nFestplattengr\u00f6\u00dfe von 250-500 Gigabyte (GB) gut bedient sein.<br \/>\nWird der PC jedoch schon f\u00fcr gr\u00f6\u00dfere Zwecke genutzt (Fotomanagement, Filesharing<br \/>\noder andere aufwendige Dinge), so ist anzuraten, eine Festplatte nicht unter 1 TerraByte (TB)<br \/>\nzu verwenden.<\/p>\n<p>2. Gen\u00fcgt es, nur C: als einzige Partition zu haben ?<br \/>\nBei Verwendung unwichtiger kleiner Programme (ohne Dateimanagment) gen\u00fcgt dies<br \/>\nvollkommen. Jedoch wird es notwendig, eine Aufteilung der Festplatte in Betracht<br \/>\nzu ziehen, wenn der PC bsw. f\u00fcr die Archivierung von Fotos, MP3&#8217;s, Videos oder anderen sensiblen<br \/>\nDaten verwendet wird, die man nicht verlieren m\u00f6chte.<\/p>\n<div class=\"wrapper-box\" >\n<div class=\"box box-1_of_1\" >\n<a href=\"images\/partitionierung.png\" data-lightbox=\"partitionierung\" data-title=\"Festplattenpartitionierung\"><img decoding=\"async\" style=\"border:2px solid #8A0829;\" src=\"images\/partitionierung.png\" width=\"500\"><\/a><\/p>\n<\/div>\n<\/div>\n<p><i class=\"fas fa-caret-up\">&nbsp;<\/i>Abb 2.: Windows 10 Partitionierung der HDD und SSD<\/p>\n<p>\nIn oben gezeigten Falle ist eine SDD mit 2TB und eine HDD mit 4TB im PC verbaut.<\/p>\n<p>3. Mit welcher Software teile (partitioniere) ich meine Festplatte auf ?<br \/>\nAm besten geeignet ist hierf\u00fcr die Software <font color=\"#ff0000\">Easeus Partition Master Pro<\/font> (<a href=\"https:\/\/www.easeus.de\/partition-manager\/partition-master.html\" target=\"_blank\" onclick=\"if(this.blur) this.blur()\">https:\/\/www.easeus.de\/partition-manager\/partition-master.html<\/A>), welche man derzeit f\u00fcr knapp 60 Euro mit lebenslanger Liznenz erwerben kann.<br \/>\nF\u00fcr die Verwendung dieser Art von Software sollten allerdings schon gehobenere Computerkenntnisse vorhanden sein.<\/p>\n<p>4. Wieviele Partitionen sollte ich erstellen ?<BR><br \/>\nHier ein kleines Beispiel f\u00fcr eine 250 GB Festplatte (bspw. eine SSD):<BR><br \/>\nc: 120 GB (System) &#8211; u.d.P. das Windows Update und die Systemwiederherstellung aktiviert ist &#8211;<BR><br \/>\nd: 130 GB (Daten)<BR><br \/>\n<br \/>\n5. Auf welcher Partition sollte ich meine Programme installieren ?<BR><br \/>\nNormale Programme (Dateiarchivierung, Dateimanagament etc.) die per Installationsscript installiert werden, kann man sofort mit auf der Windows-Partition<br \/>\ninstallieren. Spiele hingegen, sind heutzutage sehr Umfangreich (von der Datenmenge her). Ssolche sollte man dann am Besten sofort auf einer Zweitpartition installieren.<br \/>\nOft gibt es auch Spiele, f\u00fcr die man sogenannte Modifikationen verwenden kann. Solche k\u00f6nnen dann die Datenmengen zum Teil exponential erh\u00f6hen.<br \/>\nFotos (Grafik im Allgemeinen), Musik und Videos, die man nicht verlieren m\u00f6chte, lagert man lieber auf weiteren Partitionen, bzw. auf externen Datentr\u00e4gern (ob HDD, SSD oder USB-Stick) entsprechenden Fassungsverm\u00f6gens.<br \/>\nJe nach Datenmenge kann man dazu gerne auch gesonderte Partitionen verwenden.<br \/>\nDamit ist sichergestellt, dass bei einem Defekt der Windows-Partition ein vollst\u00e4ndiger Datenverlust umgangen werden kann.<\/p>\n<p>6. Wo lagere ich die Bilder aus meiner Digitalkamera ?<br \/>\nAuch hier ist es zu empfehlen, diese Bilder <u>nicht<\/u> auf der Windows-Partition zu lagern.<br \/>\nAusgehend vom unter Punkt 4 genannten Beispiel w\u00e4re dies eine Partition, die man sich f\u00fcr die Lagerung von Grafiken anlegt.<br \/>\nDenn bei einem Defekt der Windows-Partition m\u00fcsste diese Partition nicht mitformatiert werden und bliebe somit erhalten.<br \/>\nDies gilt auch f\u00fcr andere sensibele Daten, etwa Dateien, die Sie mit MS Word, MS Excel oder MS Powerpoint<br \/>\nangelegt haben. Auch andere, ihnen wichtige Dokumente sollten Sie dringend auf einer anderen Partition lagern.<\/p>\n<p>M\u00f6glich w\u00e4re hierf\u00fcr auch die Auslagerung auf ein externes Laufwerk, wie einen USB-Stick oder eine SSD\/HDD, die man in einer<br \/>\nsogenannten Dockingstation betreibt.<\/p>\n<p>&copy; 07.02.2010 Ulli Reinders<br \/>\nge\u00e4ndert 13.10.2021 Ulli Reinders<\/p>\n","protected":false},"excerpt":{"rendered":"<p>1. Welche Gr\u00f6\u00dfe sollte meine Festplatte haben ? Die Gr\u00f6\u00dfe einer Festplatte sollte dem jeweiligen Nutzen des PC&#8217;s angepasst sein. Wer nur Windows und ein paar kleine Programme installieren m\u00f6chte, wird mit einer Festplattengr\u00f6\u00dfe von 250-500 Gigabyte (GB) gut bedient sein. Wird der PC jedoch schon f\u00fcr gr\u00f6\u00dfere Zwecke genutzt (Fotomanagement, Filesharing oder andere aufwendige Dinge), so ist anzuraten, eine Festplatte nicht unter 1 TerraByte (TB) zu verwenden. 2. Gen\u00fcgt es, nur C: als einzige Partition zu haben ? Bei Verwendung unwichtiger kleiner Programme (ohne Dateimanagment) gen\u00fcgt dies vollkommen. Jedoch wird es notwendig, eine Aufteilung der Festplatte in Betracht zu ziehen, wenn der PC bsw. f\u00fcr die Archivierung von Fotos, MP3&#8217;s, Videos oder anderen sensiblen Daten verwendet wird, die man nicht verlieren m\u00f6chte. &nbsp;Abb 2.: Windows 10 Partitionierung der HDD und SSD In oben gezeigten Falle ist eine SDD mit 2TB und eine HDD mit 4TB im PC verbaut. 3. Mit welcher Software teile (partitioniere) ich meine Festplatte auf ? Am besten geeignet ist hierf\u00fcr die Software Easeus Partition Master Pro (https:\/\/www.easeus.de\/partition-manager\/partition-master.html), welche man derzeit f\u00fcr knapp 60 Euro mit lebenslanger Liznenz erwerben kann. F\u00fcr die Verwendung dieser Art von Software sollten allerdings schon gehobenere Computerkenntnisse vorhanden sein. 4. Wieviele [&hellip;]<\/p>\n","protected":false},"author":1,"featured_media":0,"parent":0,"menu_order":0,"comment_status":"closed","ping_status":"closed","template":"","meta":{"pgc_sgb_lightbox_settings":"","footnotes":""},"class_list":["post-102","page","type-page","status-publish","hentry"],"_links":{"self":[{"href":"https:\/\/www.reindersweb.de\/index.php?rest_route=\/wp\/v2\/pages\/102","targetHints":{"allow":["GET"]}}],"collection":[{"href":"https:\/\/www.reindersweb.de\/index.php?rest_route=\/wp\/v2\/pages"}],"about":[{"href":"https:\/\/www.reindersweb.de\/index.php?rest_route=\/wp\/v2\/types\/page"}],"author":[{"embeddable":true,"href":"https:\/\/www.reindersweb.de\/index.php?rest_route=\/wp\/v2\/users\/1"}],"replies":[{"embeddable":true,"href":"https:\/\/www.reindersweb.de\/index.php?rest_route=%2Fwp%2Fv2%2Fcomments&post=102"}],"version-history":[{"count":0,"href":"https:\/\/www.reindersweb.de\/index.php?rest_route=\/wp\/v2\/pages\/102\/revisions"}],"wp:attachment":[{"href":"https:\/\/www.reindersweb.de\/index.php?rest_route=%2Fwp%2Fv2%2Fmedia&parent=102"}],"curies":[{"name":"wp","href":"https:\/\/api.w.org\/{rel}","templated":true}]}}